{"id":14704,"date":"2022-10-19T13:50:17","date_gmt":"2022-10-19T16:50:17","guid":{"rendered":"https:\/\/sisperdesign.com\/sisperstore\/?page_id=14704"},"modified":"2024-01-24T13:17:01","modified_gmt":"2024-01-24T16:17:01","slug":"onde-comprar","status":"publish","type":"page","link":"https:\/\/sisperdesign.com\/sisperstore\/sisperdesign\/onde-comprar\/","title":{"rendered":"Onde Comprar?"},"content":{"rendered":"\n<p>Al\u00e9m da Loja Online voc\u00ea pode encontrar produtos <a href=\"https:\/\/sisperdesign.com\/sisperstore\/\"><strong>SisperDesign<\/strong> <\/a>em <strong>lojas f\u00edsicas!<\/strong><\/p>\n\n\n\n<p>Confere l\u00e1!<\/p>\n\n\n\n<ul class=\"wp-block-list\">\n<li><strong><a href=\"https:\/\/www.instagram.com\/armazemcolab\/\" target=\"_blank\" rel=\"noreferrer noopener\">Armaz\u00e8m Colab<\/a> (Bairro Moinhos de Vento &#8211; POA)<\/strong><\/li>\n\n\n\n<li><strong><a href=\"https:\/\/livrariacirkula.com.br\/\" target=\"_blank\" rel=\"noreferrer noopener\">Livraria Cirkula<\/a>&nbsp; (Bairro Bom Fim &#8211; POA)&nbsp;<\/strong><\/li>\n\n\n\n<li><strong><a href=\"https:\/\/www.instagram.com\/passeiodascores\/\" target=\"_blank\" rel=\"noopener\">Passeio das CORES<\/a> (Canela &#8211; Rio Grande do Sul)<\/strong><\/li>\n<\/ul>\n\n\n\n<p>Em d\u00favida?<\/p>\n\n\n\n<p>Fale com a gente!<\/p>\n\n\n\n<p><strong><a href=\"mailto:email@sisperdesign.com\" target=\"_blank\" rel=\"noreferrer noopener\">email@sisperdesign.com<\/a><\/strong><\/p>\n\n\n\n<p>Whatsapp (SAC): (<strong>51<\/strong>) <strong>99392.3899<\/strong><\/p>\n\n\n\n<p>Redes Sociais: <strong>@sisperdesign<\/strong><\/p>\n","protected":false},"excerpt":{"rendered":"<p>Al\u00e9m da Loja Online voc\u00ea pode encontrar produtos SisperDesign em lojas f\u00edsicas! Confere l\u00e1! Em d\u00favida? Fale com a gente! email@sisperdesign.com Whatsapp (SAC): (51) 99392.3899 Redes Sociais: @sisperdesign<\/p>\n","protected":false},"author":1,"featured_media":0,"parent":183,"menu_order":0,"comment_status":"closed","ping_status":"closed","template":"","meta":{"jetpack_post_was_ever_published":false,"footnotes":""},"class_list":["post-14704","page","type-page","status-publish"],"jetpack-related-posts":[],"jetpack_likes_enabled":true,"jetpack_sharing_enabled":true,"_links":{"self":[{"href":"https:\/\/sisperdesign.com\/sisperstore\/wp-json\/wp\/v2\/pages\/14704","targetHints":{"allow":["GET"]}}],"collection":[{"href":"https:\/\/sisperdesign.com\/sisperstore\/wp-json\/wp\/v2\/pages"}],"about":[{"href":"https:\/\/sisperdesign.com\/sisperstore\/wp-json\/wp\/v2\/types\/page"}],"author":[{"embeddable":true,"href":"https:\/\/sisperdesign.com\/sisperstore\/wp-json\/wp\/v2\/users\/1"}],"replies":[{"embeddable":true,"href":"https:\/\/sisperdesign.com\/sisperstore\/wp-json\/wp\/v2\/comments?post=14704"}],"version-history":[{"count":9,"href":"https:\/\/sisperdesign.com\/sisperstore\/wp-json\/wp\/v2\/pages\/14704\/revisions"}],"predecessor-version":[{"id":15548,"href":"https:\/\/sisperdesign.com\/sisperstore\/wp-json\/wp\/v2\/pages\/14704\/revisions\/15548"}],"up":[{"embeddable":true,"href":"https:\/\/sisperdesign.com\/sisperstore\/wp-json\/wp\/v2\/pages\/183"}],"wp:attachment":[{"href":"https:\/\/sisperdesign.com\/sisperstore\/wp-json\/wp\/v2\/media?parent=14704"}],"curies":[{"name":"wp","href":"https:\/\/api.w.org\/{rel}","templated":true}]}}