{"id":188,"date":"2017-07-15T14:19:17","date_gmt":"2017-07-15T14:19:17","guid":{"rendered":"https:\/\/sisperdesign.com\/sisperstore\/?page_id=188"},"modified":"2025-07-14T20:04:45","modified_gmt":"2025-07-14T23:04:45","slug":"quem-somos","status":"publish","type":"page","link":"https:\/\/sisperdesign.com\/sisperstore\/sisperdesign\/quem-somos\/","title":{"rendered":"Quem somos?"},"content":{"rendered":"\n<p>Quem somos?<\/p>\n\n\n\n<p>Somos orgulhosos fornecedores de presentes, brinquedos, novidades, jogos, quebra-cabe\u00e7as e acess\u00f3rios para casa e jardim.<\/p>\n\n\n\n<p>A <a href=\"http:\/\/www.sisperdesign.com\"><strong>SisperDesign\u00ae<\/strong><\/a>&nbsp;viaja no tempo para criar produtos inspirados em brinquedos, jogos, brincadeiras e acess\u00f3rios de \u00e9pocas passadas, desde a gera\u00e7\u00e3o de nossos pais, av\u00f3s e bisav\u00f3s&#8230; E tudo isso \u00e9 feito com muito respeito ao meio ambiente.<\/p>\n\n\n\n<p>Nossa fabrica\u00e7\u00e3o \u00e9 movida pela energia solar, uma fonte limpa e renov\u00e1vel, que nos permite operar de maneira consciente e ecologicamente respons\u00e1vel. Atrav\u00e9s do aproveitamento dessa energia abundante e n\u00e3o poluente, buscamos minimizar nossa pegada de carbono e contribuir para um futuro mais sustent\u00e1vel.<\/p>\n\n\n\n<p>Nossos produtos exclusivos levam a assinatura da designer e CEO <strong><a href=\"http:\/\/lattes.cnpq.br\/2463288129514762\" target=\"_blank\" rel=\"noopener\">Simone L. Sperhacke<\/a><\/strong>. Cada cria\u00e7\u00e3o \u00e9 produzida com carinho no Brasil, utilizando impress\u00e3o 3D e somente PLA (poli\u00e1cido l\u00e1ctico &#8211; um pl\u00e1stico biodegrad\u00e1vel, ecol\u00f3gico e livre de petr\u00f3leo!).<\/p>\n\n\n\n<p><a href=\"https:\/\/sisperdesign.com\/sisperstore\/\"><strong>SisperDesign\u00ae<\/strong><\/a>: sua fonte de entretenimento, educa\u00e7\u00e3o, divers\u00e3o e encanto.<\/p>\n\n\n\n<p>Brinquedos com design.<\/p>\n\n\n\n<p>Entre em <strong><a href=\"https:\/\/sisperdesign.com\/sisperstore\/contato\/\">contato <\/a><a href=\"https:\/\/sisperdesign.com\/sisperstore\/contato\/\">conosco<\/a> <\/strong>e&nbsp;descubra um mundo divertido onde:&nbsp;Brincando a gente cresce!<\/p>\n\n\n\n<figure class=\"wp-block-image\"><a href=\"https:\/\/sisperdesign.com\/sisperstore\/\"><img decoding=\"async\" width=\"300\" height=\"142\" src=\"https:\/\/sisperdesign.com\/sisperstore\/wp-content\/uploads\/2021\/01\/logo_giz-300x142.jpg\" alt=\"\" class=\"wp-image-13847\" srcset=\"https:\/\/sisperdesign.com\/sisperstore\/wp-content\/uploads\/2021\/01\/logo_giz-300x142.jpg 300w, https:\/\/sisperdesign.com\/sisperstore\/wp-content\/uploads\/2021\/01\/logo_giz-600x284.jpg 600w, https:\/\/sisperdesign.com\/sisperstore\/wp-content\/uploads\/2021\/01\/logo_giz.jpg 675w\" sizes=\"(max-width: 300px) 100vw, 300px\" \/><\/a><\/figure>\n\n\n\n<p><\/p>\n\n\n\n<p><strong>Conhe\u00e7a tamb\u00e9m outros produtos e servi\u00e7os no&nbsp;<a title=\"Sisper Portfolio\" href=\"https:\/\/sisperdesign.com\/sisperstore\/sisperdesign\/portfolio\/\">Portfolio Sisper<\/a>.<\/strong><\/p>\n\n\n\n<p>&nbsp;Brincando a gente cresce<br>+55 51 99392.3899 (somente Whatsapp)<br><strong><a href=\"https:\/\/sisperdesign.com\/sisperstore\/produtos\/\" data-type=\"page\" data-id=\"16319\">www.SisperDesign.com<\/a><\/strong><\/p>\n\n\n\n<p><a href=\"mailto:email@sisperdesign.com\">email@sisperdesign.com<\/a><\/p>\n\n\n\n<p><\/p>\n","protected":false},"excerpt":{"rendered":"<p>Quem somos? Somos orgulhosos fornecedores de presentes, brinquedos, novidades, jogos, quebra-cabe\u00e7as e acess\u00f3rios para casa e jardim. A SisperDesign\u00ae&nbsp;viaja no tempo para criar produtos inspirados em brinquedos, jogos, brincadeiras e acess\u00f3rios de \u00e9pocas passadas, desde a gera\u00e7\u00e3o de nossos pais, av\u00f3s e bisav\u00f3s&#8230; E tudo isso \u00e9 feito com muito respeito ao meio ambiente. Nossa &#8230; <a title=\"Quem somos?\" class=\"read-more\" href=\"https:\/\/sisperdesign.com\/sisperstore\/sisperdesign\/quem-somos\/\" aria-label=\"Read more about Quem somos?\">Ler mais<\/a><\/p>\n","protected":false},"author":1,"featured_media":0,"parent":183,"menu_order":0,"comment_status":"closed","ping_status":"closed","template":"","meta":{"jetpack_post_was_ever_published":false,"footnotes":""},"class_list":["post-188","page","type-page","status-publish"],"jetpack-related-posts":[],"jetpack_likes_enabled":true,"jetpack_sharing_enabled":true,"_links":{"self":[{"href":"https:\/\/sisperdesign.com\/sisperstore\/wp-json\/wp\/v2\/pages\/188","targetHints":{"allow":["GET"]}}],"collection":[{"href":"https:\/\/sisperdesign.com\/sisperstore\/wp-json\/wp\/v2\/pages"}],"about":[{"href":"https:\/\/sisperdesign.com\/sisperstore\/wp-json\/wp\/v2\/types\/page"}],"author":[{"embeddable":true,"href":"https:\/\/sisperdesign.com\/sisperstore\/wp-json\/wp\/v2\/users\/1"}],"replies":[{"embeddable":true,"href":"https:\/\/sisperdesign.com\/sisperstore\/wp-json\/wp\/v2\/comments?post=188"}],"version-history":[{"count":27,"href":"https:\/\/sisperdesign.com\/sisperstore\/wp-json\/wp\/v2\/pages\/188\/revisions"}],"predecessor-version":[{"id":18888,"href":"https:\/\/sisperdesign.com\/sisperstore\/wp-json\/wp\/v2\/pages\/188\/revisions\/18888"}],"up":[{"embeddable":true,"href":"https:\/\/sisperdesign.com\/sisperstore\/wp-json\/wp\/v2\/pages\/183"}],"wp:attachment":[{"href":"https:\/\/sisperdesign.com\/sisperstore\/wp-json\/wp\/v2\/media?parent=188"}],"curies":[{"name":"wp","href":"https:\/\/api.w.org\/{rel}","templated":true}]}}