{"id":20302,"date":"2026-01-25T10:51:01","date_gmt":"2026-01-25T13:51:01","guid":{"rendered":"https:\/\/sisperdesign.com\/sisperstore\/?page_id=20302"},"modified":"2026-04-25T17:05:48","modified_gmt":"2026-04-25T20:05:48","slug":"design-para-brincar-criar-imaginar-e-encantar","status":"publish","type":"page","link":"https:\/\/sisperdesign.com\/sisperstore\/","title":{"rendered":"Design para brincar, criar, imaginar e encantar."},"content":{"rendered":"\n\n<div class=\"woocommerce columns-4 \"><ul class=\"products columns-4\">\n<li class=\"product type-product post-13440 status-publish first instock product_cat-jogos product_cat-produtos product_tag-divertido product_tag-educacao product_tag-jardim product_tag-joaninha product_tag-jogo product_tag-jogo-da-velha product_tag-jogo-de-tabuleiro product_tag-matematica product_tag-sisperdesign product_tag-sisperdivertido has-post-thumbnail featured shipping-taxable purchasable product-type-simple\">\n\t<a href=\"https:\/\/sisperdesign.com\/sisperstore\/produto\/jogo-da-velha-joana\/\" class=\"woocommerce-LoopProduct-link woocommerce-loop-product__link\"><img decoding=\"async\" width=\"300\" height=\"300\" data-src=\"https:\/\/sisperdesign.com\/sisperstore\/wp-content\/uploads\/2026\/05\/jogo-da-velha-joaninha-sisperdesign-300x300.jpg\" class=\"attachment-woocommerce_thumbnail size-woocommerce_thumbnail lazyload\" alt=\"Close lateral em \u00e2ngulo do jogo da velha Joana, mostrando o relevo e a textura das pe\u00e7as de joaninha e trevo no tabuleiro.\" data-srcset=\"https:\/\/sisperdesign.com\/sisperstore\/wp-content\/uploads\/2026\/05\/jogo-da-velha-joaninha-sisperdesign-300x300.jpg 300w, https:\/\/sisperdesign.com\/sisperstore\/wp-content\/uploads\/2026\/05\/jogo-da-velha-joaninha-sisperdesign-150x150.jpg 150w, https:\/\/sisperdesign.com\/sisperstore\/wp-content\/uploads\/2026\/05\/jogo-da-velha-joaninha-sisperdesign-768x768.jpg 768w, https:\/\/sisperdesign.com\/sisperstore\/wp-content\/uploads\/2026\/05\/jogo-da-velha-joaninha-sisperdesign-600x600.jpg 600w, https:\/\/sisperdesign.com\/sisperstore\/wp-content\/uploads\/2026\/05\/jogo-da-velha-joaninha-sisperdesign-100x100.jpg 100w, https:\/\/sisperdesign.com\/sisperstore\/wp-content\/uploads\/2026\/05\/jogo-da-velha-joaninha-sisperdesign.jpg 804w\" data-sizes=\"(max-width: 300px) 100vw, 300px\" src=\"data:image\/svg+xml;base64,PHN2ZyB3aWR0aD0iMSIgaGVpZ2h0PSIxIiB4bWxucz0iaHR0cDovL3d3dy53My5vcmcvMjAwMC9zdmciPjwvc3ZnPg==\" style=\"--smush-placeholder-width: 300px; --smush-placeholder-aspect-ratio: 300\/300;\" \/><h2 class=\"woocommerce-loop-product__title\">Jogo da Velha Joana<\/h2>\n\t<span class=\"price\"><span class=\"woocommerce-Price-amount amount\"><bdi><span class=\"woocommerce-Price-currencySymbol\">&#82;&#36;<\/span>&nbsp;45,00<\/bdi><\/span><\/span>\n<\/a><a href=\"\/sisperstore\/wp-json\/wp\/v2\/pages\/20302?add-to-cart=13440\" aria-describedby=\"woocommerce_loop_add_to_cart_link_describedby_13440\" data-quantity=\"1\" class=\"button product_type_simple add_to_cart_button ajax_add_to_cart\" data-product_id=\"13440\" data-product_sku=\"SI-3D-JOG-VEL-JOA-UNI\" aria-label=\"Adicione ao carrinho: &ldquo;Jogo da Velha Joana&rdquo;\" rel=\"nofollow\" data-success_message=\"\u201cJogo da Velha Joana\u201d foi adicionado ao seu carrinho\" role=\"button\">Eu quero!<\/a>\t<span id=\"woocommerce_loop_add_to_cart_link_describedby_13440\" class=\"screen-reader-text\">\n\t\t\t<\/span>\n<\/li>\n<li class=\"product type-product post-15384 status-publish instock product_cat-610 product_cat-brinquedos product_cat-educativos product_cat-decor product_cat-jogos product_cat-produtos product_tag-alice product_tag-alice-no-pais-da-maravilhas product_tag-equilibrio product_tag-jogo-de-equilibrio product_tag-psicomotricidade has-post-thumbnail featured shipping-taxable purchasable product-type-simple\">\n\t<a href=\"https:\/\/sisperdesign.com\/sisperstore\/produto\/alice\/\" class=\"woocommerce-LoopProduct-link woocommerce-loop-product__link\"><img decoding=\"async\" width=\"300\" height=\"300\" data-src=\"https:\/\/sisperdesign.com\/sisperstore\/wp-content\/uploads\/2023\/09\/alice6-300x300.jpg\" class=\"attachment-woocommerce_thumbnail size-woocommerce_thumbnail lazyload\" alt=\"Jogo de equil\u00edbrio da Alice\" data-srcset=\"https:\/\/sisperdesign.com\/sisperstore\/wp-content\/uploads\/2023\/09\/alice6-300x300.jpg 300w, https:\/\/sisperdesign.com\/sisperstore\/wp-content\/uploads\/2023\/09\/alice6-150x150.jpg 150w, https:\/\/sisperdesign.com\/sisperstore\/wp-content\/uploads\/2023\/09\/alice6-600x600.jpg 600w, https:\/\/sisperdesign.com\/sisperstore\/wp-content\/uploads\/2023\/09\/alice6-100x100.jpg 100w, https:\/\/sisperdesign.com\/sisperstore\/wp-content\/uploads\/2023\/09\/alice6.jpg 652w\" data-sizes=\"(max-width: 300px) 100vw, 300px\" src=\"data:image\/svg+xml;base64,PHN2ZyB3aWR0aD0iMSIgaGVpZ2h0PSIxIiB4bWxucz0iaHR0cDovL3d3dy53My5vcmcvMjAwMC9zdmciPjwvc3ZnPg==\" style=\"--smush-placeholder-width: 300px; --smush-placeholder-aspect-ratio: 300\/300;\" \/><h2 class=\"woocommerce-loop-product__title\">Jogo de equil\u00edbrio da Alice<\/h2>\n\t<span class=\"price\"><span class=\"woocommerce-Price-amount amount\"><bdi><span class=\"woocommerce-Price-currencySymbol\">&#82;&#36;<\/span>&nbsp;88,00<\/bdi><\/span><\/span>\n<\/a><a href=\"\/sisperstore\/wp-json\/wp\/v2\/pages\/20302?add-to-cart=15384\" aria-describedby=\"woocommerce_loop_add_to_cart_link_describedby_15384\" data-quantity=\"1\" class=\"button product_type_simple add_to_cart_button ajax_add_to_cart\" data-product_id=\"15384\" data-product_sku=\"ALICE-SI-3D-BRI-MAL-Q16-COL\" aria-label=\"Adicione ao carrinho: &ldquo;Jogo de equil\u00edbrio da Alice&rdquo;\" rel=\"nofollow\" data-success_message=\"\u201cJogo de equil\u00edbrio da Alice\u201d foi adicionado ao seu carrinho\" role=\"button\">Eu quero!<\/a>\t<span id=\"woocommerce_loop_add_to_cart_link_describedby_15384\" class=\"screen-reader-text\">\n\t\t\t<\/span>\n<\/li>\n<li class=\"product type-product post-14510 status-publish instock product_cat-acessorios product_cat-poa product_cat-decor product_cat-produtos product_tag-arquitetura product_tag-paco-muincipal product_tag-poa product_tag-poa-250 product_tag-porto-alegre product_tag-prefeitura has-post-thumbnail featured shipping-taxable purchasable product-type-simple\">\n\t<a href=\"https:\/\/sisperdesign.com\/sisperstore\/produto\/paco-municipal-prefeitura\/\" class=\"woocommerce-LoopProduct-link woocommerce-loop-product__link\"><img decoding=\"async\" width=\"300\" height=\"300\" data-src=\"https:\/\/sisperdesign.com\/sisperstore\/wp-content\/uploads\/2022\/03\/paco_municipal_poa-300x300.jpeg\" class=\"attachment-woocommerce_thumbnail size-woocommerce_thumbnail lazyload\" alt=\"Pa\u00e7o Municipal (Antiga Prefeitura de Porto Alegre)\" data-srcset=\"https:\/\/sisperdesign.com\/sisperstore\/wp-content\/uploads\/2022\/03\/paco_municipal_poa-300x300.jpeg 300w, https:\/\/sisperdesign.com\/sisperstore\/wp-content\/uploads\/2022\/03\/paco_municipal_poa-1024x1024.jpeg 1024w, https:\/\/sisperdesign.com\/sisperstore\/wp-content\/uploads\/2022\/03\/paco_municipal_poa-150x150.jpeg 150w, https:\/\/sisperdesign.com\/sisperstore\/wp-content\/uploads\/2022\/03\/paco_municipal_poa-768x768.jpeg 768w, https:\/\/sisperdesign.com\/sisperstore\/wp-content\/uploads\/2022\/03\/paco_municipal_poa-600x600.jpeg 600w, https:\/\/sisperdesign.com\/sisperstore\/wp-content\/uploads\/2022\/03\/paco_municipal_poa-100x100.jpeg 100w, https:\/\/sisperdesign.com\/sisperstore\/wp-content\/uploads\/2022\/03\/paco_municipal_poa-e1647983057241.jpeg 640w\" data-sizes=\"(max-width: 300px) 100vw, 300px\" src=\"data:image\/svg+xml;base64,PHN2ZyB3aWR0aD0iMSIgaGVpZ2h0PSIxIiB4bWxucz0iaHR0cDovL3d3dy53My5vcmcvMjAwMC9zdmciPjwvc3ZnPg==\" style=\"--smush-placeholder-width: 300px; --smush-placeholder-aspect-ratio: 300\/300;\" \/><h2 class=\"woocommerce-loop-product__title\">Pa\u00e7o Municipal (Antiga Prefeitura de Porto Alegre)<\/h2>\n\t<span class=\"price\"><span class=\"woocommerce-Price-amount amount\"><bdi><span class=\"woocommerce-Price-currencySymbol\">&#82;&#36;<\/span>&nbsp;60,00<\/bdi><\/span><\/span>\n<\/a><a href=\"\/sisperstore\/wp-json\/wp\/v2\/pages\/20302?add-to-cart=14510\" aria-describedby=\"woocommerce_loop_add_to_cart_link_describedby_14510\" data-quantity=\"1\" class=\"button product_type_simple add_to_cart_button ajax_add_to_cart\" data-product_id=\"14510\" data-product_sku=\"SI-3D-DEC-POA-PRF-BRN\" aria-label=\"Adicione ao carrinho: &ldquo;Pa\u00e7o Municipal (Antiga Prefeitura de Porto Alegre)&rdquo;\" rel=\"nofollow\" data-success_message=\"\u201cPa\u00e7o Municipal (Antiga Prefeitura de Porto Alegre)\u201d foi adicionado ao seu carrinho\" role=\"button\">Eu quero!<\/a>\t<span id=\"woocommerce_loop_add_to_cart_link_describedby_14510\" class=\"screen-reader-text\">\n\t\t\t<\/span>\n<\/li>\n<li class=\"product type-product post-20644 status-publish last instock product_cat-decor product_cat-bem-viver product_cat-produtos product_tag-cavalinho-de-balanco product_tag-cavalinho-decorativo product_tag-cavalo product_tag-cavalo-crioulo-decoracao product_tag-com-identidade product_tag-decoracao-ludica product_tag-decoracao-minimalista product_tag-design-autoral-brasileiro product_tag-objeto-afetivo product_tag-presente-criativo product_tag-sisper-design has-post-thumbnail featured shipping-taxable purchasable product-type-simple\">\n\t<a href=\"https:\/\/sisperdesign.com\/sisperstore\/produto\/cavalinho-de-balanco\/\" class=\"woocommerce-LoopProduct-link woocommerce-loop-product__link\"><img decoding=\"async\" width=\"300\" height=\"300\" data-src=\"https:\/\/sisperdesign.com\/sisperstore\/wp-content\/uploads\/2026\/02\/cavalinho-balanco-decro-sisperdesign-300x300.jpg\" class=\"attachment-woocommerce_thumbnail size-woocommerce_thumbnail lazyload\" alt=\"Cavalo Crioulo decorativo em formato de cavalinho de balan\u00e7o vermelho da SisperDesign sobre fundo branco.\" data-srcset=\"https:\/\/sisperdesign.com\/sisperstore\/wp-content\/uploads\/2026\/02\/cavalinho-balanco-decro-sisperdesign-300x300.jpg 300w, https:\/\/sisperdesign.com\/sisperstore\/wp-content\/uploads\/2026\/02\/cavalinho-balanco-decro-sisperdesign-150x150.jpg 150w, https:\/\/sisperdesign.com\/sisperstore\/wp-content\/uploads\/2026\/02\/cavalinho-balanco-decro-sisperdesign-768x768.jpg 768w, https:\/\/sisperdesign.com\/sisperstore\/wp-content\/uploads\/2026\/02\/cavalinho-balanco-decro-sisperdesign-600x600.jpg 600w, https:\/\/sisperdesign.com\/sisperstore\/wp-content\/uploads\/2026\/02\/cavalinho-balanco-decro-sisperdesign-100x100.jpg 100w, https:\/\/sisperdesign.com\/sisperstore\/wp-content\/uploads\/2026\/02\/cavalinho-balanco-decro-sisperdesign.jpg 800w\" data-sizes=\"(max-width: 300px) 100vw, 300px\" src=\"data:image\/svg+xml;base64,PHN2ZyB3aWR0aD0iMSIgaGVpZ2h0PSIxIiB4bWxucz0iaHR0cDovL3d3dy53My5vcmcvMjAwMC9zdmciPjwvc3ZnPg==\" style=\"--smush-placeholder-width: 300px; --smush-placeholder-aspect-ratio: 300\/300;\" \/><h2 class=\"woocommerce-loop-product__title\">Cavalinho de Balan\u00e7o<\/h2>\n\t<span class=\"price\"><span class=\"woocommerce-Price-amount amount\"><bdi><span class=\"woocommerce-Price-currencySymbol\">&#82;&#36;<\/span>&nbsp;53,00<\/bdi><\/span><\/span>\n<\/a><a href=\"\/sisperstore\/wp-json\/wp\/v2\/pages\/20302?add-to-cart=20644\" aria-describedby=\"woocommerce_loop_add_to_cart_link_describedby_20644\" data-quantity=\"1\" class=\"button product_type_simple add_to_cart_button ajax_add_to_cart\" data-product_id=\"20644\" data-product_sku=\"SI-3D-DEC-CAV-BAL-COL\" aria-label=\"Adicione ao carrinho: &ldquo;Cavalinho de Balan\u00e7o&rdquo;\" rel=\"nofollow\" data-success_message=\"\u201cCavalinho de Balan\u00e7o\u201d foi adicionado ao seu carrinho\" role=\"button\">Eu quero!<\/a>\t<span id=\"woocommerce_loop_add_to_cart_link_describedby_20644\" class=\"screen-reader-text\">\n\t\t\t<\/span>\n<\/li>\n<\/ul>\n<\/div>\n\n\n<div class=\"woocommerce columns-4 \"><ul class=\"products columns-4\">\n<li class=\"product type-product post-15384 status-publish first instock product_cat-610 product_cat-brinquedos product_cat-educativos product_cat-decor product_cat-jogos product_cat-produtos product_tag-alice product_tag-alice-no-pais-da-maravilhas product_tag-equilibrio product_tag-jogo-de-equilibrio product_tag-psicomotricidade has-post-thumbnail featured shipping-taxable purchasable product-type-simple\">\n\t<a href=\"https:\/\/sisperdesign.com\/sisperstore\/produto\/alice\/\" class=\"woocommerce-LoopProduct-link woocommerce-loop-product__link\"><img decoding=\"async\" width=\"300\" height=\"300\" data-src=\"https:\/\/sisperdesign.com\/sisperstore\/wp-content\/uploads\/2023\/09\/alice6-300x300.jpg\" class=\"attachment-woocommerce_thumbnail size-woocommerce_thumbnail lazyload\" alt=\"Jogo de equil\u00edbrio da Alice\" data-srcset=\"https:\/\/sisperdesign.com\/sisperstore\/wp-content\/uploads\/2023\/09\/alice6-300x300.jpg 300w, https:\/\/sisperdesign.com\/sisperstore\/wp-content\/uploads\/2023\/09\/alice6-150x150.jpg 150w, https:\/\/sisperdesign.com\/sisperstore\/wp-content\/uploads\/2023\/09\/alice6-600x600.jpg 600w, https:\/\/sisperdesign.com\/sisperstore\/wp-content\/uploads\/2023\/09\/alice6-100x100.jpg 100w, https:\/\/sisperdesign.com\/sisperstore\/wp-content\/uploads\/2023\/09\/alice6.jpg 652w\" data-sizes=\"(max-width: 300px) 100vw, 300px\" src=\"data:image\/svg+xml;base64,PHN2ZyB3aWR0aD0iMSIgaGVpZ2h0PSIxIiB4bWxucz0iaHR0cDovL3d3dy53My5vcmcvMjAwMC9zdmciPjwvc3ZnPg==\" style=\"--smush-placeholder-width: 300px; --smush-placeholder-aspect-ratio: 300\/300;\" \/><h2 class=\"woocommerce-loop-product__title\">Jogo de equil\u00edbrio da Alice<\/h2>\n\t<span class=\"price\"><span class=\"woocommerce-Price-amount amount\"><bdi><span class=\"woocommerce-Price-currencySymbol\">&#82;&#36;<\/span>&nbsp;88,00<\/bdi><\/span><\/span>\n<\/a><a href=\"\/sisperstore\/wp-json\/wp\/v2\/pages\/20302?add-to-cart=15384\" aria-describedby=\"woocommerce_loop_add_to_cart_link_describedby_15384\" data-quantity=\"1\" class=\"button product_type_simple add_to_cart_button ajax_add_to_cart\" data-product_id=\"15384\" data-product_sku=\"ALICE-SI-3D-BRI-MAL-Q16-COL\" aria-label=\"Adicione ao carrinho: &ldquo;Jogo de equil\u00edbrio da Alice&rdquo;\" rel=\"nofollow\" data-success_message=\"\u201cJogo de equil\u00edbrio da Alice\u201d foi adicionado ao seu carrinho\" role=\"button\">Eu quero!<\/a>\t<span id=\"woocommerce_loop_add_to_cart_link_describedby_15384\" class=\"screen-reader-text\">\n\t\t\t<\/span>\n<\/li>\n<li class=\"product type-product post-13443 status-publish onbackorder product_cat-610 product_cat-brinquedos product_cat-educativos product_cat-decor product_cat-produtos product_tag-cavalo product_tag-farm product_tag-fazendinha product_tag-granja product_tag-porco product_tag-vaca has-post-thumbnail shipping-taxable purchasable product-type-simple\">\n\t<a href=\"https:\/\/sisperdesign.com\/sisperstore\/produto\/sisper-fazendinha-1\/\" class=\"woocommerce-LoopProduct-link woocommerce-loop-product__link\"><img decoding=\"async\" width=\"300\" height=\"300\" data-src=\"https:\/\/sisperdesign.com\/sisperstore\/wp-content\/uploads\/2020\/03\/fazendinh_sf-300x300.jpg\" class=\"attachment-woocommerce_thumbnail size-woocommerce_thumbnail lazyload\" alt=\"Sisper Fazendinha\" data-srcset=\"https:\/\/sisperdesign.com\/sisperstore\/wp-content\/uploads\/2020\/03\/fazendinh_sf-300x300.jpg 300w, https:\/\/sisperdesign.com\/sisperstore\/wp-content\/uploads\/2020\/03\/fazendinh_sf-1024x1024.jpg 1024w, https:\/\/sisperdesign.com\/sisperstore\/wp-content\/uploads\/2020\/03\/fazendinh_sf-150x150.jpg 150w, https:\/\/sisperdesign.com\/sisperstore\/wp-content\/uploads\/2020\/03\/fazendinh_sf-768x768.jpg 768w, https:\/\/sisperdesign.com\/sisperstore\/wp-content\/uploads\/2020\/03\/fazendinh_sf-600x600.jpg 600w, https:\/\/sisperdesign.com\/sisperstore\/wp-content\/uploads\/2020\/03\/fazendinh_sf-100x100.jpg 100w, https:\/\/sisperdesign.com\/sisperstore\/wp-content\/uploads\/2020\/03\/fazendinh_sf-e1621557049531.jpg 640w\" data-sizes=\"(max-width: 300px) 100vw, 300px\" src=\"data:image\/svg+xml;base64,PHN2ZyB3aWR0aD0iMSIgaGVpZ2h0PSIxIiB4bWxucz0iaHR0cDovL3d3dy53My5vcmcvMjAwMC9zdmciPjwvc3ZnPg==\" style=\"--smush-placeholder-width: 300px; --smush-placeholder-aspect-ratio: 300\/300;\" \/><h2 class=\"woocommerce-loop-product__title\">Sisper Fazendinha<\/h2>\n\t<span class=\"price\"><span class=\"woocommerce-Price-amount amount\"><bdi><span class=\"woocommerce-Price-currencySymbol\">&#82;&#36;<\/span>&nbsp;35,00<\/bdi><\/span><\/span>\n<\/a><a href=\"\/sisperstore\/wp-json\/wp\/v2\/pages\/20302?add-to-cart=13443\" aria-describedby=\"woocommerce_loop_add_to_cart_link_describedby_13443\" data-quantity=\"1\" class=\"button product_type_simple add_to_cart_button ajax_add_to_cart\" data-product_id=\"13443\" data-product_sku=\"SI-3D-BRI-FZD-K01-COL\" aria-label=\"Adicione ao carrinho: &ldquo;Sisper Fazendinha&rdquo;\" rel=\"nofollow\" data-success_message=\"\u201cSisper Fazendinha\u201d foi adicionado ao seu carrinho\" role=\"button\">Eu quero!<\/a>\t<span id=\"woocommerce_loop_add_to_cart_link_describedby_13443\" class=\"screen-reader-text\">\n\t\t\t<\/span>\n<\/li>\n<li class=\"product type-product post-14516 status-publish onbackorder product_cat-acessorios product_cat-poa product_cat-decor product_cat-produtos product_tag-arquitetura product_tag-caff product_tag-centro-administrativo product_tag-colecionavel product_tag-design product_tag-miniatura product_tag-poa product_tag-poa-250 product_tag-porto-alegre has-post-thumbnail featured shipping-taxable purchasable product-type-simple\">\n\t<a href=\"https:\/\/sisperdesign.com\/sisperstore\/produto\/centro-administrativo\/\" class=\"woocommerce-LoopProduct-link woocommerce-loop-product__link\"><img decoding=\"async\" width=\"300\" height=\"300\" data-src=\"https:\/\/sisperdesign.com\/sisperstore\/wp-content\/uploads\/2022\/03\/centro_administrativo-300x300.jpg\" class=\"attachment-woocommerce_thumbnail size-woocommerce_thumbnail lazyload\" alt=\"CAFF - Centro Administrativo - Miniatura Colecion\u00e1vel\" data-srcset=\"https:\/\/sisperdesign.com\/sisperstore\/wp-content\/uploads\/2022\/03\/centro_administrativo-300x300.jpg 300w, https:\/\/sisperdesign.com\/sisperstore\/wp-content\/uploads\/2022\/03\/centro_administrativo-1024x1024.jpg 1024w, https:\/\/sisperdesign.com\/sisperstore\/wp-content\/uploads\/2022\/03\/centro_administrativo-150x150.jpg 150w, https:\/\/sisperdesign.com\/sisperstore\/wp-content\/uploads\/2022\/03\/centro_administrativo-768x768.jpg 768w, https:\/\/sisperdesign.com\/sisperstore\/wp-content\/uploads\/2022\/03\/centro_administrativo-600x600.jpg 600w, https:\/\/sisperdesign.com\/sisperstore\/wp-content\/uploads\/2022\/03\/centro_administrativo-100x100.jpg 100w, https:\/\/sisperdesign.com\/sisperstore\/wp-content\/uploads\/2022\/03\/centro_administrativo-rotated-e1647984551508.jpg 640w\" data-sizes=\"(max-width: 300px) 100vw, 300px\" src=\"data:image\/svg+xml;base64,PHN2ZyB3aWR0aD0iMSIgaGVpZ2h0PSIxIiB4bWxucz0iaHR0cDovL3d3dy53My5vcmcvMjAwMC9zdmciPjwvc3ZnPg==\" style=\"--smush-placeholder-width: 300px; --smush-placeholder-aspect-ratio: 300\/300;\" \/><h2 class=\"woocommerce-loop-product__title\">CAFF &#8211; Centro Administrativo &#8211; Miniatura Colecion\u00e1vel<\/h2>\n\t<span class=\"price\"><span class=\"woocommerce-Price-amount amount\"><bdi><span class=\"woocommerce-Price-currencySymbol\">&#82;&#36;<\/span>&nbsp;50,00<\/bdi><\/span><\/span>\n<\/a><a href=\"\/sisperstore\/wp-json\/wp\/v2\/pages\/20302?add-to-cart=14516\" aria-describedby=\"woocommerce_loop_add_to_cart_link_describedby_14516\" data-quantity=\"1\" class=\"button product_type_simple add_to_cart_button ajax_add_to_cart\" data-product_id=\"14516\" data-product_sku=\"14516\" aria-label=\"Adicione ao carrinho: &ldquo;CAFF - Centro Administrativo - Miniatura Colecion\u00e1vel&rdquo;\" rel=\"nofollow\" data-success_message=\"\u201cCAFF - Centro Administrativo - Miniatura Colecion\u00e1vel\u201d foi adicionado ao seu carrinho\" role=\"button\">Eu quero!<\/a>\t<span id=\"woocommerce_loop_add_to_cart_link_describedby_14516\" class=\"screen-reader-text\">\n\t\t\t<\/span>\n<\/li>\n<li class=\"product type-product post-15525 status-publish last instock product_cat-acessorios product_cat-produtos product_tag-chaveiro product_tag-eco product_tag-ecologico product_tag-golfinho has-post-thumbnail shipping-taxable purchasable product-type-simple\">\n\t<a href=\"https:\/\/sisperdesign.com\/sisperstore\/produto\/gol\/\" class=\"woocommerce-LoopProduct-link woocommerce-loop-product__link\"><img decoding=\"async\" width=\"300\" height=\"300\" data-src=\"https:\/\/sisperdesign.com\/sisperstore\/wp-content\/uploads\/2024\/01\/golfinho-300x300.jpg\" class=\"attachment-woocommerce_thumbnail size-woocommerce_thumbnail lazyload\" alt=\"Chaveiro Golfinho\" data-srcset=\"https:\/\/sisperdesign.com\/sisperstore\/wp-content\/uploads\/2024\/01\/golfinho-300x300.jpg 300w, https:\/\/sisperdesign.com\/sisperstore\/wp-content\/uploads\/2024\/01\/golfinho-1024x1024.jpg 1024w, https:\/\/sisperdesign.com\/sisperstore\/wp-content\/uploads\/2024\/01\/golfinho-150x150.jpg 150w, https:\/\/sisperdesign.com\/sisperstore\/wp-content\/uploads\/2024\/01\/golfinho-768x768.jpg 768w, https:\/\/sisperdesign.com\/sisperstore\/wp-content\/uploads\/2024\/01\/golfinho-600x600.jpg 600w, https:\/\/sisperdesign.com\/sisperstore\/wp-content\/uploads\/2024\/01\/golfinho-100x100.jpg 100w, https:\/\/sisperdesign.com\/sisperstore\/wp-content\/uploads\/2024\/01\/golfinho-e1705935726277.jpg 640w\" data-sizes=\"(max-width: 300px) 100vw, 300px\" src=\"data:image\/svg+xml;base64,PHN2ZyB3aWR0aD0iMSIgaGVpZ2h0PSIxIiB4bWxucz0iaHR0cDovL3d3dy53My5vcmcvMjAwMC9zdmciPjwvc3ZnPg==\" style=\"--smush-placeholder-width: 300px; --smush-placeholder-aspect-ratio: 300\/300;\" \/><h2 class=\"woocommerce-loop-product__title\">Chaveiro Golfinho<\/h2>\n\t<span class=\"price\"><span class=\"woocommerce-Price-amount amount\"><bdi><span class=\"woocommerce-Price-currencySymbol\">&#82;&#36;<\/span>&nbsp;20,00<\/bdi><\/span><\/span>\n<\/a><a href=\"\/sisperstore\/wp-json\/wp\/v2\/pages\/20302?add-to-cart=15525\" aria-describedby=\"woocommerce_loop_add_to_cart_link_describedby_15525\" data-quantity=\"1\" class=\"button product_type_simple add_to_cart_button ajax_add_to_cart\" data-product_id=\"15525\" data-product_sku=\"15525\" aria-label=\"Adicione ao carrinho: &ldquo;Chaveiro Golfinho&rdquo;\" rel=\"nofollow\" data-success_message=\"\u201cChaveiro Golfinho\u201d foi adicionado ao seu carrinho\" role=\"button\">Eu quero!<\/a>\t<span id=\"woocommerce_loop_add_to_cart_link_describedby_15525\" class=\"screen-reader-text\">\n\t\t\t<\/span>\n<\/li>\n<\/ul>\n<\/div>\n\n\n\n<h2 class=\"wp-block-heading has-text-align-left has-medium-font-size\"><strong>O melhor dos Brinquedos Educativos e Design para Brincar.<\/strong><\/h2>\n\n\n\n<h2 class=\"wp-block-heading has-medium-font-size\">A utiliza\u00e7\u00e3o da impress\u00e3o 3D de alta precis\u00e3o permite que a <strong>SisperDesign<\/strong> crie <strong>brinquedos educativos<\/strong> e formas complexas atrav\u00e9s do nosso design para brincar. Cada pe\u00e7a \u00e9 fabricada em Porto Alegre utilizando <strong>biopl\u00e1stico<\/strong> (PLA) e <strong>energia solar<\/strong>, garantindo objetos com acabamento superior e respeito ao planeta enquanto estimulamos o l\u00fadico.<\/h2>\n\n\n\n<h2 class=\"wp-block-heading has-medium-font-size\">Nossos brinquedos educativos s\u00e3o projetados para ir al\u00e9m do entretenimento. Ao interagir com esse design para brincar, a crian\u00e7a explora conceitos de equil\u00edbrio e espacialidade de forma intuitiva \u2014 <strong>sempre com a tranquilidade do selo de seguran\u00e7a do Inmetro em toda a nossa linha de brinquedos e jogos.<\/strong><\/h2>\n\n\n\n<h2 class=\"wp-block-heading has-medium-font-size\">Nossa <strong>curadoria<\/strong> une objetos <strong><a href=\"https:\/\/sisperdesign.com\/sisperstore\/categoria-produto\/decor\/\" data-type=\"product_tag\" data-id=\"387\" target=\"_blank\" rel=\"noreferrer noopener\">decorativos<\/a><\/strong>, <strong><a href=\"https:\/\/sisperdesign.com\/sisperstore\/categoria-produto\/acessorios\/\" data-type=\"product_tag\" data-id=\"74\" target=\"_blank\" rel=\"noreferrer noopener\">acess\u00f3rios<\/a><\/strong> e itens utilit\u00e1rios que levam criatividade e ludicidade ao cotidiano, transformando a decora\u00e7\u00e3o em momentos de aprendizado e funcionalidade para todas as idades.<\/h2>\n\n\n\n<h2 class=\"wp-block-heading has-text-align-center has-small-font-size\"><strong>SisperDesign | <strong>design para brincar, criar, imaginar e encantar<\/strong><\/strong> | <strong>Desde 2001<\/strong><\/h2>\n\n\n<div class=\"wp-block-image\">\n<figure class=\"aligncenter size-full is-resized\"><img decoding=\"async\" data-src=\"https:\/\/sisperdesign.com\/sisperstore\/wp-content\/uploads\/2026\/04\/brinquedos-educativos-sustentaveis-SisperDesign.png\" alt=\"Brinquedos educativos sustent\u00e1veis SisperDesign\" class=\"wp-image-21413 lazyload\" style=\"--smush-placeholder-width: 330px; --smush-placeholder-aspect-ratio: 330\/392;width:43px;height:auto\" src=\"data:image\/svg+xml;base64,PHN2ZyB3aWR0aD0iMSIgaGVpZ2h0PSIxIiB4bWxucz0iaHR0cDovL3d3dy53My5vcmcvMjAwMC9zdmciPjwvc3ZnPg==\" \/><\/figure>\n<\/div>\n\n\n<p><\/p>\n","protected":false},"excerpt":{"rendered":"<p>O melhor dos Brinquedos Educativos e Design para Brincar. A utiliza\u00e7\u00e3o da impress\u00e3o 3D de alta precis\u00e3o permite que a SisperDesign crie brinquedos educativos e formas complexas atrav\u00e9s do nosso design para brincar. Cada pe\u00e7a \u00e9 fabricada em Porto Alegre utilizando biopl\u00e1stico (PLA) e energia solar, garantindo objetos com acabamento superior e respeito ao planeta &#8230; <a title=\"Design para brincar, criar, imaginar e encantar.\" class=\"read-more\" href=\"https:\/\/sisperdesign.com\/sisperstore\/\" aria-label=\"Read more about Design para brincar, criar, imaginar e encantar.\">Ler mais<\/a><\/p>\n","protected":false},"author":1,"featured_media":0,"parent":0,"menu_order":0,"comment_status":"closed","ping_status":"closed","template":"","meta":{"jetpack_post_was_ever_published":false,"footnotes":""},"class_list":["post-20302","page","type-page","status-publish"],"jetpack-related-posts":[],"jetpack_likes_enabled":true,"jetpack_sharing_enabled":true,"_links":{"self":[{"href":"https:\/\/sisperdesign.com\/sisperstore\/wp-json\/wp\/v2\/pages\/20302","targetHints":{"allow":["GET"]}}],"collection":[{"href":"https:\/\/sisperdesign.com\/sisperstore\/wp-json\/wp\/v2\/pages"}],"about":[{"href":"https:\/\/sisperdesign.com\/sisperstore\/wp-json\/wp\/v2\/types\/page"}],"author":[{"embeddable":true,"href":"https:\/\/sisperdesign.com\/sisperstore\/wp-json\/wp\/v2\/users\/1"}],"replies":[{"embeddable":true,"href":"https:\/\/sisperdesign.com\/sisperstore\/wp-json\/wp\/v2\/comments?post=20302"}],"version-history":[{"count":26,"href":"https:\/\/sisperdesign.com\/sisperstore\/wp-json\/wp\/v2\/pages\/20302\/revisions"}],"predecessor-version":[{"id":21465,"href":"https:\/\/sisperdesign.com\/sisperstore\/wp-json\/wp\/v2\/pages\/20302\/revisions\/21465"}],"wp:attachment":[{"href":"https:\/\/sisperdesign.com\/sisperstore\/wp-json\/wp\/v2\/media?parent=20302"}],"curies":[{"name":"wp","href":"https:\/\/api.w.org\/{rel}","templated":true}]}}