{"id":20378,"date":"2026-01-26T10:00:07","date_gmt":"2026-01-26T13:00:07","guid":{"rendered":"https:\/\/sisperdesign.com\/sisperstore\/?page_id=20378"},"modified":"2026-01-26T12:10:57","modified_gmt":"2026-01-26T15:10:57","slug":"mapa-do-site","status":"publish","type":"page","link":"https:\/\/sisperdesign.com\/sisperstore\/mapa-do-site\/","title":{"rendered":"Mapa do Site 1"},"content":{"rendered":"\n<p>Mapa do Site da SisperDesign | Loja de Brinquedos Anal\u00f3gicos e Design Autoral<\/p>\n\n\n\n<p>Este mapa do site SisperDesign foi criado para facilitar a navega\u00e7\u00e3o e o acesso aos conte\u00fados da loja. Aqui voc\u00ea encontra links diretos para produtos, categorias, cole\u00e7\u00f5es, projetos especiais, conte\u00fados institucionais e informa\u00e7\u00f5es importantes sobre a marca.<\/p>\n\n\n\n<p>A SisperDesign atua no desenvolvimento de brinquedos anal\u00f3gicos, jogos educativos e objetos de design autoral, com foco em criatividade, cultura material, acessibilidade e sustentabilidade. O mapa do site permite que visitantes, mecanismos de busca e pessoas que utilizam tecnologias assistivas encontrem rapidamente o que procuram.<\/p>\n\n\n\n<p>O mapa do site SisperDesign re\u00fane todos os produtos, p\u00e1ginas e conte\u00fados da SisperStore em um \u00fanico lugar, facilitando a navega\u00e7\u00e3o e o acesso \u00e0s informa\u00e7\u00f5es.<\/p>\n\n\n\n<p>Abaixo est\u00e3o listadas todas as p\u00e1ginas e conte\u00fados dispon\u00edveis no site, organizados de forma hier\u00e1rquica para facilitar o acesso.<\/p>\n\n\n\n<p class=\"has-small-font-size\">Caso n\u00e3o encontre uma p\u00e1gina espec\u00edfica, utilize tamb\u00e9m o campo de busca da loja ou entre em contato conosco.<\/p>\n\n\n\n<figure class=\"wp-block-image size-full is-resized\"><img decoding=\"async\" width=\"323\" height=\"395\" data-src=\"https:\/\/sisperdesign.com\/sisperstore\/wp-content\/uploads\/2026\/01\/sisper2025.jpg\" alt=\"Mapa do site SisperDesign\" class=\"wp-image-20376 lazyload\" style=\"--smush-placeholder-width: 323px; --smush-placeholder-aspect-ratio: 323\/395;aspect-ratio:0.8178207563460542;width:56px;height:auto\" src=\"data:image\/svg+xml;base64,PHN2ZyB3aWR0aD0iMSIgaGVpZ2h0PSIxIiB4bWxucz0iaHR0cDovL3d3dy53My5vcmcvMjAwMC9zdmciPjwvc3ZnPg==\" \/><\/figure>\n\n\n\n<p>Mapa Site SisperDesign:<\/p>\n","protected":false},"excerpt":{"rendered":"<p>Mapa do Site da SisperDesign | Loja de Brinquedos Anal\u00f3gicos e Design Autoral Este mapa do site SisperDesign foi criado para facilitar a navega\u00e7\u00e3o e o acesso aos conte\u00fados da loja. Aqui voc\u00ea encontra links diretos para produtos, categorias, cole\u00e7\u00f5es, projetos especiais, conte\u00fados institucionais e informa\u00e7\u00f5es importantes sobre a marca. A SisperDesign atua no desenvolvimento &#8230; <a title=\"Mapa do Site 1\" class=\"read-more\" href=\"https:\/\/sisperdesign.com\/sisperstore\/mapa-do-site\/\" aria-label=\"Read more about Mapa do Site 1\">Ler mais<\/a><\/p>\n","protected":false},"author":1,"featured_media":0,"parent":0,"menu_order":0,"comment_status":"closed","ping_status":"closed","template":"","meta":{"jetpack_post_was_ever_published":false,"footnotes":""},"class_list":["post-20378","page","type-page","status-publish"],"jetpack-related-posts":[],"jetpack_likes_enabled":true,"jetpack_sharing_enabled":true,"_links":{"self":[{"href":"https:\/\/sisperdesign.com\/sisperstore\/wp-json\/wp\/v2\/pages\/20378","targetHints":{"allow":["GET"]}}],"collection":[{"href":"https:\/\/sisperdesign.com\/sisperstore\/wp-json\/wp\/v2\/pages"}],"about":[{"href":"https:\/\/sisperdesign.com\/sisperstore\/wp-json\/wp\/v2\/types\/page"}],"author":[{"embeddable":true,"href":"https:\/\/sisperdesign.com\/sisperstore\/wp-json\/wp\/v2\/users\/1"}],"replies":[{"embeddable":true,"href":"https:\/\/sisperdesign.com\/sisperstore\/wp-json\/wp\/v2\/comments?post=20378"}],"version-history":[{"count":11,"href":"https:\/\/sisperdesign.com\/sisperstore\/wp-json\/wp\/v2\/pages\/20378\/revisions"}],"predecessor-version":[{"id":20399,"href":"https:\/\/sisperdesign.com\/sisperstore\/wp-json\/wp\/v2\/pages\/20378\/revisions\/20399"}],"wp:attachment":[{"href":"https:\/\/sisperdesign.com\/sisperstore\/wp-json\/wp\/v2\/media?parent=20378"}],"curies":[{"name":"wp","href":"https:\/\/api.w.org\/{rel}","templated":true}]}}