{"id":896,"date":"2018-05-21T16:12:07","date_gmt":"2018-05-21T16:12:07","guid":{"rendered":"https:\/\/sisperdesign.com\/sisperstore\/?page_id=896"},"modified":"2026-02-21T21:01:22","modified_gmt":"2026-02-22T00:01:22","slug":"privacy-policy","status":"publish","type":"page","link":"https:\/\/sisperdesign.com\/sisperstore\/privacy-policy\/","title":{"rendered":"Pol\u00edticas e Privacidade"},"content":{"rendered":"<ul>\n<li><b>Pol\u00edtica de Troca e Devolu\u00e7\u00e3o (Avarias, Arrependimento ou Desist\u00eancia)<\/b><\/li>\n<\/ul>\n<p>Nossos produtos s\u00e3o feitos por impress\u00e3o 3D em pl\u00e1stico biodegrad\u00e1vel (PLA), com design assinado (autoral), qualidade e garantia. No entanto, entendemos que, em alguns casos, a pe\u00e7a escolhida pode n\u00e3o ter atendido \u00e0s suas expectativas por algum motivo como tamanho, cor, arrependimento de compra ou um defeito apresentado. Nesses casos, o prazo para troca ou devolu\u00e7\u00e3o do produto \u00e9 de at\u00e9 7 (sete) dias corridos, a contar da data da compra, conforme o artigo 49 do C\u00f3digo de Defesa do Consumidor. Para isso, a pe\u00e7a n\u00e3o deve apresentar nenhum sinal de uso, e permanecer devidamente conforme enviada, nas tags e embalagens originais do envio, caso algum desses itens n\u00e3o esteja de acordo com tais especifica\u00e7\u00f5es, a troca\/devolu\u00e7\u00e3o n\u00e3o ser\u00e1 realizada.<\/p>\n<p><b data-path-to-node=\"3,0\" data-index-in-node=\"0\">Garantia Estendida Sisper Store:<\/b> Na Sisper, confiamos tanto na qualidade do nosso biopl\u00e1stico que oferecemos um prazo diferenciado. Al\u00e9m dos 7 dias garantidos por lei, <b data-path-to-node=\"3,0\" data-index-in-node=\"167\">voc\u00ea tem at\u00e9 30 dias para solicitar o reembolso<\/b> ou a troca, caso o produto n\u00e3o atenda \u00e0s suas expectativas. Queremos que a tua experi\u00eancia seja t\u00e3o incr\u00edvel quanto os nossos brinquedos.<\/p>\n<p>N\u00e3o realizamos trocas de pe\u00e7as em saldo.<\/p>\n<p style=\"font-weight: 500;\"><strong>Termos de servi\u00e7o<\/strong><\/p>\n<p><a href=\"https:\/\/transparencyreport.google.com\/safe-browsing\/search?url=www.sisperdesign.com&amp;hl=pt-PT\" target=\"_blank\" rel=\"noopener noreferrer\">https:\/\/transparencyreport.google.com\/safe-browsing\/search?url=www.sisperdesign.com&amp;hl=pt-PT<\/a><\/p>\n<ul>\n<li style=\"font-weight: 500;\"><strong>Pol\u00edtica de Privacidade<\/strong><\/li>\n<\/ul>\n<p>Nossa Pol\u00edtica de Privacidade abrange toda e qualquer informa\u00e7\u00e3o pessoal que a Sisper Design obt\u00e9m quando voc\u00ea usa os servi\u00e7os do site.<br \/>S\u00e3o solicitados alguns dados de car\u00e1ter pessoal, afim de serem usadas para presta\u00e7\u00e3o de servi\u00e7o ao Usu\u00e1rio.<br \/>Todas as informa\u00e7\u00f5es pessoais s\u00e3o guardadas com todo sigilo e seguran\u00e7a, com o grau de prote\u00e7\u00e3o adequada.<br \/>N\u00e3o disponibilizamos os dados cadastrais de nossos clientes para terceiros, salvo nos casos de confirma\u00e7\u00e3o de dados pelas operadoras de cart\u00e3o de cr\u00e9dito e por processo de envio de mercadoria.<\/p>\n<ul>\n<li style=\"font-weight: 500;\"><strong>Pol\u00edtica de Entregas<\/strong><\/li>\n<\/ul>\n<p>Envios por motoboy em at\u00e9 24hs ap\u00f3s confirma\u00e7\u00e3o do pagamento.<br \/>Envios pelo correio ser\u00e3o feito em at\u00e9 5 dias \u00fateis ap\u00f3s confirma\u00e7\u00e3o do pagamento ou de produ\u00e7\u00e3o (caso por encomenda).<\/p>\n\n\n<p>Assim como cuidamos da precis\u00e3o de cada camada das nossas pe\u00e7as em biopl\u00e1stico, cuidamos da seguran\u00e7a dos teus dados com o mesmo rigor.<\/p>\n\n\n\n<p id=\"design\"><strong>Design para brincar, criar, imaginar e encantar.<\/strong><\/p>\n\n\n\n<p>SisperDesign | Desde 2001<\/p>\n\n\n\n<p><\/p>\n","protected":false},"excerpt":{"rendered":"<p>Pol\u00edtica de Troca e Devolu\u00e7\u00e3o (Avarias, Arrependimento ou Desist\u00eancia) Nossos produtos s\u00e3o feitos por impress\u00e3o 3D em pl\u00e1stico biodegrad\u00e1vel (PLA), com design assinado (autoral), qualidade e garantia. No entanto, entendemos que, em alguns casos, a pe\u00e7a escolhida pode n\u00e3o ter atendido \u00e0s suas expectativas por algum motivo como tamanho, cor, arrependimento de compra ou um &#8230; <a title=\"Pol\u00edticas e Privacidade\" class=\"read-more\" href=\"https:\/\/sisperdesign.com\/sisperstore\/privacy-policy\/\" aria-label=\"Read more about Pol\u00edticas e Privacidade\">Ler mais<\/a><\/p>\n","protected":false},"author":1,"featured_media":0,"parent":0,"menu_order":0,"comment_status":"closed","ping_status":"closed","template":"","meta":{"jetpack_post_was_ever_published":false,"footnotes":""},"class_list":["post-896","page","type-page","status-publish"],"jetpack-related-posts":[],"jetpack_likes_enabled":true,"jetpack_sharing_enabled":true,"_links":{"self":[{"href":"https:\/\/sisperdesign.com\/sisperstore\/wp-json\/wp\/v2\/pages\/896","targetHints":{"allow":["GET"]}}],"collection":[{"href":"https:\/\/sisperdesign.com\/sisperstore\/wp-json\/wp\/v2\/pages"}],"about":[{"href":"https:\/\/sisperdesign.com\/sisperstore\/wp-json\/wp\/v2\/types\/page"}],"author":[{"embeddable":true,"href":"https:\/\/sisperdesign.com\/sisperstore\/wp-json\/wp\/v2\/users\/1"}],"replies":[{"embeddable":true,"href":"https:\/\/sisperdesign.com\/sisperstore\/wp-json\/wp\/v2\/comments?post=896"}],"version-history":[{"count":14,"href":"https:\/\/sisperdesign.com\/sisperstore\/wp-json\/wp\/v2\/pages\/896\/revisions"}],"predecessor-version":[{"id":20968,"href":"https:\/\/sisperdesign.com\/sisperstore\/wp-json\/wp\/v2\/pages\/896\/revisions\/20968"}],"wp:attachment":[{"href":"https:\/\/sisperdesign.com\/sisperstore\/wp-json\/wp\/v2\/media?parent=896"}],"curies":[{"name":"wp","href":"https:\/\/api.w.org\/{rel}","templated":true}]}}