{"id":13118,"date":"2020-01-30T17:11:12","date_gmt":"2020-01-30T20:11:12","guid":{"rendered":"https:\/\/sisperdesign.com\/sisperstore\/?post_type=product&#038;p=13118"},"modified":"2026-05-04T17:32:36","modified_gmt":"2026-05-04T20:32:36","slug":"pato-qua","status":"publish","type":"product","link":"https:\/\/sisperdesign.com\/sisperstore\/produto\/pato-qua\/","title":{"rendered":"Pato Qu\u00e1 &#8211; brinquedo de rodas"},"content":{"rendered":"<p>Os brinquedos de puxar s\u00e3o importantes para as crian\u00e7as porque ajudam no desenvolvimento de habilidades motoras, consci\u00eancia espacial e estimulam o brincar imaginativo.<\/p>\n<p>O pato Qu\u00e1 \u00e9 um \u00f3timo amiguinho para aventuras no dia a dia!<\/p>\n<p>Indicado para +18 meses<br \/>\nDesign by Simone L. Sperhacke<br \/>\nFeito por impress\u00e3o 3D, em PLA (pl\u00e1stico biodegrad\u00e1vel, sem petr\u00f3leo)<br \/>\nCores podem variar. Imagens ilustrativas.<br \/>\nProduto certificado de acordo com numero registro 007911\/2024 \u2013 Certificadora BRICS OCP 0098.<\/p>\n","protected":false},"excerpt":{"rendered":"<p>Patinho\u00a0para brincar ou enfeitar!<\/p>\n<p>Ecol\u00f3gico e exclusivo SisperDesign<\/p>\n","protected":false},"featured_media":14341,"comment_status":"open","ping_status":"closed","template":"","meta":{"jetpack_post_was_ever_published":false,"jetpack_publicize_message":"","jetpack_publicize_feature_enabled":true,"jetpack_social_post_already_shared":false,"jetpack_social_options":{"image_generator_settings":{"template":"highway","default_image_id":0,"font":"","enabled":false},"version":2}},"product_brand":[593,579],"product_cat":[608,19,613,251,28],"product_tag":[345,82,347,354,353,83,355,31,339],"class_list":{"0":"post-13118","1":"product","2":"type-product","3":"status-publish","4":"has-post-thumbnail","6":"product_brand-sisper-design","7":"product_brand-sisperdesign","8":"product_cat-18m","9":"product_cat-brinquedos","10":"product_cat-educativos","11":"product_cat-decor","12":"product_cat-produtos","13":"product_tag-brinquedos","14":"product_tag-design","15":"product_tag-educativo","16":"product_tag-patinho","17":"product_tag-pato","18":"product_tag-pla","19":"product_tag-qua","20":"product_tag-sisperdesign","21":"product_tag-toys","22":"pa_cor-amr","23":"pa_cor-azul","24":"pa_cor-laranja","25":"pa_cor-pr","26":"pa_cor-ros","27":"pa_cor-vd","28":"pa_cor-vrl","30":"first","31":"instock","32":"featured","33":"shipping-taxable","34":"purchasable","35":"product-type-simple"},"jetpack_publicize_connections":[],"jetpack-related-posts":[],"jetpack_likes_enabled":true,"jetpack_sharing_enabled":true,"_links":{"self":[{"href":"https:\/\/sisperdesign.com\/sisperstore\/wp-json\/wp\/v2\/product\/13118","targetHints":{"allow":["GET"]}}],"collection":[{"href":"https:\/\/sisperdesign.com\/sisperstore\/wp-json\/wp\/v2\/product"}],"about":[{"href":"https:\/\/sisperdesign.com\/sisperstore\/wp-json\/wp\/v2\/types\/product"}],"replies":[{"embeddable":true,"href":"https:\/\/sisperdesign.com\/sisperstore\/wp-json\/wp\/v2\/comments?post=13118"}],"wp:featuredmedia":[{"embeddable":true,"href":"https:\/\/sisperdesign.com\/sisperstore\/wp-json\/wp\/v2\/media\/14341"}],"wp:attachment":[{"href":"https:\/\/sisperdesign.com\/sisperstore\/wp-json\/wp\/v2\/media?parent=13118"}],"wp:term":[{"taxonomy":"product_brand","embeddable":true,"href":"https:\/\/sisperdesign.com\/sisperstore\/wp-json\/wp\/v2\/product_brand?post=13118"},{"taxonomy":"product_cat","embeddable":true,"href":"https:\/\/sisperdesign.com\/sisperstore\/wp-json\/wp\/v2\/product_cat?post=13118"},{"taxonomy":"product_tag","embeddable":true,"href":"https:\/\/sisperdesign.com\/sisperstore\/wp-json\/wp\/v2\/product_tag?post=13118"}],"curies":[{"name":"wp","href":"https:\/\/api.w.org\/{rel}","templated":true}]}}