{"id":13440,"date":"2020-03-13T16:26:53","date_gmt":"2020-03-13T19:26:53","guid":{"rendered":"https:\/\/sisperdesign.com\/sisperstore\/?post_type=product&#038;p=13440"},"modified":"2026-05-05T11:23:59","modified_gmt":"2026-05-05T14:23:59","slug":"jogo-da-velha-joana","status":"publish","type":"product","link":"https:\/\/sisperdesign.com\/sisperstore\/produto\/jogo-da-velha-joana\/","title":{"rendered":"Jogo da Velha Joana"},"content":{"rendered":"<p>Jogo da velha Joana tem\u00e1tico com trevos e joaninhas!<\/p>\n<p>O jogo da velha, tamb\u00e9m conhecido como \u201ctic-tac-toe\u201d, \u00e9 um jogo simples e popular que pode trazer v\u00e1rios benef\u00edcios para as pessoas que o jogam. Aqui est\u00e3o alguns dos benef\u00edcios do uso do jogo da velha:<\/p>\n<p>Benef\u00edcios do jogo da velha:<br \/>\n1. Desenvolve o racioc\u00ednio l\u00f3gico.<br \/>\n2. Estimula o aprendizado matem\u00e1tico.<br \/>\n3. Promove a socializa\u00e7\u00e3o.<br \/>\n4. Melhora a concentra\u00e7\u00e3o e o foco.<br \/>\n5. Proporciona divers\u00e3o e relaxamento.<br \/>\n6. Desenvolve a paci\u00eancia e a resili\u00eancia.<br \/>\n7. Estimula a mente e mant\u00e9m a mente ativa.<\/p>\n<p>Em resumo, o uso do jogo da velha traz benef\u00edcios como o desenvolvimento cognitivo, o aprendizado matem\u00e1tico, a socializa\u00e7\u00e3o, a concentra\u00e7\u00e3o, o relaxamento, a paci\u00eancia, a resili\u00eancia e a estimula\u00e7\u00e3o mental. Al\u00e9m disso, \u00e9 um jogo acess\u00edvel que pode ser jogado em qualquer lugar, com poucos recursos necess\u00e1rios.<\/p>\n<p>Indicado para +5 anos<br \/>\nDesign by Simone L. Sperhacke<br \/>\nFeito por impress\u00e3o 3D, em PLA (pl\u00e1stico biodegrad\u00e1vel, sem petr\u00f3leo)<br \/>\nCores podem variar. Imagens ilustrativas.<br \/>\nProduto certificado de acordo com numero registro 007837\/2024 \u2013 Certificadora BRICS OCP 0098.<\/p>\n<p>Composto por: 1 tabuleiro e 9 pe\u00e7as (5 trevos e 4 joaninhas) e manual.<\/p>\n","protected":false},"excerpt":{"rendered":"<p>Jogo da velha que parece um jardim!<\/p>\n<p>Com joaninhas e trevos simbolizam &#8220;Os e Xs&#8221;<\/p>\n<p>1. Desenvolve o racioc\u00ednio l\u00f3gico.<br \/>\n2. Estimula o aprendizado matem\u00e1tico.<br \/>\n3. Promove a socializa\u00e7\u00e3o.<br \/>\n4. Melhora a concentra\u00e7\u00e3o e o foco.<br \/>\n5. Proporciona divers\u00e3o e relaxamento.<br \/>\n6. Desenvolve a paci\u00eancia e a resili\u00eancia.<br \/>\n7. Estimula a mente e mant\u00e9m a mente ativa.<\/p>\n","protected":false},"featured_media":21568,"comment_status":"open","ping_status":"closed","template":"","meta":{"jetpack_post_was_ever_published":false,"jetpack_publicize_message":"","jetpack_publicize_feature_enabled":true,"jetpack_social_post_already_shared":false,"jetpack_social_options":{"image_generator_settings":{"template":"highway","default_image_id":0,"font":"","enabled":false},"version":2}},"product_brand":[],"product_cat":[20,28],"product_tag":[24,69,597,598,75,256,52,162,31,30],"class_list":{"0":"post-13440","1":"product","2":"type-product","3":"status-publish","4":"has-post-thumbnail","6":"product_cat-jogos","7":"product_cat-produtos","8":"product_tag-divertido","9":"product_tag-educacao","10":"product_tag-jardim","11":"product_tag-joaninha","12":"product_tag-jogo","13":"product_tag-jogo-da-velha","14":"product_tag-jogo-de-tabuleiro","15":"product_tag-matematica","16":"product_tag-sisperdesign","17":"product_tag-sisperdivertido","19":"first","20":"instock","21":"featured","22":"shipping-taxable","23":"purchasable","24":"product-type-simple"},"jetpack_publicize_connections":[],"jetpack-related-posts":[],"jetpack_likes_enabled":true,"jetpack_sharing_enabled":true,"_links":{"self":[{"href":"https:\/\/sisperdesign.com\/sisperstore\/wp-json\/wp\/v2\/product\/13440","targetHints":{"allow":["GET"]}}],"collection":[{"href":"https:\/\/sisperdesign.com\/sisperstore\/wp-json\/wp\/v2\/product"}],"about":[{"href":"https:\/\/sisperdesign.com\/sisperstore\/wp-json\/wp\/v2\/types\/product"}],"replies":[{"embeddable":true,"href":"https:\/\/sisperdesign.com\/sisperstore\/wp-json\/wp\/v2\/comments?post=13440"}],"wp:featuredmedia":[{"embeddable":true,"href":"https:\/\/sisperdesign.com\/sisperstore\/wp-json\/wp\/v2\/media\/21568"}],"wp:attachment":[{"href":"https:\/\/sisperdesign.com\/sisperstore\/wp-json\/wp\/v2\/media?parent=13440"}],"wp:term":[{"taxonomy":"product_brand","embeddable":true,"href":"https:\/\/sisperdesign.com\/sisperstore\/wp-json\/wp\/v2\/product_brand?post=13440"},{"taxonomy":"product_cat","embeddable":true,"href":"https:\/\/sisperdesign.com\/sisperstore\/wp-json\/wp\/v2\/product_cat?post=13440"},{"taxonomy":"product_tag","embeddable":true,"href":"https:\/\/sisperdesign.com\/sisperstore\/wp-json\/wp\/v2\/product_tag?post=13440"}],"curies":[{"name":"wp","href":"https:\/\/api.w.org\/{rel}","templated":true}]}}