{"id":13443,"date":"2020-03-24T17:48:28","date_gmt":"2020-03-24T20:48:28","guid":{"rendered":"https:\/\/sisperdesign.com\/sisperstore\/?post_type=product&#038;p=13443"},"modified":"2026-05-04T11:18:33","modified_gmt":"2026-05-04T14:18:33","slug":"sisper-fazendinha-1","status":"publish","type":"product","link":"https:\/\/sisperdesign.com\/sisperstore\/produto\/sisper-fazendinha-1\/","title":{"rendered":"Sisper Fazendinha"},"content":{"rendered":"<p>As miniaturas de animais s\u00e3o brinquedos que est\u00e3o conosco h\u00e1 s\u00e9culos. A maioria das crian\u00e7as em idade pr\u00e9-escolar, meninos e meninas, ama bonecos tanto quanto amam brincar de faz de conta.<br \/>\n.<br \/>\nOs modelos de animais s\u00e3o um dos brinquedos cujo encanto intemporal permanece atrav\u00e9s das gera\u00e7\u00f5es.<br \/>\n.<br \/>\nAs miniaturas estimulam o desenvolvimento, a criatividade, a imagina\u00e7\u00e3o da crian\u00e7a e muito mais!<\/p>\n<p>Feito em PLA (eco) por impress\u00e3o 3d, a fazendinha \u00e9 muito divertida e cabe em qualquer cantinho!<\/p>\n<p>Composto por:<\/p>\n<p>1 cavalo, 1 vaca, 1 porco com filhote,\u00a01 ganso,\u00a01 cachorro, 1 galo, 1 galinha, 1 ovelha, 2 coelhos.<\/p>\n<p>Veja tamb\u00e9m os outros conjuntos!<\/p>\n<p>Indicado para +3 anos<br \/>\nDesign by Simone L. Sperhacke<br \/>\nFeito por impress\u00e3o 3D, em PLA (pl\u00e1stico biodegrad\u00e1vel, sem petr\u00f3leo)<br \/>\nCores podem variar. Imagens ilustrativas.<br \/>\nProduto certificado de acordo com numero registro 007898\/2024 \u2013 Certificadora BRICS OCP 0098.<\/p>\n<p>Medidas aproximadas da embalagem: 14&#215;10 cm<\/p>\n<p>E voc\u00ea pode baixar o cen\u00e1rio para colorir\u00a0 <strong><a href=\"https:\/\/sisperdesign.com\/sisperstore\/produto\/cenario-fazendinha-gratis\/\" target=\"_blank\" rel=\"noopener noreferrer\">AQUI<\/a><\/strong><\/p>\n<p>Indicado para acima de 03 anos<\/p>\n<p>As cores podem variar<\/p>\n","protected":false},"excerpt":{"rendered":"<p>Brinque e se divirta com a Sisper Fazendinha!<\/p>\n<p>1 cavalo, 1 vaca, 1 porco com filhote,\u00a01 ganso,\u00a01 cachorro, 1 galo, 1 galinha, 1 ovelha, 2 coelhos.<\/p>\n","protected":false},"featured_media":14165,"comment_status":"open","ping_status":"closed","template":"","meta":{"jetpack_post_was_ever_published":false,"jetpack_publicize_message":"","jetpack_publicize_feature_enabled":true,"jetpack_social_post_already_shared":false,"jetpack_social_options":{"image_generator_settings":{"template":"highway","default_image_id":0,"font":"","enabled":false},"version":2}},"product_brand":[593,579],"product_cat":[610,19,613,251,28],"product_tag":[364,362,361,363,366,365],"class_list":{"0":"post-13443","1":"product","2":"type-product","3":"status-publish","4":"has-post-thumbnail","6":"product_brand-sisper-design","7":"product_brand-sisperdesign","8":"product_cat-610","9":"product_cat-brinquedos","10":"product_cat-educativos","11":"product_cat-decor","12":"product_cat-produtos","13":"product_tag-cavalo","14":"product_tag-farm","15":"product_tag-fazendinha","16":"product_tag-granja","17":"product_tag-porco","18":"product_tag-vaca","20":"first","21":"onbackorder","22":"shipping-taxable","23":"purchasable","24":"product-type-simple"},"jetpack_publicize_connections":[],"jetpack-related-posts":[],"jetpack_likes_enabled":true,"jetpack_sharing_enabled":true,"_links":{"self":[{"href":"https:\/\/sisperdesign.com\/sisperstore\/wp-json\/wp\/v2\/product\/13443","targetHints":{"allow":["GET"]}}],"collection":[{"href":"https:\/\/sisperdesign.com\/sisperstore\/wp-json\/wp\/v2\/product"}],"about":[{"href":"https:\/\/sisperdesign.com\/sisperstore\/wp-json\/wp\/v2\/types\/product"}],"replies":[{"embeddable":true,"href":"https:\/\/sisperdesign.com\/sisperstore\/wp-json\/wp\/v2\/comments?post=13443"}],"wp:featuredmedia":[{"embeddable":true,"href":"https:\/\/sisperdesign.com\/sisperstore\/wp-json\/wp\/v2\/media\/14165"}],"wp:attachment":[{"href":"https:\/\/sisperdesign.com\/sisperstore\/wp-json\/wp\/v2\/media?parent=13443"}],"wp:term":[{"taxonomy":"product_brand","embeddable":true,"href":"https:\/\/sisperdesign.com\/sisperstore\/wp-json\/wp\/v2\/product_brand?post=13443"},{"taxonomy":"product_cat","embeddable":true,"href":"https:\/\/sisperdesign.com\/sisperstore\/wp-json\/wp\/v2\/product_cat?post=13443"},{"taxonomy":"product_tag","embeddable":true,"href":"https:\/\/sisperdesign.com\/sisperstore\/wp-json\/wp\/v2\/product_tag?post=13443"}],"curies":[{"name":"wp","href":"https:\/\/api.w.org\/{rel}","templated":true}]}}