{"id":13602,"date":"2020-10-06T08:48:40","date_gmt":"2020-10-06T11:48:40","guid":{"rendered":"https:\/\/sisperdesign.com\/sisperstore\/?post_type=product&#038;p=13602"},"modified":"2026-01-28T06:40:23","modified_gmt":"2026-01-28T09:40:23","slug":"cenario-fazendinha-gratis","status":"publish","type":"product","link":"https:\/\/sisperdesign.com\/sisperstore\/produto\/cenario-fazendinha-gratis\/","title":{"rendered":"Cen\u00e1rio Fazendinha &#8211; GR\u00c1TIS #1"},"content":{"rendered":"<p>Imprima, pinte e brinque com o cen\u00e1rio de fazendinha!<\/p>\n<p>Precisa de impressora e folhas A4,<\/p>\n<p>l\u00e1pis de cera ou l\u00e1pis de cor, opcional: tesoura e cola ou fita adesiva.<\/p>\n<p>Voc\u00ea pode imprimir uma folha s\u00f3 ou v\u00e1rias!<\/p>\n<p>S\u00e3o 4 modelos diferentes que se encaixam,<\/p>\n<p>construa sua fazendinha e fa\u00e7a ela crescer cada vez mais!<\/p>\n<p>Use a criatividade, e invente desenhos diferentes na sua fazendinha.<\/p>\n<p>Divirta-se!<\/p>\n<p>*para baixar, basta adicionar ao carrinho de compras e finalizar o pedido. \u00c9 gr\u00e1tis!<\/p>\n<p>&nbsp;<\/p>\n<div style=\"width: 480px;\" class=\"wp-video\"><video class=\"wp-video-shortcode\" id=\"video-13602-1\" width=\"480\" height=\"848\" preload=\"metadata\" controls=\"controls\"><source type=\"video\/mp4\" src=\"https:\/\/sisperdesign.com\/sisperstore\/wp-content\/uploads\/2020\/10\/WhatsApp-Video-2020-10-16-at-20.33.11.mp4?_=1\" \/><a href=\"https:\/\/sisperdesign.com\/sisperstore\/wp-content\/uploads\/2020\/10\/WhatsApp-Video-2020-10-16-at-20.33.11.mp4\">https:\/\/sisperdesign.com\/sisperstore\/wp-content\/uploads\/2020\/10\/WhatsApp-Video-2020-10-16-at-20.33.11.mp4<\/a><\/video><\/div>\n<p>&nbsp;<\/p>\n<p>brinquedos divertidos<\/p>\n<p>brinquedos educativos<\/p>\n","protected":false},"excerpt":{"rendered":"<p>Imprima, pinte e brinque com esse cen\u00e1rio de fazenda!<\/p>\n<p>&nbsp;<\/p>\n","protected":false},"featured_media":13605,"comment_status":"open","ping_status":"closed","template":"","meta":{"jetpack_post_was_ever_published":false,"jetpack_publicize_message":"","jetpack_publicize_feature_enabled":true,"jetpack_social_post_already_shared":false,"jetpack_social_options":{"image_generator_settings":{"template":"highway","default_image_id":0,"font":"","enabled":false},"version":2}},"product_brand":[593,579],"product_cat":[19,251,391,20,28],"product_tag":[395,394,345,24,59,84,254,392,361,23,393],"class_list":{"0":"post-13602","1":"product","2":"type-product","3":"status-publish","4":"has-post-thumbnail","6":"product_brand-sisper-design","7":"product_brand-sisperdesign","8":"product_cat-brinquedos","9":"product_cat-decor","10":"product_cat-gratis","11":"product_cat-jogos","12":"product_cat-produtos","13":"product_tag-aprender","14":"product_tag-brincar","15":"product_tag-brinquedos","16":"product_tag-divertido","17":"product_tag-diy","18":"product_tag-eco","19":"product_tag-faca-voce-mesmo","20":"product_tag-fazenda","21":"product_tag-fazendinha","22":"product_tag-gratis","23":"product_tag-imprimir","25":"first","26":"instock","27":"sale","28":"downloadable","29":"virtual","30":"sold-individually","31":"purchasable","32":"product-type-simple"},"jetpack_publicize_connections":[],"jetpack-related-posts":[],"jetpack_likes_enabled":true,"jetpack_sharing_enabled":true,"_links":{"self":[{"href":"https:\/\/sisperdesign.com\/sisperstore\/wp-json\/wp\/v2\/product\/13602","targetHints":{"allow":["GET"]}}],"collection":[{"href":"https:\/\/sisperdesign.com\/sisperstore\/wp-json\/wp\/v2\/product"}],"about":[{"href":"https:\/\/sisperdesign.com\/sisperstore\/wp-json\/wp\/v2\/types\/product"}],"replies":[{"embeddable":true,"href":"https:\/\/sisperdesign.com\/sisperstore\/wp-json\/wp\/v2\/comments?post=13602"}],"wp:featuredmedia":[{"embeddable":true,"href":"https:\/\/sisperdesign.com\/sisperstore\/wp-json\/wp\/v2\/media\/13605"}],"wp:attachment":[{"href":"https:\/\/sisperdesign.com\/sisperstore\/wp-json\/wp\/v2\/media?parent=13602"}],"wp:term":[{"taxonomy":"product_brand","embeddable":true,"href":"https:\/\/sisperdesign.com\/sisperstore\/wp-json\/wp\/v2\/product_brand?post=13602"},{"taxonomy":"product_cat","embeddable":true,"href":"https:\/\/sisperdesign.com\/sisperstore\/wp-json\/wp\/v2\/product_cat?post=13602"},{"taxonomy":"product_tag","embeddable":true,"href":"https:\/\/sisperdesign.com\/sisperstore\/wp-json\/wp\/v2\/product_tag?post=13602"}],"curies":[{"name":"wp","href":"https:\/\/api.w.org\/{rel}","templated":true}]}}