{"id":13671,"date":"2020-11-09T10:25:20","date_gmt":"2020-11-09T13:25:20","guid":{"rendered":"https:\/\/sisperdesign.com\/sisperstore\/?post_type=product&#038;p=13671"},"modified":"2026-01-25T11:17:28","modified_gmt":"2026-01-25T14:17:28","slug":"natal","status":"publish","type":"product","link":"https:\/\/sisperdesign.com\/sisperstore\/produto\/natal\/","title":{"rendered":"\u00c1rvore de Natal"},"content":{"rendered":"<p>\u00c1rvore de Natal divertida!<\/p>\n<p>Feito em PLA (eco) por impress\u00e3o 3d, a \u00c1rvore de Natal Sisper \u00e9 muito divertida e cabe em qualquer cantinho!<\/p>\n<p>Indicado para +3 anos<br \/>\nDesign by Simone L. Sperhacke<br \/>\nMade in Brazil<br \/>\nFeito por impress\u00e3o 3D, em PLA (pl\u00e1stico biodegrad\u00e1vel, sem petr\u00f3leo)<br \/>\nCores podem variar.\u00a0Imagens ilustrativas.<br \/>\nProduto certificado de acordo com numero registro 007833\/2024 \u2013 Certificadora BRICS OCP 0098.<\/p>\n<p><iframe title=\"Mini \u00e1rvore de Natal #natal #arvoredenatal  #animation\" width=\"563\" height=\"1000\" src=\"https:\/\/www.youtube.com\/embed\/os3EgkBC4Tg?feature=oembed\" frameborder=\"0\" allow=\"accelerometer; autoplay; clipboard-write; encrypted-media; gyroscope; picture-in-picture; web-share\" referrerpolicy=\"strict-origin-when-cross-origin\" allowfullscreen><\/iframe><\/p>\n","protected":false},"excerpt":{"rendered":"<p>\u00c1rvore de Natal miniatura!<\/p>\n<p>&nbsp;<\/p>\n","protected":false},"featured_media":13673,"comment_status":"open","ping_status":"closed","template":"","meta":{"jetpack_post_was_ever_published":false,"jetpack_publicize_message":"","jetpack_publicize_feature_enabled":true,"jetpack_social_post_already_shared":false,"jetpack_social_options":{"image_generator_settings":{"template":"highway","default_image_id":0,"font":"","enabled":false},"version":2}},"product_brand":[593,579],"product_cat":[610,19,251,28],"product_tag":[400,345,82,399],"class_list":{"0":"post-13671","1":"product","2":"type-product","3":"status-publish","4":"has-post-thumbnail","6":"product_brand-sisper-design","7":"product_brand-sisperdesign","8":"product_cat-610","9":"product_cat-brinquedos","10":"product_cat-decor","11":"product_cat-produtos","12":"product_tag-arvore","13":"product_tag-brinquedos","14":"product_tag-design","15":"product_tag-natal","17":"first","18":"onbackorder","19":"featured","20":"shipping-taxable","21":"purchasable","22":"product-type-simple"},"jetpack_publicize_connections":[],"jetpack-related-posts":[],"jetpack_likes_enabled":true,"jetpack_sharing_enabled":true,"_links":{"self":[{"href":"https:\/\/sisperdesign.com\/sisperstore\/wp-json\/wp\/v2\/product\/13671","targetHints":{"allow":["GET"]}}],"collection":[{"href":"https:\/\/sisperdesign.com\/sisperstore\/wp-json\/wp\/v2\/product"}],"about":[{"href":"https:\/\/sisperdesign.com\/sisperstore\/wp-json\/wp\/v2\/types\/product"}],"replies":[{"embeddable":true,"href":"https:\/\/sisperdesign.com\/sisperstore\/wp-json\/wp\/v2\/comments?post=13671"}],"wp:featuredmedia":[{"embeddable":true,"href":"https:\/\/sisperdesign.com\/sisperstore\/wp-json\/wp\/v2\/media\/13673"}],"wp:attachment":[{"href":"https:\/\/sisperdesign.com\/sisperstore\/wp-json\/wp\/v2\/media?parent=13671"}],"wp:term":[{"taxonomy":"product_brand","embeddable":true,"href":"https:\/\/sisperdesign.com\/sisperstore\/wp-json\/wp\/v2\/product_brand?post=13671"},{"taxonomy":"product_cat","embeddable":true,"href":"https:\/\/sisperdesign.com\/sisperstore\/wp-json\/wp\/v2\/product_cat?post=13671"},{"taxonomy":"product_tag","embeddable":true,"href":"https:\/\/sisperdesign.com\/sisperstore\/wp-json\/wp\/v2\/product_tag?post=13671"}],"curies":[{"name":"wp","href":"https:\/\/api.w.org\/{rel}","templated":true}]}}