{"id":13958,"date":"2021-03-10T11:08:57","date_gmt":"2021-03-10T14:08:57","guid":{"rendered":"https:\/\/sisperdesign.com\/sisperstore\/?post_type=product&#038;p=13958"},"modified":"2026-05-04T11:18:34","modified_gmt":"2026-05-04T14:18:34","slug":"arquitete-1","status":"publish","type":"product","link":"https:\/\/sisperdesign.com\/sisperstore\/produto\/arquitete-1\/","title":{"rendered":"Arquitete #1"},"content":{"rendered":"<p>O conjunto de blocos Arquitete s\u00e3o \u00f3timos para despertar o Mini Arquiteto(a) que existe em voc\u00ea!<\/p>\n<p>Excelente para estimular a criatividade ao se descobrir as diferentes maneiras de brincar e decorar com esses 6 blocos de constru\u00e7\u00e3o.<\/p>\n<p>N\u00e3o h\u00e1 t\u00e9dio aqui!<\/p>\n<p>&nbsp;<\/p>\n<p><strong>Curiosidade:<\/strong><\/p>\n<p>Voc\u00ea sabia que a palavra Arquitete significa: Idear, fantasiar, projetar ou mesmo arquitetar planos soberbos?<\/p>\n<p>Indicado para maiores que 3 anos.<\/p>\n<p>Feito por impress\u00e3o 3D em PLA (biodegrad\u00e1vel, ecol\u00f3gico!)<br \/>\nDesign By Simone L. Sperhacke<\/p>\n<p>Imagens ilustrativas.<\/p>\n<p>Cores podem variar.<\/p>\n","protected":false},"excerpt":{"rendered":"<p>Blocos para brincar e decorar!<\/p>\n","protected":false},"featured_media":14059,"comment_status":"open","ping_status":"closed","template":"","meta":{"jetpack_post_was_ever_published":false,"jetpack_publicize_message":"","jetpack_publicize_feature_enabled":true,"jetpack_social_post_already_shared":false,"jetpack_social_options":{"image_generator_settings":{"template":"highway","default_image_id":0,"font":"","enabled":false},"version":2}},"product_brand":[],"product_cat":[172,19,251,28],"product_tag":[418,415,416,417,387,82,348,414],"class_list":{"0":"post-13958","1":"product","2":"type-product","3":"status-publish","4":"has-post-thumbnail","6":"product_cat-acessorios","7":"product_cat-brinquedos","8":"product_cat-decor","9":"product_cat-produtos","10":"product_tag-arquitete","11":"product_tag-arquiteto","12":"product_tag-arquitetura","13":"product_tag-blocos","14":"product_tag-decor","15":"product_tag-design","16":"product_tag-empilhar","17":"product_tag-mini","19":"first","20":"onbackorder","21":"shipping-taxable","22":"purchasable","23":"product-type-simple"},"jetpack_publicize_connections":[],"jetpack-related-posts":[],"jetpack_likes_enabled":true,"jetpack_sharing_enabled":true,"_links":{"self":[{"href":"https:\/\/sisperdesign.com\/sisperstore\/wp-json\/wp\/v2\/product\/13958","targetHints":{"allow":["GET"]}}],"collection":[{"href":"https:\/\/sisperdesign.com\/sisperstore\/wp-json\/wp\/v2\/product"}],"about":[{"href":"https:\/\/sisperdesign.com\/sisperstore\/wp-json\/wp\/v2\/types\/product"}],"replies":[{"embeddable":true,"href":"https:\/\/sisperdesign.com\/sisperstore\/wp-json\/wp\/v2\/comments?post=13958"}],"wp:featuredmedia":[{"embeddable":true,"href":"https:\/\/sisperdesign.com\/sisperstore\/wp-json\/wp\/v2\/media\/14059"}],"wp:attachment":[{"href":"https:\/\/sisperdesign.com\/sisperstore\/wp-json\/wp\/v2\/media?parent=13958"}],"wp:term":[{"taxonomy":"product_brand","embeddable":true,"href":"https:\/\/sisperdesign.com\/sisperstore\/wp-json\/wp\/v2\/product_brand?post=13958"},{"taxonomy":"product_cat","embeddable":true,"href":"https:\/\/sisperdesign.com\/sisperstore\/wp-json\/wp\/v2\/product_cat?post=13958"},{"taxonomy":"product_tag","embeddable":true,"href":"https:\/\/sisperdesign.com\/sisperstore\/wp-json\/wp\/v2\/product_tag?post=13958"}],"curies":[{"name":"wp","href":"https:\/\/api.w.org\/{rel}","templated":true}]}}