{"id":14200,"date":"2021-05-25T09:37:17","date_gmt":"2021-05-25T12:37:17","guid":{"rendered":"https:\/\/sisperdesign.com\/sisperstore\/?post_type=product&#038;p=14200"},"modified":"2026-05-04T11:18:34","modified_gmt":"2026-05-04T14:18:34","slug":"carrinho","status":"publish","type":"product","link":"https:\/\/sisperdesign.com\/sisperstore\/produto\/carrinho\/","title":{"rendered":"Carrinho"},"content":{"rendered":"<p>Voc\u00ea sabia que &#8230;<br \/>\nBrincar com carrinhos:<\/p>\n<ul>\n<li>desenvolve a imagina\u00e7\u00e3o,<\/li>\n<li>permite explora\u00e7\u00e3o espacial e a ter no\u00e7\u00e3o de regras,<\/li>\n<li>desenvolve emo\u00e7\u00f5es expressivas e ajuda a entender as rela\u00e7\u00f5es pessoais,<\/li>\n<li>\u00e9 um \u00f3timo exerc\u00edcio f\u00edsico,<\/li>\n<li>al\u00e9m de ser muito divertido!<\/li>\n<\/ul>\n<p>Verifique cores dispon\u00edveis!<\/p>\n<p>Carrinho compat\u00edvel com Matchbox ou Hot wheels.<\/p>\n<p data-start=\"620\" data-end=\"827\"><strong data-start=\"620\" data-end=\"646\">Indicado para +3 anos.<\/strong><br data-start=\"646\" data-end=\"649\" \/><strong data-start=\"649\" data-end=\"660\">Design:<\/strong> Simone L. Sperhacke.<br data-start=\"681\" data-end=\"684\" \/>Produzido por <strong data-start=\"698\" data-end=\"721\">impress\u00e3o 3D em PLA<\/strong>, pl\u00e1stico biodegrad\u00e1vel de origem vegetal, livre de petr\u00f3leo.<br data-start=\"783\" data-end=\"786\" \/>Cores podem variar. Imagens ilustrativas.<\/p>\n<p>Produto certificado conforme Registro n\u00ba007826\/2024 \u2013 Certificadora BRICS OCP 0098.<\/p>\n<p>SisperDesign \u2014 design para brincar, criar, imaginar e encantar.<\/p>\n","protected":false},"excerpt":{"rendered":"<p>Carrinho divertido |\u00a0Ecol\u00f3gico |<\/p>\n<p>Verifique cores dispon\u00edveis!<\/p>\n","protected":false},"featured_media":14201,"comment_status":"open","ping_status":"closed","template":"","meta":{"jetpack_post_was_ever_published":false,"jetpack_publicize_message":"","jetpack_publicize_feature_enabled":true,"jetpack_social_post_already_shared":false,"jetpack_social_options":{"image_generator_settings":{"template":"highway","default_image_id":0,"font":"","enabled":false},"version":2}},"product_brand":[593,579],"product_cat":[610,19,613,28],"product_tag":[335,436,82,84],"class_list":{"0":"post-14200","1":"product","2":"type-product","3":"status-publish","4":"has-post-thumbnail","6":"product_brand-sisper-design","7":"product_brand-sisperdesign","8":"product_cat-610","9":"product_cat-brinquedos","10":"product_cat-educativos","11":"product_cat-produtos","12":"product_tag-brinquedo","13":"product_tag-carrinho","14":"product_tag-design","15":"product_tag-eco","17":"first","18":"onbackorder","19":"shipping-taxable","20":"purchasable","21":"product-type-simple"},"jetpack_publicize_connections":[],"jetpack-related-posts":[],"jetpack_likes_enabled":true,"jetpack_sharing_enabled":true,"_links":{"self":[{"href":"https:\/\/sisperdesign.com\/sisperstore\/wp-json\/wp\/v2\/product\/14200","targetHints":{"allow":["GET"]}}],"collection":[{"href":"https:\/\/sisperdesign.com\/sisperstore\/wp-json\/wp\/v2\/product"}],"about":[{"href":"https:\/\/sisperdesign.com\/sisperstore\/wp-json\/wp\/v2\/types\/product"}],"replies":[{"embeddable":true,"href":"https:\/\/sisperdesign.com\/sisperstore\/wp-json\/wp\/v2\/comments?post=14200"}],"wp:featuredmedia":[{"embeddable":true,"href":"https:\/\/sisperdesign.com\/sisperstore\/wp-json\/wp\/v2\/media\/14201"}],"wp:attachment":[{"href":"https:\/\/sisperdesign.com\/sisperstore\/wp-json\/wp\/v2\/media?parent=14200"}],"wp:term":[{"taxonomy":"product_brand","embeddable":true,"href":"https:\/\/sisperdesign.com\/sisperstore\/wp-json\/wp\/v2\/product_brand?post=14200"},{"taxonomy":"product_cat","embeddable":true,"href":"https:\/\/sisperdesign.com\/sisperstore\/wp-json\/wp\/v2\/product_cat?post=14200"},{"taxonomy":"product_tag","embeddable":true,"href":"https:\/\/sisperdesign.com\/sisperstore\/wp-json\/wp\/v2\/product_tag?post=14200"}],"curies":[{"name":"wp","href":"https:\/\/api.w.org\/{rel}","templated":true}]}}