{"id":14220,"date":"2021-06-02T10:02:47","date_gmt":"2021-06-02T13:02:47","guid":{"rendered":"https:\/\/sisperdesign.com\/sisperstore\/?post_type=product&#038;p=14220"},"modified":"2026-04-15T17:13:14","modified_gmt":"2026-04-15T20:13:14","slug":"buda","status":"publish","type":"product","link":"https:\/\/sisperdesign.com\/sisperstore\/produto\/buda\/","title":{"rendered":"Buda Medita\u00e7\u00e3o"},"content":{"rendered":"<p>Buda meditando na flor de l\u00f3tus\u2026<\/p>\n<p>J\u00e1 foi comprovado benef\u00edcios que a medita\u00e7\u00e3o promove a quem a pratica.<br \/>\nQue tal meditar acompanhado do nosso\u00a0<a class=\" xil3i\" href=\"https:\/\/www.instagram.com\/explore\/tags\/buda\/\" target=\"_blank\" rel=\"noopener\">#buda<\/a> ?<\/p>\n<p>Para tornar os momentos de medita\u00e7\u00e3o mais agrad\u00e1veis ainda!<\/p>\n<p>Feito por impress\u00e3o 3D, em PLA (pl\u00e1stico biodegrad\u00e1vel, sem petr\u00f3leo)<\/p>\n<p>Namast\u00e8 !<\/p>\n<p>Design by Simone L. Sperhacke<\/p>\n<p>Made in Brazil<\/p>\n<p>Imagens ilustrativas.<\/p>\n<p>Cores podem variar.<\/p>\n","protected":false},"excerpt":{"rendered":"<p>Buda meditando na flor de l\u00f3tus\u2026<\/p>\n","protected":false},"featured_media":14222,"comment_status":"open","ping_status":"closed","template":"","meta":{"jetpack_post_was_ever_published":false,"jetpack_publicize_message":"","jetpack_publicize_feature_enabled":true,"jetpack_social_post_already_shared":false,"jetpack_social_options":{"image_generator_settings":{"template":"highway","default_image_id":0,"font":"","enabled":false},"version":2}},"product_brand":[],"product_cat":[172,251,28],"product_tag":[406,387,82,437,408,438],"class_list":{"0":"post-14220","1":"product","2":"type-product","3":"status-publish","4":"has-post-thumbnail","6":"product_cat-acessorios","7":"product_cat-decor","8":"product_cat-produtos","9":"product_tag-buda","10":"product_tag-decor","11":"product_tag-design","12":"product_tag-meditacao","13":"product_tag-meditar","14":"product_tag-zen","15":"pa_cor-amr","16":"pa_cor-azul","17":"pa_cor-br","18":"pa_cor-fucsia","19":"pa_cor-laranja","20":"pa_cor-mar","21":"pa_cor-ros","22":"pa_cor-turquesa","23":"pa_cor-vd","24":"pa_cor-vrl","26":"first","27":"onbackorder","28":"shipping-taxable","29":"product-type-simple"},"jetpack_publicize_connections":[],"jetpack-related-posts":[],"jetpack_likes_enabled":true,"jetpack_sharing_enabled":true,"_links":{"self":[{"href":"https:\/\/sisperdesign.com\/sisperstore\/wp-json\/wp\/v2\/product\/14220","targetHints":{"allow":["GET"]}}],"collection":[{"href":"https:\/\/sisperdesign.com\/sisperstore\/wp-json\/wp\/v2\/product"}],"about":[{"href":"https:\/\/sisperdesign.com\/sisperstore\/wp-json\/wp\/v2\/types\/product"}],"replies":[{"embeddable":true,"href":"https:\/\/sisperdesign.com\/sisperstore\/wp-json\/wp\/v2\/comments?post=14220"}],"wp:featuredmedia":[{"embeddable":true,"href":"https:\/\/sisperdesign.com\/sisperstore\/wp-json\/wp\/v2\/media\/14222"}],"wp:attachment":[{"href":"https:\/\/sisperdesign.com\/sisperstore\/wp-json\/wp\/v2\/media?parent=14220"}],"wp:term":[{"taxonomy":"product_brand","embeddable":true,"href":"https:\/\/sisperdesign.com\/sisperstore\/wp-json\/wp\/v2\/product_brand?post=14220"},{"taxonomy":"product_cat","embeddable":true,"href":"https:\/\/sisperdesign.com\/sisperstore\/wp-json\/wp\/v2\/product_cat?post=14220"},{"taxonomy":"product_tag","embeddable":true,"href":"https:\/\/sisperdesign.com\/sisperstore\/wp-json\/wp\/v2\/product_tag?post=14220"}],"curies":[{"name":"wp","href":"https:\/\/api.w.org\/{rel}","templated":true}]}}