{"id":14249,"date":"2021-06-11T10:26:01","date_gmt":"2021-06-11T13:26:01","guid":{"rendered":"https:\/\/sisperdesign.com\/sisperstore\/?post_type=product&#038;p=14249"},"modified":"2025-09-30T18:14:25","modified_gmt":"2025-09-30T21:14:25","slug":"chaveiro-coracao","status":"publish","type":"product","link":"https:\/\/sisperdesign.com\/sisperstore\/produto\/chaveiro-coracao\/","title":{"rendered":"Chaveiro Cora\u00e7\u00e3o"},"content":{"rendered":"<p>Feito por impress\u00e3o 3D,<\/p>\n<p>em PLA (pl\u00e1stico biodegrad\u00e1vel, sem petr\u00f3leo)<\/p>\n<p>Design by Simone L. Sperhacke<\/p>\n<p>Made in Brazil<\/p>\n","protected":false},"excerpt":{"rendered":"<p>De cora\u00e7\u00e3o!<\/p>\n<p>Para efeitar,\u00a0 organizar e colorir!<\/p>\n","protected":false},"featured_media":14250,"comment_status":"open","ping_status":"closed","template":"","meta":{"jetpack_post_was_ever_published":false,"jetpack_publicize_message":"","jetpack_publicize_feature_enabled":true,"jetpack_social_post_already_shared":false,"jetpack_social_options":{"image_generator_settings":{"template":"highway","default_image_id":0,"font":"","enabled":false},"version":2}},"product_brand":[593,579],"product_cat":[172,251,28],"product_tag":[439,57,441,82],"class_list":{"0":"post-14249","1":"product","2":"type-product","3":"status-publish","4":"has-post-thumbnail","6":"product_brand-sisper-design","7":"product_brand-sisperdesign","8":"product_cat-acessorios","9":"product_cat-decor","10":"product_cat-produtos","11":"product_tag-amor","12":"product_tag-chaveiro","13":"product_tag-coracao","14":"product_tag-design","16":"first","17":"instock","18":"shipping-taxable","19":"purchasable","20":"product-type-simple"},"jetpack_publicize_connections":[],"jetpack-related-posts":[],"jetpack_likes_enabled":true,"jetpack_sharing_enabled":true,"_links":{"self":[{"href":"https:\/\/sisperdesign.com\/sisperstore\/wp-json\/wp\/v2\/product\/14249","targetHints":{"allow":["GET"]}}],"collection":[{"href":"https:\/\/sisperdesign.com\/sisperstore\/wp-json\/wp\/v2\/product"}],"about":[{"href":"https:\/\/sisperdesign.com\/sisperstore\/wp-json\/wp\/v2\/types\/product"}],"replies":[{"embeddable":true,"href":"https:\/\/sisperdesign.com\/sisperstore\/wp-json\/wp\/v2\/comments?post=14249"}],"wp:featuredmedia":[{"embeddable":true,"href":"https:\/\/sisperdesign.com\/sisperstore\/wp-json\/wp\/v2\/media\/14250"}],"wp:attachment":[{"href":"https:\/\/sisperdesign.com\/sisperstore\/wp-json\/wp\/v2\/media?parent=14249"}],"wp:term":[{"taxonomy":"product_brand","embeddable":true,"href":"https:\/\/sisperdesign.com\/sisperstore\/wp-json\/wp\/v2\/product_brand?post=14249"},{"taxonomy":"product_cat","embeddable":true,"href":"https:\/\/sisperdesign.com\/sisperstore\/wp-json\/wp\/v2\/product_cat?post=14249"},{"taxonomy":"product_tag","embeddable":true,"href":"https:\/\/sisperdesign.com\/sisperstore\/wp-json\/wp\/v2\/product_tag?post=14249"}],"curies":[{"name":"wp","href":"https:\/\/api.w.org\/{rel}","templated":true}]}}