{"id":14311,"date":"2021-07-14T11:36:01","date_gmt":"2021-07-14T14:36:01","guid":{"rendered":"https:\/\/sisperdesign.com\/sisperstore\/?post_type=product&#038;p=14311"},"modified":"2026-03-22T11:00:37","modified_gmt":"2026-03-22T14:00:37","slug":"carro-bug","status":"publish","type":"product","link":"https:\/\/sisperdesign.com\/sisperstore\/produto\/carro-bug\/","title":{"rendered":"Carro Bug \u2013 Brinquedo de Empurrar"},"content":{"rendered":"<p>Carro Bug SisperDesign \u2013 Brinquedo de Empurrar Infantil com Rodas Livres e Design Educativo<\/p>\n<p>O Carro Bug \u00e9 um brinquedo de empurrar infantil que estimula o desenvolvimento motor e o brincar livre por meio do design autoral da SisperDesign.<\/p>\n<p>Voc\u00ea sabia que \u2026<br \/>\nBrincar com carrinhos:<\/p>\n<ul>\n<li>desenvolve a imagina\u00e7\u00e3o,<\/li>\n<li>permite explora\u00e7\u00e3o espacial e a ter no\u00e7\u00e3o de regras,<\/li>\n<li>desenvolve emo\u00e7\u00f5es expressivas e ajuda a entender as rela\u00e7\u00f5es pessoais,<\/li>\n<li>\u00e9 um \u00f3timo exerc\u00edcio f\u00edsico,<\/li>\n<li>al\u00e9m de ser muito divertido!<\/li>\n<\/ul>\n<p data-start=\"384\" data-end=\"422\"><strong data-start=\"384\" data-end=\"420\">Vamos brincar e aprender juntos?<\/strong><\/p>\n<p data-start=\"424\" data-end=\"677\">Indicado para +18 meses<br data-start=\"447\" data-end=\"450\" \/>Design: Simone L. Sperhacke<br data-start=\"477\" data-end=\"480\" \/>Produzido em impress\u00e3o 3D, com PLA (pl\u00e1stico biodegrad\u00e1vel, sem petr\u00f3leo)<br data-start=\"553\" data-end=\"556\" \/>Cores podem variar. Imagens ilustrativas.<br data-start=\"597\" data-end=\"600\" \/>Produto certificado: registro n\u00ba 007826\/2024 \u2013 Certificadora BRICS OCP 0098<\/p>\n<p data-start=\"424\" data-end=\"677\">Carro Bug SisperDesign \u2013 Brinquedo de Empurrar Infantil com Rodas Livres e Design Educativo<\/p>\n","protected":false},"excerpt":{"rendered":"<p>Um carro divertido para brincar, explorar a criatividade e se encantar com o design SisperDesign!<\/p>\n","protected":false},"featured_media":14316,"comment_status":"open","ping_status":"closed","template":"","meta":{"jetpack_post_was_ever_published":false,"jetpack_publicize_message":"","jetpack_publicize_feature_enabled":true,"jetpack_social_post_already_shared":false,"jetpack_social_options":{"image_generator_settings":{"template":"highway","default_image_id":0,"font":"","enabled":false},"version":2}},"product_brand":[593,579],"product_cat":[608,172,19,613],"product_tag":[335,345,629,436,446,84,247,447,448,476,450,449],"class_list":{"0":"post-14311","1":"product","2":"type-product","3":"status-publish","4":"has-post-thumbnail","6":"product_brand-sisper-design","7":"product_brand-sisperdesign","8":"product_cat-18m","9":"product_cat-acessorios","10":"product_cat-brinquedos","11":"product_cat-educativos","12":"product_tag-brinquedo","13":"product_tag-brinquedos","14":"product_tag-bug","15":"product_tag-carrinho","16":"product_tag-carro","17":"product_tag-eco","18":"product_tag-ecologico","19":"product_tag-fuca","20":"product_tag-fusca","21":"product_tag-puxar","22":"product_tag-volkswagen","23":"product_tag-vw","24":"pa_cor-amr","25":"pa_cor-azul","26":"pa_cor-ros","27":"pa_cor-vd","28":"pa_cor-vrl","30":"first","31":"instock","32":"shipping-taxable","33":"purchasable","34":"product-type-simple"},"jetpack_publicize_connections":[],"jetpack-related-posts":[],"jetpack_likes_enabled":true,"jetpack_sharing_enabled":true,"_links":{"self":[{"href":"https:\/\/sisperdesign.com\/sisperstore\/wp-json\/wp\/v2\/product\/14311","targetHints":{"allow":["GET"]}}],"collection":[{"href":"https:\/\/sisperdesign.com\/sisperstore\/wp-json\/wp\/v2\/product"}],"about":[{"href":"https:\/\/sisperdesign.com\/sisperstore\/wp-json\/wp\/v2\/types\/product"}],"replies":[{"embeddable":true,"href":"https:\/\/sisperdesign.com\/sisperstore\/wp-json\/wp\/v2\/comments?post=14311"}],"wp:featuredmedia":[{"embeddable":true,"href":"https:\/\/sisperdesign.com\/sisperstore\/wp-json\/wp\/v2\/media\/14316"}],"wp:attachment":[{"href":"https:\/\/sisperdesign.com\/sisperstore\/wp-json\/wp\/v2\/media?parent=14311"}],"wp:term":[{"taxonomy":"product_brand","embeddable":true,"href":"https:\/\/sisperdesign.com\/sisperstore\/wp-json\/wp\/v2\/product_brand?post=14311"},{"taxonomy":"product_cat","embeddable":true,"href":"https:\/\/sisperdesign.com\/sisperstore\/wp-json\/wp\/v2\/product_cat?post=14311"},{"taxonomy":"product_tag","embeddable":true,"href":"https:\/\/sisperdesign.com\/sisperstore\/wp-json\/wp\/v2\/product_tag?post=14311"}],"curies":[{"name":"wp","href":"https:\/\/api.w.org\/{rel}","templated":true}]}}