{"id":14482,"date":"2022-03-16T11:40:23","date_gmt":"2022-03-16T14:40:23","guid":{"rendered":"https:\/\/sisperdesign.com\/sisperstore\/?post_type=product&#038;p=14482"},"modified":"2026-05-04T11:18:34","modified_gmt":"2026-05-04T14:18:34","slug":"animais-fazenda","status":"publish","type":"product","link":"https:\/\/sisperdesign.com\/sisperstore\/produto\/animais-fazenda\/","title":{"rendered":"Animais da Fazenda"},"content":{"rendered":"<p>As miniaturas de animais s\u00e3o brinquedos que est\u00e3o conosco h\u00e1 s\u00e9culos. A maioria das crian\u00e7as em idade pr\u00e9-escolar, meninos e meninas, ama bonecos tanto quanto amam brincar de faz de conta.<br \/>\nOs modelos de animais s\u00e3o um dos brinquedos cujo encanto intemporal permanece atrav\u00e9s das gera\u00e7\u00f5es.<br \/>\nAs miniaturas estimulam o desenvolvimento, a criatividade, a imagina\u00e7\u00e3o da crian\u00e7a e muito mais!<\/p>\n<p><strong>Finalista na categoria Brinquedos e jogos do Pr\u00eamio Bornancini 2024.<\/strong><\/p>\n<figure id=\"attachment_17414\" class=\"wp-caption alignnone\" style=\"width: 290px\" aria-describedby=\"caption-attachment-17414\"><img decoding=\"async\" class=\"size-medium wp-image-17414 lazyload\" data-src=\"https:\/\/sisperdesign.com\/sisperstore\/wp-content\/uploads\/2024\/10\/selo_bornancini-300x300.jpg\" alt=\"shortlist pr\u00eamio Bornancini\" width=\"300\" height=\"300\" data-srcset=\"https:\/\/sisperdesign.com\/sisperstore\/wp-content\/uploads\/2024\/10\/selo_bornancini-300x300.jpg 300w, https:\/\/sisperdesign.com\/sisperstore\/wp-content\/uploads\/2024\/10\/selo_bornancini-150x150.jpg 150w, https:\/\/sisperdesign.com\/sisperstore\/wp-content\/uploads\/2024\/10\/selo_bornancini-768x768.jpg 768w, https:\/\/sisperdesign.com\/sisperstore\/wp-content\/uploads\/2024\/10\/selo_bornancini-600x600.jpg 600w, https:\/\/sisperdesign.com\/sisperstore\/wp-content\/uploads\/2024\/10\/selo_bornancini-100x100.jpg 100w, https:\/\/sisperdesign.com\/sisperstore\/wp-content\/uploads\/2024\/10\/selo_bornancini.jpg 1025w\" data-sizes=\"(max-width: 300px) 100vw, 300px\" src=\"data:image\/svg+xml;base64,PHN2ZyB3aWR0aD0iMSIgaGVpZ2h0PSIxIiB4bWxucz0iaHR0cDovL3d3dy53My5vcmcvMjAwMC9zdmciPjwvc3ZnPg==\" style=\"--smush-placeholder-width: 300px; --smush-placeholder-aspect-ratio: 300\/300;\" \/><figcaption id=\"caption-attachment-17414\" class=\"wp-caption-text\"><span style=\"font-size: 16px\">Composto por:<\/span><\/figcaption><\/figure>\n<p>1 cavalo, 1 vaca, 1 porco, 1 ganso, 1 cachorro, 1 galo, 1 galinha, 1 ovelha, 1 coelho.<\/p>\n<p>Veja tamb\u00e9m os outros conjuntos!<\/p>\n<p>Indicado para +2 anos (24 meses)<br \/>\nDesign by Simone L. Sperhacke<br \/>\nFeito por impress\u00e3o 3D, em PLA (pl\u00e1stico biodegrad\u00e1vel, sem petr\u00f3leo)<br \/>\nCores podem variar. Imagens ilustrativas.<br \/>\nProduto certificado de acordo com numero registro 007898\/2024 \u2013 Certificadora BRICS OCP 0098.<\/p>\n","protected":false},"excerpt":{"rendered":"<p>Animais da Fazenda para aprender, brincar e decorar!<\/p>\n","protected":false},"featured_media":17309,"comment_status":"open","ping_status":"closed","template":"","meta":{"jetpack_post_was_ever_published":false,"jetpack_publicize_message":"","jetpack_publicize_feature_enabled":true,"jetpack_social_post_already_shared":false,"jetpack_social_options":{"image_generator_settings":{"template":"highway","default_image_id":0,"font":"","enabled":false},"version":2}},"product_brand":[593,579],"product_cat":[609,19,28],"product_tag":[443,624,364,392,455,625],"class_list":{"0":"post-14482","1":"product","2":"type-product","3":"status-publish","4":"has-post-thumbnail","6":"product_brand-sisper-design","7":"product_brand-sisperdesign","8":"product_cat-24m","9":"product_cat-brinquedos","10":"product_cat-produtos","11":"product_tag-animais","12":"product_tag-animais-da-fazenda","13":"product_tag-cavalo","14":"product_tag-fazenda","15":"product_tag-miniaturas","16":"product_tag-sustentavel","18":"first","19":"onbackorder","20":"featured","21":"shipping-taxable","22":"purchasable","23":"product-type-simple"},"jetpack_publicize_connections":[],"jetpack-related-posts":[],"jetpack_likes_enabled":true,"jetpack_sharing_enabled":true,"_links":{"self":[{"href":"https:\/\/sisperdesign.com\/sisperstore\/wp-json\/wp\/v2\/product\/14482","targetHints":{"allow":["GET"]}}],"collection":[{"href":"https:\/\/sisperdesign.com\/sisperstore\/wp-json\/wp\/v2\/product"}],"about":[{"href":"https:\/\/sisperdesign.com\/sisperstore\/wp-json\/wp\/v2\/types\/product"}],"replies":[{"embeddable":true,"href":"https:\/\/sisperdesign.com\/sisperstore\/wp-json\/wp\/v2\/comments?post=14482"}],"wp:featuredmedia":[{"embeddable":true,"href":"https:\/\/sisperdesign.com\/sisperstore\/wp-json\/wp\/v2\/media\/17309"}],"wp:attachment":[{"href":"https:\/\/sisperdesign.com\/sisperstore\/wp-json\/wp\/v2\/media?parent=14482"}],"wp:term":[{"taxonomy":"product_brand","embeddable":true,"href":"https:\/\/sisperdesign.com\/sisperstore\/wp-json\/wp\/v2\/product_brand?post=14482"},{"taxonomy":"product_cat","embeddable":true,"href":"https:\/\/sisperdesign.com\/sisperstore\/wp-json\/wp\/v2\/product_cat?post=14482"},{"taxonomy":"product_tag","embeddable":true,"href":"https:\/\/sisperdesign.com\/sisperstore\/wp-json\/wp\/v2\/product_tag?post=14482"}],"curies":[{"name":"wp","href":"https:\/\/api.w.org\/{rel}","templated":true}]}}