{"id":14490,"date":"2022-03-22T12:54:56","date_gmt":"2022-03-22T15:54:56","guid":{"rendered":"https:\/\/sisperdesign.com\/sisperstore\/?post_type=product&#038;p=14490"},"modified":"2026-05-04T11:18:33","modified_gmt":"2026-05-04T14:18:33","slug":"usina-do-gasometro","status":"publish","type":"product","link":"https:\/\/sisperdesign.com\/sisperstore\/produto\/usina-do-gasometro\/","title":{"rendered":"Usina do Gas\u00f4metro &#8211; Miniatura colecion\u00e1vel"},"content":{"rendered":"<p>Usina do Gas\u00f4metro \u00e9 um dos pontos tur\u00edsticos que adoramos!<\/p>\n<p>Com Arquitetura datada de 1928, faz parte da hist\u00f3ria de Porto Alegre.<\/p>\n<p>Nossa homenagem aos 250 anos da cidade que tanto amamos!<\/p>\n<p>Vers\u00e3o minimalista da Usina do Gas\u00f4metro de Porto Alegre<\/p>\n<p>*Faz parte do acervo\u00a0<span class=\"_fadeIn_m1hgl_8\">IPHAE-<\/span><span class=\"_fadeIn_m1hgl_8\">RS (<\/span><span class=\"_fadeIn_m1hgl_8\">Instituto\u00a0<\/span><span class=\"_fadeIn_m1hgl_8\">do\u00a0<\/span><span class=\"_fadeIn_m1hgl_8\">Patrim\u00f4nio\u00a0<\/span><span class=\"_fadeIn_m1hgl_8\">Hist\u00f3rico\u00a0<\/span><span class=\"_fadeIn_m1hgl_8\">e\u00a0<\/span><span class=\"_fadeIn_m1hgl_8\">Art\u00edstico\u00a0<\/span><span class=\"_fadeIn_m1hgl_8\">do\u00a0<\/span><span class=\"_fadeIn_m1hgl_8\">Estado\u00a0<\/span><span class=\"_fadeIn_m1hgl_8\">do\u00a0<\/span><span class=\"_fadeIn_m1hgl_8\">Rio\u00a0<\/span><span class=\"_fadeIn_m1hgl_8\">Grande\u00a0<\/span><span class=\"_fadeIn_m1hgl_8\">do\u00a0<\/span><span class=\"_fadeIn_m1hgl_8\">Sul)<\/span><\/p>\n<p>Feito por impress\u00e3o 3D em PLA (sem petr\u00f3leo, ecol\u00f3gico!)<br \/>\nDesign By Simone L. Sperhacke<\/p>\n<p>Imagens ilustrativas.<\/p>\n<p>Cores podem variar.<\/p>\n<p>*Usina do Gas\u00f4metro, ou simplesmente Gas\u00f4metro, \u00e9 uma antiga usina brasileira de gera\u00e7\u00e3o de energia localizada em Porto Alegre, capital do Rio Grande do Sul. Apesar do nome, era na realidade uma usina movida a carv\u00e3o mineral.<\/p>\n","protected":false},"excerpt":{"rendered":"<p>Usina do Gas\u00f4metro, arquitetura de Porto Alegre.<\/p>\n<p>Miniatura colecion\u00e1vel<\/p>\n","protected":false},"featured_media":14499,"comment_status":"open","ping_status":"closed","template":"","meta":{"jetpack_post_was_ever_published":false,"jetpack_publicize_message":"","jetpack_publicize_feature_enabled":true,"jetpack_social_post_already_shared":false,"jetpack_social_options":{"image_generator_settings":{"template":"highway","default_image_id":0,"font":"","enabled":false},"version":2}},"product_brand":[],"product_cat":[604,251,28],"product_tag":[459,460,416,462,456,419,461,457,458],"class_list":{"0":"post-14490","1":"product","2":"type-product","3":"status-publish","4":"has-post-thumbnail","6":"product_cat-poa","7":"product_cat-decor","8":"product_cat-produtos","9":"product_tag-459","10":"product_tag-aniversario","11":"product_tag-arquitetura","12":"product_tag-cidade","13":"product_tag-poa","14":"product_tag-porto-alegre","15":"product_tag-turismo","16":"product_tag-usina","17":"product_tag-usina-do-gasometro","19":"first","20":"onbackorder","21":"shipping-taxable","22":"purchasable","23":"product-type-simple"},"jetpack_publicize_connections":[],"jetpack-related-posts":[],"jetpack_likes_enabled":true,"jetpack_sharing_enabled":true,"_links":{"self":[{"href":"https:\/\/sisperdesign.com\/sisperstore\/wp-json\/wp\/v2\/product\/14490","targetHints":{"allow":["GET"]}}],"collection":[{"href":"https:\/\/sisperdesign.com\/sisperstore\/wp-json\/wp\/v2\/product"}],"about":[{"href":"https:\/\/sisperdesign.com\/sisperstore\/wp-json\/wp\/v2\/types\/product"}],"replies":[{"embeddable":true,"href":"https:\/\/sisperdesign.com\/sisperstore\/wp-json\/wp\/v2\/comments?post=14490"}],"wp:featuredmedia":[{"embeddable":true,"href":"https:\/\/sisperdesign.com\/sisperstore\/wp-json\/wp\/v2\/media\/14499"}],"wp:attachment":[{"href":"https:\/\/sisperdesign.com\/sisperstore\/wp-json\/wp\/v2\/media?parent=14490"}],"wp:term":[{"taxonomy":"product_brand","embeddable":true,"href":"https:\/\/sisperdesign.com\/sisperstore\/wp-json\/wp\/v2\/product_brand?post=14490"},{"taxonomy":"product_cat","embeddable":true,"href":"https:\/\/sisperdesign.com\/sisperstore\/wp-json\/wp\/v2\/product_cat?post=14490"},{"taxonomy":"product_tag","embeddable":true,"href":"https:\/\/sisperdesign.com\/sisperstore\/wp-json\/wp\/v2\/product_tag?post=14490"}],"curies":[{"name":"wp","href":"https:\/\/api.w.org\/{rel}","templated":true}]}}