{"id":14504,"date":"2022-03-22T17:18:21","date_gmt":"2022-03-22T20:18:21","guid":{"rendered":"https:\/\/sisperdesign.com\/sisperstore\/?post_type=product&#038;p=14504"},"modified":"2026-05-04T11:18:33","modified_gmt":"2026-05-04T14:18:33","slug":"o-lacador","status":"publish","type":"product","link":"https:\/\/sisperdesign.com\/sisperstore\/produto\/o-lacador\/","title":{"rendered":"O La\u00e7ador"},"content":{"rendered":"<p>Design minimalista representando o s\u00edmbolo de Porto Alegre:<\/p>\n<p>O La\u00e7ador<\/p>\n<p>Feito em PLA, por impress\u00e3o 3D<\/p>\n<p>A\u00a0<b>Est\u00e1tua do La\u00e7ador<\/b>\u00a0(ou\u00a0<b>Monumento ao La\u00e7ador<\/b>) \u00e9 um\u00a0monumento\u00a0da cidade de\u00a0Porto Alegre. \u00c9 a representa\u00e7\u00e3o do\u00a0ga\u00facho\u00a0<i>pilchado<\/i>. Foi definida por lei municipal como S\u00edmbolo Oficial de Porto Alegre em 1992. Sua autoria \u00e9 do escultor pelotense\u00a0Ant\u00f4nio Caringi. A est\u00e1tua foi tombada como\u00a0patrim\u00f4nio hist\u00f3rico\u00a0de Porto Alegre em 2001.<\/p>\n<p>Para usar um ga\u00facho aut\u00eantico como modelo para a sua obra, Ant\u00f4nio Caringi contou com o folclorista\u00a0Paix\u00e3o C\u00f4rtes.<\/p>\n<p><strong>*Produto Licenciado Caringi<\/strong><\/p>\n<p data-start=\"622\" data-end=\"785\"><span class=\"_fadeIn_m1hgl_8\">Mais\u00a0<\/span><span class=\"_fadeIn_m1hgl_8\">do\u00a0<\/span><span class=\"_fadeIn_m1hgl_8\">que\u00a0<\/span><span class=\"_fadeIn_m1hgl_8\">um\u00a0<\/span><span class=\"_fadeIn_m1hgl_8\">objeto\u00a0<\/span><span class=\"_fadeIn_m1hgl_8\">decorativo,\u00a0<\/span><span class=\"_fadeIn_m1hgl_8\">\u00e9\u00a0<\/span><span class=\"_fadeIn_m1hgl_8\">um\u00a0<\/span><span class=\"_fadeIn_m1hgl_8\">convite\u00a0<\/span><span class=\"_fadeIn_m1hgl_8\">para\u00a0<\/span><span class=\"_fadeIn_m1hgl_8\">lembrar\u00a0<\/span><span class=\"_fadeIn_m1hgl_8\">a\u00a0<\/span><span class=\"_fadeIn_m1hgl_8\">import\u00e2ncia\u00a0<\/span><span class=\"_fadeIn_m1hgl_8\">dos\u00a0<\/span><span class=\"_fadeIn_m1hgl_8\">espa\u00e7os\u00a0<\/span><span class=\"_fadeIn_m1hgl_8\">culturais\u00a0<\/span><span class=\"_fadeIn_m1hgl_8\">na\u00a0<\/span><span class=\"_fadeIn_m1hgl_8\">nossa\u00a0<\/span><span class=\"_fadeIn_m1hgl_8\">vida \u2014\u00a0<\/span><span class=\"_fadeIn_m1hgl_8\">e\u00a0<\/span><span class=\"_fadeIn_m1hgl_8\">para\u00a0<\/span><span class=\"_fadeIn_m1hgl_8\">ter\u00a0<\/span><span class=\"_fadeIn_m1hgl_8\">um\u00a0<\/span><span class=\"_fadeIn_m1hgl_8\">pedacinho\u00a0<\/span><span class=\"_fadeIn_m1hgl_8\">da\u00a0<\/span><span class=\"_fadeIn_m1hgl_8\">cidade\u00a0<\/span><span class=\"_fadeIn_m1hgl_8\">sempre\u00a0<\/span><span class=\"_fadeIn_m1hgl_8\">por\u00a0<\/span><span class=\"_fadeIn_m1hgl_8\">perto.<\/span><\/p>\n<p data-start=\"622\" data-end=\"785\">*Faz parte do acervo\u00a0<span class=\"_fadeIn_m1hgl_8\">IPHAE-<\/span><span class=\"_fadeIn_m1hgl_8\">RS (<\/span><span class=\"_fadeIn_m1hgl_8\">Instituto\u00a0<\/span><span class=\"_fadeIn_m1hgl_8\">do\u00a0<\/span><span class=\"_fadeIn_m1hgl_8\">Patrim\u00f4nio\u00a0<\/span><span class=\"_fadeIn_m1hgl_8\">Hist\u00f3rico\u00a0<\/span><span class=\"_fadeIn_m1hgl_8\">e\u00a0<\/span><span class=\"_fadeIn_m1hgl_8\">Art\u00edstico\u00a0<\/span><span class=\"_fadeIn_m1hgl_8\">do\u00a0<\/span><span class=\"_fadeIn_m1hgl_8\">Estado\u00a0<\/span><span class=\"_fadeIn_m1hgl_8\">do\u00a0<\/span><span class=\"_fadeIn_m1hgl_8\">Rio\u00a0<\/span><span class=\"_fadeIn_m1hgl_8\">Grande\u00a0<\/span><span class=\"_fadeIn_m1hgl_8\">do\u00a0<\/span><span class=\"_fadeIn_m1hgl_8\">Sul)<\/span><\/p>\n<p>Design by Simone L. Sperhacke<br \/>\nFeito por impress\u00e3o 3D, em PLA (pl\u00e1stico biodegrad\u00e1vel, sem petr\u00f3leo)<br \/>\nCores podem variar. Imagens ilustrativas.<\/p>\n<p>Medidas aproximadas.<\/p>\n","protected":false},"excerpt":{"rendered":"<p>Nossa homenagem ao s\u00edmbolo de Porto Alegre!<br \/>\n*Produto Licenciado Caringi.<\/p>\n","protected":false},"featured_media":20120,"comment_status":"open","ping_status":"closed","template":"","meta":{"jetpack_publicize_message":"","jetpack_publicize_feature_enabled":true,"jetpack_social_post_already_shared":false,"jetpack_social_options":{"image_generator_settings":{"template":"highway","default_image_id":0,"font":"","enabled":false},"version":2}},"product_brand":[579],"product_cat":[172,605,604,251,28],"product_tag":[463,456,464,419],"class_list":{"0":"post-14504","1":"product","2":"type-product","3":"status-publish","4":"has-post-thumbnail","6":"product_brand-sisperdesign","7":"product_cat-acessorios","8":"product_cat-crgi","9":"product_cat-poa","10":"product_cat-decor","11":"product_cat-produtos","12":"product_tag-lacador","13":"product_tag-poa","14":"product_tag-poa-250","15":"product_tag-porto-alegre","17":"first","18":"instock","19":"shipping-taxable","20":"purchasable","21":"product-type-simple"},"jetpack_publicize_connections":[],"jetpack-related-posts":[],"jetpack_likes_enabled":true,"jetpack_sharing_enabled":true,"_links":{"self":[{"href":"https:\/\/sisperdesign.com\/sisperstore\/wp-json\/wp\/v2\/product\/14504","targetHints":{"allow":["GET"]}}],"collection":[{"href":"https:\/\/sisperdesign.com\/sisperstore\/wp-json\/wp\/v2\/product"}],"about":[{"href":"https:\/\/sisperdesign.com\/sisperstore\/wp-json\/wp\/v2\/types\/product"}],"replies":[{"embeddable":true,"href":"https:\/\/sisperdesign.com\/sisperstore\/wp-json\/wp\/v2\/comments?post=14504"}],"wp:featuredmedia":[{"embeddable":true,"href":"https:\/\/sisperdesign.com\/sisperstore\/wp-json\/wp\/v2\/media\/20120"}],"wp:attachment":[{"href":"https:\/\/sisperdesign.com\/sisperstore\/wp-json\/wp\/v2\/media?parent=14504"}],"wp:term":[{"taxonomy":"product_brand","embeddable":true,"href":"https:\/\/sisperdesign.com\/sisperstore\/wp-json\/wp\/v2\/product_brand?post=14504"},{"taxonomy":"product_cat","embeddable":true,"href":"https:\/\/sisperdesign.com\/sisperstore\/wp-json\/wp\/v2\/product_cat?post=14504"},{"taxonomy":"product_tag","embeddable":true,"href":"https:\/\/sisperdesign.com\/sisperstore\/wp-json\/wp\/v2\/product_tag?post=14504"}],"curies":[{"name":"wp","href":"https:\/\/api.w.org\/{rel}","templated":true}]}}