{"id":14507,"date":"2022-03-22T17:49:21","date_gmt":"2022-03-22T20:49:21","guid":{"rendered":"https:\/\/sisperdesign.com\/sisperstore\/?post_type=product&#038;p=14507"},"modified":"2026-05-04T11:18:32","modified_gmt":"2026-05-04T14:18:32","slug":"theatro-sao-pedro","status":"publish","type":"product","link":"https:\/\/sisperdesign.com\/sisperstore\/produto\/theatro-sao-pedro\/","title":{"rendered":"Theatro S\u00e3o Pedro &#8211; Miniatura colecion\u00e1vel"},"content":{"rendered":"<p data-start=\"165\" data-end=\"240\"><strong data-start=\"168\" data-end=\"240\"><span class=\"_fadeIn_m1hgl_8\">Theatro <\/span><span class=\"_fadeIn_m1hgl_8\">S\u00e3o <\/span><span class=\"_fadeIn_m1hgl_8\">Pedro <\/span><span class=\"_fadeIn_m1hgl_8\">em <\/span><span class=\"_fadeIn_m1hgl_8\">miniatura \u2013 <\/span><span class=\"_fadeIn_m1hgl_8\">patrim\u00f4nio <\/span><span class=\"_fadeIn_m1hgl_8\">que <\/span><span class=\"_fadeIn_m1hgl_8\">cabe <\/span><span class=\"_fadeIn_m1hgl_8\">na <\/span><span class=\"_fadeIn_m1hgl_8\">palma <\/span><span class=\"_fadeIn_m1hgl_8\">da <\/span><span class=\"_fadeIn_m1hgl_8\">m\u00e3o<\/span><\/strong><\/p>\n<p data-start=\"242\" data-end=\"430\"><span class=\"_fadeIn_m1hgl_8\">Com <\/span><span class=\"_fadeIn_m1hgl_8\">sua <\/span><span class=\"_fadeIn_m1hgl_8\">fachada <\/span><span class=\"_fadeIn_m1hgl_8\">imponente <\/span><span class=\"_fadeIn_m1hgl_8\">e <\/span><span class=\"_fadeIn_m1hgl_8\">charme <\/span><span class=\"_fadeIn_m1hgl_8\">neocl\u00e1ssico, <\/span><span class=\"_fadeIn_m1hgl_8\">o <\/span><span class=\"_fadeIn_m1hgl_8\">Theatro <\/span><span class=\"_fadeIn_m1hgl_8\">S\u00e3o <\/span><span class=\"_fadeIn_m1hgl_8\">Pedro <\/span><span class=\"_fadeIn_m1hgl_8\">\u00e9 <\/span><span class=\"_fadeIn_m1hgl_8\">um <\/span><span class=\"_fadeIn_m1hgl_8\">dos <\/span><span class=\"_fadeIn_m1hgl_8\">s\u00edmbolos <\/span><span class=\"_fadeIn_m1hgl_8\">culturais <\/span><span class=\"_fadeIn_m1hgl_8\">mais <\/span><span class=\"_fadeIn_m1hgl_8\">queridos <\/span><span class=\"_fadeIn_m1hgl_8\">de <\/span><span class=\"_fadeIn_m1hgl_8\">Porto <\/span><span class=\"_fadeIn_m1hgl_8\">Alegre. <\/span><span class=\"_fadeIn_m1hgl_8\">E <\/span><span class=\"_fadeIn_m1hgl_8\">agora, <\/span><span class=\"_fadeIn_m1hgl_8\">essa <\/span><span class=\"_fadeIn_m1hgl_8\">hist\u00f3ria <\/span><span class=\"_fadeIn_m1hgl_8\">tamb\u00e9m <\/span><span class=\"_fadeIn_m1hgl_8\">pode <\/span><span class=\"_fadeIn_m1hgl_8\">fazer <\/span><span class=\"_fadeIn_m1hgl_8\">parte <\/span><span class=\"_fadeIn_m1hgl_8\">do <\/span><span class=\"_fadeIn_m1hgl_8\">seu <\/span><span class=\"_fadeIn_m1hgl_8\">espa\u00e7o!<\/span><\/p>\n<p data-start=\"432\" data-end=\"620\"><span class=\"_fadeIn_m1hgl_8\">A vers\u00e3o<\/span><span class=\"_fadeIn_m1hgl_8\">\u00a0<\/span><span class=\"_fadeIn_m1hgl_8\">minimalista <\/span><span class=\"_fadeIn_m1hgl_8\">do <\/span><span class=\"_fadeIn_m1hgl_8\">Theatro <\/span><span class=\"_fadeIn_m1hgl_8\">S\u00e3o <\/span><span class=\"_fadeIn_m1hgl_8\">Pedro, <\/span><span class=\"_fadeIn_m1hgl_8\">criada <\/span><span class=\"_fadeIn_m1hgl_8\">pela <\/span><span class=\"_fadeIn_m1hgl_8\">SisperDesign, <\/span><span class=\"_fadeIn_m1hgl_8\">homenageia <\/span><span class=\"_fadeIn_m1hgl_8\">esse <\/span><span class=\"_fadeIn_m1hgl_8\">\u00edcone <\/span><span class=\"_fadeIn_m1hgl_8\">com <\/span><span class=\"_fadeIn_m1hgl_8\">formas <\/span><span class=\"_fadeIn_m1hgl_8\">simples <\/span><span class=\"_fadeIn_m1hgl_8\">e <\/span><span class=\"_fadeIn_m1hgl_8\">elegantes, <\/span><span class=\"_fadeIn_m1hgl_8\">feitas <\/span><span class=\"_fadeIn_m1hgl_8\">para <\/span><span class=\"_fadeIn_m1hgl_8\">quem <\/span><span class=\"_fadeIn_m1hgl_8\">valoriza <\/span><span class=\"_fadeIn_m1hgl_8\">arte, <\/span><span class=\"_fadeIn_m1hgl_8\">arquitetura <\/span><span class=\"_fadeIn_m1hgl_8\">e <\/span><span class=\"_fadeIn_m1hgl_8\">mem\u00f3rias <\/span><span class=\"_fadeIn_m1hgl_8\">afetivas.<\/span><\/p>\n<p data-start=\"622\" data-end=\"785\"><span class=\"_fadeIn_m1hgl_8\">Mais <\/span><span class=\"_fadeIn_m1hgl_8\">do <\/span><span class=\"_fadeIn_m1hgl_8\">que <\/span><span class=\"_fadeIn_m1hgl_8\">um <\/span><span class=\"_fadeIn_m1hgl_8\">objeto <\/span><span class=\"_fadeIn_m1hgl_8\">decorativo, <\/span><span class=\"_fadeIn_m1hgl_8\">\u00e9 <\/span><span class=\"_fadeIn_m1hgl_8\">um <\/span><span class=\"_fadeIn_m1hgl_8\">convite <\/span><span class=\"_fadeIn_m1hgl_8\">para <\/span><span class=\"_fadeIn_m1hgl_8\">lembrar <\/span><span class=\"_fadeIn_m1hgl_8\">a <\/span><span class=\"_fadeIn_m1hgl_8\">import\u00e2ncia <\/span><span class=\"_fadeIn_m1hgl_8\">dos <\/span><span class=\"_fadeIn_m1hgl_8\">espa\u00e7os <\/span><span class=\"_fadeIn_m1hgl_8\">culturais <\/span><span class=\"_fadeIn_m1hgl_8\">na <\/span><span class=\"_fadeIn_m1hgl_8\">nossa <\/span><span class=\"_fadeIn_m1hgl_8\">vida \u2014 <\/span><span class=\"_fadeIn_m1hgl_8\">e <\/span><span class=\"_fadeIn_m1hgl_8\">para <\/span><span class=\"_fadeIn_m1hgl_8\">ter <\/span><span class=\"_fadeIn_m1hgl_8\">um <\/span><span class=\"_fadeIn_m1hgl_8\">pedacinho <\/span><span class=\"_fadeIn_m1hgl_8\">da <\/span><span class=\"_fadeIn_m1hgl_8\">cidade <\/span><span class=\"_fadeIn_m1hgl_8\">sempre <\/span><span class=\"_fadeIn_m1hgl_8\">por <\/span><span class=\"_fadeIn_m1hgl_8\">perto.<\/span><\/p>\n<p data-start=\"622\" data-end=\"785\">*Faz parte do acervo <span class=\"_fadeIn_m1hgl_8\">IPHAE-<\/span><span class=\"_fadeIn_m1hgl_8\">RS (<\/span><span class=\"_fadeIn_m1hgl_8\">Instituto <\/span><span class=\"_fadeIn_m1hgl_8\">do <\/span><span class=\"_fadeIn_m1hgl_8\">Patrim\u00f4nio <\/span><span class=\"_fadeIn_m1hgl_8\">Hist\u00f3rico <\/span><span class=\"_fadeIn_m1hgl_8\">e <\/span><span class=\"_fadeIn_m1hgl_8\">Art\u00edstico <\/span><span class=\"_fadeIn_m1hgl_8\">do <\/span><span class=\"_fadeIn_m1hgl_8\">Estado <\/span><span class=\"_fadeIn_m1hgl_8\">do <\/span><span class=\"_fadeIn_m1hgl_8\">Rio <\/span><span class=\"_fadeIn_m1hgl_8\">Grande <\/span><span class=\"_fadeIn_m1hgl_8\">do <\/span><span class=\"_fadeIn_m1hgl_8\">Sul)<\/span><\/p>\n<p>Design by Simone L. Sperhacke<br \/>\nFeito por impress\u00e3o 3D, em PLA (pl\u00e1stico biodegrad\u00e1vel, sem petr\u00f3leo)<br \/>\nCores podem variar. Imagens ilustrativas.<\/p>\n","protected":false},"excerpt":{"rendered":"<p>Nossa Homenagem ao Theatro S\u00e3o Pedro de Porto Alegre!<\/p>\n<p>Miniatura colecion\u00e1vel<\/p>\n","protected":false},"featured_media":14498,"comment_status":"open","ping_status":"closed","template":"","meta":{"jetpack_post_was_ever_published":false,"jetpack_publicize_message":"","jetpack_publicize_feature_enabled":true,"jetpack_social_post_already_shared":false,"jetpack_social_options":{"image_generator_settings":{"template":"highway","default_image_id":0,"font":"","enabled":false},"version":2}},"product_brand":[],"product_cat":[172,604,251,28],"product_tag":[456,464,419,466,465,467],"class_list":{"0":"post-14507","1":"product","2":"type-product","3":"status-publish","4":"has-post-thumbnail","6":"product_cat-acessorios","7":"product_cat-poa","8":"product_cat-decor","9":"product_cat-produtos","10":"product_tag-poa","11":"product_tag-poa-250","12":"product_tag-porto-alegre","13":"product_tag-sao-pedro","14":"product_tag-teatro","15":"product_tag-theatro","17":"first","18":"instock","19":"featured","20":"shipping-taxable","21":"purchasable","22":"product-type-simple"},"jetpack_publicize_connections":[],"jetpack-related-posts":[],"jetpack_likes_enabled":true,"jetpack_sharing_enabled":true,"_links":{"self":[{"href":"https:\/\/sisperdesign.com\/sisperstore\/wp-json\/wp\/v2\/product\/14507","targetHints":{"allow":["GET"]}}],"collection":[{"href":"https:\/\/sisperdesign.com\/sisperstore\/wp-json\/wp\/v2\/product"}],"about":[{"href":"https:\/\/sisperdesign.com\/sisperstore\/wp-json\/wp\/v2\/types\/product"}],"replies":[{"embeddable":true,"href":"https:\/\/sisperdesign.com\/sisperstore\/wp-json\/wp\/v2\/comments?post=14507"}],"wp:featuredmedia":[{"embeddable":true,"href":"https:\/\/sisperdesign.com\/sisperstore\/wp-json\/wp\/v2\/media\/14498"}],"wp:attachment":[{"href":"https:\/\/sisperdesign.com\/sisperstore\/wp-json\/wp\/v2\/media?parent=14507"}],"wp:term":[{"taxonomy":"product_brand","embeddable":true,"href":"https:\/\/sisperdesign.com\/sisperstore\/wp-json\/wp\/v2\/product_brand?post=14507"},{"taxonomy":"product_cat","embeddable":true,"href":"https:\/\/sisperdesign.com\/sisperstore\/wp-json\/wp\/v2\/product_cat?post=14507"},{"taxonomy":"product_tag","embeddable":true,"href":"https:\/\/sisperdesign.com\/sisperstore\/wp-json\/wp\/v2\/product_tag?post=14507"}],"curies":[{"name":"wp","href":"https:\/\/api.w.org\/{rel}","templated":true}]}}