{"id":14510,"date":"2022-03-22T18:12:06","date_gmt":"2022-03-22T21:12:06","guid":{"rendered":"https:\/\/sisperdesign.com\/sisperstore\/?post_type=product&#038;p=14510"},"modified":"2026-05-04T11:18:34","modified_gmt":"2026-05-04T14:18:34","slug":"paco-municipal-prefeitura","status":"publish","type":"product","link":"https:\/\/sisperdesign.com\/sisperstore\/produto\/paco-municipal-prefeitura\/","title":{"rendered":"Pa\u00e7o Municipal (Antiga Prefeitura de Porto Alegre)"},"content":{"rendered":"<p data-start=\"62\" data-end=\"134\"><strong data-start=\"62\" data-end=\"132\">Pa\u00e7o Municipal em miniatura \u2013 patrim\u00f4nio hist\u00f3rico na palma da m\u00e3o<\/strong><\/p>\n<p data-start=\"136\" data-end=\"363\">Com sua arquitetura imponente e detalhes ecl\u00e9ticos, o Pa\u00e7o Municipal \u00e9 um dos marcos mais emblem\u00e1ticos de Porto Alegre, reunindo hist\u00f3ria, cultura e o centro vivo da cidade. Agora, esse s\u00edmbolo pode fazer parte do seu espa\u00e7o!<\/p>\n<p data-start=\"365\" data-end=\"549\">A vers\u00e3o minimalista do Pa\u00e7o Municipal, criada pela SisperDesign, celebra esse \u00edcone com linhas simples e elegantes, pensadas para quem aprecia arte, arquitetura e mem\u00f3rias afetivas.<\/p>\n<p data-start=\"551\" data-end=\"722\">Mais do que um objeto decorativo, \u00e9 um convite para lembrar a import\u00e2ncia de preservar o patrim\u00f4nio hist\u00f3rico \u2014 e para ter um pedacinho de Porto Alegre sempre por perto.<\/p>\n<p data-start=\"724\" data-end=\"937\"><em data-start=\"724\" data-end=\"737\">Curiosidade<\/em>: inaugurado em 1901, o Pa\u00e7o Municipal foi sede do governo da cidade por mais de um s\u00e9culo e at\u00e9 hoje abriga a Prefeitura de Porto Alegre, sendo testemunha de decis\u00f5es que moldaram a capital ga\u00facha.<\/p>\n<p data-start=\"939\" data-end=\"1050\"><strong>Faz parte do acervo IPHAE-RS (Instituto do Patrim\u00f4nio Hist\u00f3rico e Art\u00edstico do Estado do Rio Grande do Sul)<\/strong><\/p>\n<p data-start=\"1052\" data-end=\"1199\">Design by Simone L. Sperhacke<br data-start=\"1081\" data-end=\"1084\" \/>Feito por impress\u00e3o 3D, em PLA (pl\u00e1stico biodegrad\u00e1vel, sem petr\u00f3leo)<br data-start=\"1153\" data-end=\"1156\" \/>Cores podem variar. Imagens ilustrativas.<\/p>\n","protected":false},"excerpt":{"rendered":"<p>Miniatura minimalista do Pa\u00e7o Municipal de Porto Alegre \u2013 homenagem em 3D a um dos marcos hist\u00f3ricos mais ic\u00f4nicos da cidade.<\/p>\n<p>*Faz parte do acervo\u00a0<span class=\"_fadeIn_m1hgl_8\">IPHAE-<\/span><span class=\"_fadeIn_m1hgl_8\">RS (<\/span><span class=\"_fadeIn_m1hgl_8\">Instituto\u00a0<\/span><span class=\"_fadeIn_m1hgl_8\">do\u00a0<\/span><span class=\"_fadeIn_m1hgl_8\">Patrim\u00f4nio\u00a0<\/span><span class=\"_fadeIn_m1hgl_8\">Hist\u00f3rico\u00a0<\/span><span class=\"_fadeIn_m1hgl_8\">e\u00a0<\/span><span class=\"_fadeIn_m1hgl_8\">Art\u00edstico\u00a0<\/span><span class=\"_fadeIn_m1hgl_8\">do\u00a0<\/span><span class=\"_fadeIn_m1hgl_8\">Estado\u00a0<\/span><span class=\"_fadeIn_m1hgl_8\">do\u00a0<\/span><span class=\"_fadeIn_m1hgl_8\">Rio\u00a0<\/span><span class=\"_fadeIn_m1hgl_8\">Grande\u00a0<\/span><span class=\"_fadeIn_m1hgl_8\">do\u00a0<\/span><span class=\"_fadeIn_m1hgl_8\">Sul)<\/span><\/p>\n","protected":false},"featured_media":14496,"comment_status":"open","ping_status":"closed","template":"","meta":{"jetpack_post_was_ever_published":false,"jetpack_publicize_message":"","jetpack_publicize_feature_enabled":true,"jetpack_social_post_already_shared":false,"jetpack_social_options":{"image_generator_settings":{"template":"highway","default_image_id":0,"font":"","enabled":false},"version":2}},"product_brand":[593,579],"product_cat":[172,604,251,28],"product_tag":[416,469,456,464,419,468],"class_list":{"0":"post-14510","1":"product","2":"type-product","3":"status-publish","4":"has-post-thumbnail","6":"product_brand-sisper-design","7":"product_brand-sisperdesign","8":"product_cat-acessorios","9":"product_cat-poa","10":"product_cat-decor","11":"product_cat-produtos","12":"product_tag-arquitetura","13":"product_tag-paco-muincipal","14":"product_tag-poa","15":"product_tag-poa-250","16":"product_tag-porto-alegre","17":"product_tag-prefeitura","19":"first","20":"instock","21":"featured","22":"shipping-taxable","23":"purchasable","24":"product-type-simple"},"jetpack_publicize_connections":[],"jetpack-related-posts":[],"jetpack_likes_enabled":true,"jetpack_sharing_enabled":true,"_links":{"self":[{"href":"https:\/\/sisperdesign.com\/sisperstore\/wp-json\/wp\/v2\/product\/14510","targetHints":{"allow":["GET"]}}],"collection":[{"href":"https:\/\/sisperdesign.com\/sisperstore\/wp-json\/wp\/v2\/product"}],"about":[{"href":"https:\/\/sisperdesign.com\/sisperstore\/wp-json\/wp\/v2\/types\/product"}],"replies":[{"embeddable":true,"href":"https:\/\/sisperdesign.com\/sisperstore\/wp-json\/wp\/v2\/comments?post=14510"}],"wp:featuredmedia":[{"embeddable":true,"href":"https:\/\/sisperdesign.com\/sisperstore\/wp-json\/wp\/v2\/media\/14496"}],"wp:attachment":[{"href":"https:\/\/sisperdesign.com\/sisperstore\/wp-json\/wp\/v2\/media?parent=14510"}],"wp:term":[{"taxonomy":"product_brand","embeddable":true,"href":"https:\/\/sisperdesign.com\/sisperstore\/wp-json\/wp\/v2\/product_brand?post=14510"},{"taxonomy":"product_cat","embeddable":true,"href":"https:\/\/sisperdesign.com\/sisperstore\/wp-json\/wp\/v2\/product_cat?post=14510"},{"taxonomy":"product_tag","embeddable":true,"href":"https:\/\/sisperdesign.com\/sisperstore\/wp-json\/wp\/v2\/product_tag?post=14510"}],"curies":[{"name":"wp","href":"https:\/\/api.w.org\/{rel}","templated":true}]}}