{"id":14512,"date":"2022-03-22T18:27:07","date_gmt":"2022-03-22T21:27:07","guid":{"rendered":"https:\/\/sisperdesign.com\/sisperstore\/?post_type=product&#038;p=14512"},"modified":"2026-05-04T11:18:34","modified_gmt":"2026-05-04T14:18:34","slug":"ponte-dos-acorianos","status":"publish","type":"product","link":"https:\/\/sisperdesign.com\/sisperstore\/produto\/ponte-dos-acorianos\/","title":{"rendered":"Ponte dos A\u00e7ores &#8211; Miniatura colecion\u00e1vel"},"content":{"rendered":"<p>Vers\u00e3o minimalista da Ponte dos A\u00e7ores (ou Ponte de Pedra) de Porto Alegre<\/p>\n<p>Um dos marcos hist\u00f3ricos de Porto Alegre, agora em vers\u00e3o minimalista para enriquecer sua cole\u00e7\u00e3o e valorizar a mem\u00f3ria da cidade.<\/p>\n<p>*Faz parte do acervo\u00a0<span class=\"_fadeIn_m1hgl_8\">IPHAE-<\/span><span class=\"_fadeIn_m1hgl_8\">RS (<\/span><span class=\"_fadeIn_m1hgl_8\">Instituto\u00a0<\/span><span class=\"_fadeIn_m1hgl_8\">do\u00a0<\/span><span class=\"_fadeIn_m1hgl_8\">Patrim\u00f4nio\u00a0<\/span><span class=\"_fadeIn_m1hgl_8\">Hist\u00f3rico\u00a0<\/span><span class=\"_fadeIn_m1hgl_8\">e\u00a0<\/span><span class=\"_fadeIn_m1hgl_8\">Art\u00edstico\u00a0<\/span><span class=\"_fadeIn_m1hgl_8\">do\u00a0<\/span><span class=\"_fadeIn_m1hgl_8\">Estado\u00a0<\/span><span class=\"_fadeIn_m1hgl_8\">do\u00a0<\/span><span class=\"_fadeIn_m1hgl_8\">Rio\u00a0<\/span><span class=\"_fadeIn_m1hgl_8\">Grande\u00a0<\/span><span class=\"_fadeIn_m1hgl_8\">do\u00a0<\/span><span class=\"_fadeIn_m1hgl_8\">Sul)<\/span><\/p>\n<p>Feito por impress\u00e3o 3D em PLA (sem petr\u00f3leo, ecol\u00f3gico!)<br \/>\nDesign By Simone L. Sperhacke<\/p>\n<p>Imagens ilustrativas.<\/p>\n<p>Cores podem variar.<\/p>\n","protected":false},"excerpt":{"rendered":"<p>Miniatura da Ponte dos A\u00e7orianos \u2013 Porto Alegre<\/p>\n","protected":false},"featured_media":14497,"comment_status":"open","ping_status":"closed","template":"","meta":{"jetpack_post_was_ever_published":false,"jetpack_publicize_message":"","jetpack_publicize_feature_enabled":true,"jetpack_social_post_already_shared":false,"jetpack_social_options":{"image_generator_settings":{"template":"highway","default_image_id":0,"font":"","enabled":false},"version":2}},"product_brand":[593,579],"product_cat":[172,604,251,28],"product_tag":[470,416,82,444,456,464,419],"class_list":{"0":"post-14512","1":"product","2":"type-product","3":"status-publish","4":"has-post-thumbnail","6":"product_brand-sisper-design","7":"product_brand-sisperdesign","8":"product_cat-acessorios","9":"product_cat-poa","10":"product_cat-decor","11":"product_cat-produtos","12":"product_tag-acorianos","13":"product_tag-arquitetura","14":"product_tag-design","15":"product_tag-miniatura","16":"product_tag-poa","17":"product_tag-poa-250","18":"product_tag-porto-alegre","20":"first","21":"instock","22":"featured","23":"shipping-taxable","24":"purchasable","25":"product-type-simple"},"jetpack_publicize_connections":[],"jetpack-related-posts":[],"jetpack_likes_enabled":true,"jetpack_sharing_enabled":true,"_links":{"self":[{"href":"https:\/\/sisperdesign.com\/sisperstore\/wp-json\/wp\/v2\/product\/14512","targetHints":{"allow":["GET"]}}],"collection":[{"href":"https:\/\/sisperdesign.com\/sisperstore\/wp-json\/wp\/v2\/product"}],"about":[{"href":"https:\/\/sisperdesign.com\/sisperstore\/wp-json\/wp\/v2\/types\/product"}],"replies":[{"embeddable":true,"href":"https:\/\/sisperdesign.com\/sisperstore\/wp-json\/wp\/v2\/comments?post=14512"}],"wp:featuredmedia":[{"embeddable":true,"href":"https:\/\/sisperdesign.com\/sisperstore\/wp-json\/wp\/v2\/media\/14497"}],"wp:attachment":[{"href":"https:\/\/sisperdesign.com\/sisperstore\/wp-json\/wp\/v2\/media?parent=14512"}],"wp:term":[{"taxonomy":"product_brand","embeddable":true,"href":"https:\/\/sisperdesign.com\/sisperstore\/wp-json\/wp\/v2\/product_brand?post=14512"},{"taxonomy":"product_cat","embeddable":true,"href":"https:\/\/sisperdesign.com\/sisperstore\/wp-json\/wp\/v2\/product_cat?post=14512"},{"taxonomy":"product_tag","embeddable":true,"href":"https:\/\/sisperdesign.com\/sisperstore\/wp-json\/wp\/v2\/product_tag?post=14512"}],"curies":[{"name":"wp","href":"https:\/\/api.w.org\/{rel}","templated":true}]}}