{"id":14516,"date":"2022-03-22T18:39:44","date_gmt":"2022-03-22T21:39:44","guid":{"rendered":"https:\/\/sisperdesign.com\/sisperstore\/?post_type=product&#038;p=14516"},"modified":"2026-05-04T11:18:33","modified_gmt":"2026-05-04T14:18:33","slug":"centro-administrativo","status":"publish","type":"product","link":"https:\/\/sisperdesign.com\/sisperstore\/produto\/centro-administrativo\/","title":{"rendered":"CAFF &#8211; Centro Administrativo &#8211; Miniatura Colecion\u00e1vel"},"content":{"rendered":"<p><strong>Vers\u00e3o minimalista do Centro Administrativo de Porto Alegre.<\/strong><\/p>\n<p><strong>O ic\u00f4nico&nbsp;Centro Administrativo Fernando Ferrari&nbsp;(CAFF), projetado pelos&nbsp;arquitetos&nbsp;Charles Ren\u00e9 Hugaud, Ivanio Fontoura, Leopoldo Costanzo e Luis Carlos Macchifica, fica localizado no Largo dos A\u00e7orianos, junto ao Monumento aos A\u00e7orianos (criado pelo escultor Carlos Tenius).<\/strong><\/p>\n<p><strong>Teve sua constru\u00e7\u00e3o iniciada em&nbsp;1976, e a inaugura\u00e7\u00e3o ocorreu em&nbsp;10 de mar\u00e7o&nbsp;de&nbsp;1987.<\/strong><\/p>\n<p><strong>*Faz parte do acervo&nbsp;<span class=\"_fadeIn_m1hgl_8\">IPHAE-<\/span><span class=\"_fadeIn_m1hgl_8\">RS (<\/span><span class=\"_fadeIn_m1hgl_8\">Instituto&nbsp;<\/span><span class=\"_fadeIn_m1hgl_8\">do&nbsp;<\/span><span class=\"_fadeIn_m1hgl_8\">Patrim\u00f4nio&nbsp;<\/span><span class=\"_fadeIn_m1hgl_8\">Hist\u00f3rico&nbsp;<\/span><span class=\"_fadeIn_m1hgl_8\">e&nbsp;<\/span><span class=\"_fadeIn_m1hgl_8\">Art\u00edstico&nbsp;<\/span><span class=\"_fadeIn_m1hgl_8\">do&nbsp;<\/span><span class=\"_fadeIn_m1hgl_8\">Estado&nbsp;<\/span><span class=\"_fadeIn_m1hgl_8\">do&nbsp;<\/span><span class=\"_fadeIn_m1hgl_8\">Rio&nbsp;<\/span><span class=\"_fadeIn_m1hgl_8\">Grande&nbsp;<\/span><span class=\"_fadeIn_m1hgl_8\">do&nbsp;<\/span><span class=\"_fadeIn_m1hgl_8\">Sul)<\/span><\/strong><\/p>\n<p data-start=\"1910\" data-end=\"2175\"><strong>O <\/strong><strong data-start=\"1912\" data-end=\"1961\">Centro Administrativo Fernando Ferrari (CAFF)<\/strong><strong> \u00e9 um dos edif\u00edcios mais emblem\u00e1ticos de Porto Alegre, com 21 andares e cerca de 85 metros de altura, constru\u00eddo com tra\u00e7os modernos e reconhecido por sua fachada curvil\u00ednea.<\/strong><\/p>\n<p data-start=\"2177\" data-end=\"2596\"><strong>Em setembro de 2025, o CAFF ganhou nova notoriedade ao ser palco do <\/strong><strong data-start=\"2245\" data-end=\"2271\">Red Bull Building Drop<\/strong><strong>: uma megaestrutura de rampa foi instalada sobre sua lateral curva para permitir que o skatista brasileiro <\/strong><strong data-start=\"2378\" data-end=\"2393\">Sandro Dias<\/strong><strong> (Mineirinho) realizasse descidas radicais. Na a\u00e7\u00e3o, ele alcan\u00e7ou recordes mundiais de <\/strong><strong data-start=\"2467\" data-end=\"2497\">maior drop-in e velocidade<\/strong><strong> (70 metros e at\u00e9 103 km\/h) sob certifica\u00e7\u00e3o do Guinness World Records.<\/strong><\/p>\n<p data-start=\"2598\" data-end=\"2802\"><strong>Essa fa\u00e7anha transformou um mito urbano \u2014 o sonho de dropar da fachada do CAFF \u2014 em realidade concreta, chamando aten\u00e7\u00e3o nacional e internacional para Porto Alegre.<\/strong><\/p>\n<p data-start=\"2804\" data-end=\"3156\"><strong>A miniatura criada pela <\/strong><strong data-start=\"2828\" data-end=\"2844\">SisperDesign<\/strong><strong> captura essa ess\u00eancia: com linhas limpas, acabamento de alta qualidade e material ecol\u00f3gico (PLA), a pe\u00e7a une <\/strong><strong data-start=\"2955\" data-end=\"2980\">mem\u00f3ria arquitet\u00f4nica<\/strong><strong>, <\/strong><strong data-start=\"2982\" data-end=\"3003\">design consciente<\/strong><strong> e <\/strong><strong data-start=\"3006\" data-end=\"3043\">um momento esportivo inesquec\u00edvel<\/strong><strong>. Compacta e leve, \u00e9 perfeita para decora\u00e7\u00e3o ou presente tem\u00e1tico para quem ama arte, cidades e cultura urbana.<\/strong><\/p>\n<p><strong>Feito por impress\u00e3o 3D em PLA (sem petr\u00f3leo, ecol\u00f3gico!)<br \/>\nDesign By Simone L. Sperhacke<\/strong><\/p>\n<p><strong>Imagens ilustrativas.<\/strong><\/p>\n<p><strong>Cores podem variar.<\/strong><\/p>\n","protected":false},"excerpt":{"rendered":"<p>Miniatura do <strong data-start=\"1638\" data-end=\"1687\">CAFF \u2013 Centro Administrativo Fernando Ferrari<\/strong> com design minimalista e sustent\u00e1vel. Celebra a arquitetura e o evento \u00e9pico de skate de 2025, quando o pr\u00e9dio se transformou em rampa e foi palco de recordes mundiais.<\/p>\n","protected":false},"featured_media":14494,"comment_status":"open","ping_status":"closed","template":"","meta":{"jetpack_publicize_message":"","jetpack_publicize_feature_enabled":true,"jetpack_social_post_already_shared":false,"jetpack_social_options":{"image_generator_settings":{"template":"highway","default_image_id":0,"font":"","enabled":false},"version":2}},"product_brand":[],"product_cat":[172,604,251,28],"product_tag":[416,632,471,493,82,444,456,464,419],"class_list":{"0":"post-14516","1":"product","2":"type-product","3":"status-publish","4":"has-post-thumbnail","6":"product_cat-acessorios","7":"product_cat-poa","8":"product_cat-decor","9":"product_cat-produtos","10":"product_tag-arquitetura","11":"product_tag-caff","12":"product_tag-centro-administrativo","13":"product_tag-colecionavel","14":"product_tag-design","15":"product_tag-miniatura","16":"product_tag-poa","17":"product_tag-poa-250","18":"product_tag-porto-alegre","20":"first","21":"onbackorder","22":"featured","23":"shipping-taxable","24":"purchasable","25":"product-type-simple"},"jetpack_publicize_connections":[],"jetpack-related-posts":[],"jetpack_likes_enabled":true,"jetpack_sharing_enabled":true,"_links":{"self":[{"href":"https:\/\/sisperdesign.com\/sisperstore\/wp-json\/wp\/v2\/product\/14516","targetHints":{"allow":["GET"]}}],"collection":[{"href":"https:\/\/sisperdesign.com\/sisperstore\/wp-json\/wp\/v2\/product"}],"about":[{"href":"https:\/\/sisperdesign.com\/sisperstore\/wp-json\/wp\/v2\/types\/product"}],"replies":[{"embeddable":true,"href":"https:\/\/sisperdesign.com\/sisperstore\/wp-json\/wp\/v2\/comments?post=14516"}],"wp:featuredmedia":[{"embeddable":true,"href":"https:\/\/sisperdesign.com\/sisperstore\/wp-json\/wp\/v2\/media\/14494"}],"wp:attachment":[{"href":"https:\/\/sisperdesign.com\/sisperstore\/wp-json\/wp\/v2\/media?parent=14516"}],"wp:term":[{"taxonomy":"product_brand","embeddable":true,"href":"https:\/\/sisperdesign.com\/sisperstore\/wp-json\/wp\/v2\/product_brand?post=14516"},{"taxonomy":"product_cat","embeddable":true,"href":"https:\/\/sisperdesign.com\/sisperstore\/wp-json\/wp\/v2\/product_cat?post=14516"},{"taxonomy":"product_tag","embeddable":true,"href":"https:\/\/sisperdesign.com\/sisperstore\/wp-json\/wp\/v2\/product_tag?post=14516"}],"curies":[{"name":"wp","href":"https:\/\/api.w.org\/{rel}","templated":true}]}}