{"id":14534,"date":"2022-04-06T11:10:09","date_gmt":"2022-04-06T14:10:09","guid":{"rendered":"https:\/\/sisperdesign.com\/sisperstore\/?post_type=product&#038;p=14534"},"modified":"2026-01-27T13:19:22","modified_gmt":"2026-01-27T16:19:22","slug":"vanaventura","status":"publish","type":"product","link":"https:\/\/sisperdesign.com\/sisperstore\/produto\/vanaventura\/","title":{"rendered":"VanAventura cord\u00e3o"},"content":{"rendered":"<p data-start=\"239\" data-end=\"517\">A <strong data-start=\"241\" data-end=\"270\">Van Aventura SisperDesign<\/strong> \u00e9 um brinquedo de puxar infantil que estimula o movimento, a coordena\u00e7\u00e3o motora e o brincar livre desde os primeiros passos. Ao ser puxada, acompanha a crian\u00e7a de forma intuitiva, transformando o deslocamento em uma experi\u00eancia l\u00fadica e criativa.<\/p>\n<p data-start=\"519\" data-end=\"817\">Pensada como um <strong data-start=\"535\" data-end=\"558\">brinquedo anal\u00f3gico<\/strong>, a Van Aventura incentiva a autonomia, a imagina\u00e7\u00e3o e a intera\u00e7\u00e3o com o espa\u00e7o f\u00edsico, afastando a crian\u00e7a das telas. Seu <strong data-start=\"681\" data-end=\"711\">design autoral e educativo<\/strong> valoriza formas simples, resist\u00eancia e uma est\u00e9tica atemporal, caracter\u00edsticas marcantes da SisperDesign.<\/p>\n<p data-start=\"819\" data-end=\"994\">Ideal para brincar em casa ou em ambientes externos, \u00e9 tamb\u00e9m uma excelente op\u00e7\u00e3o de presente para quem busca um brinquedo funcional, dur\u00e1vel e com valor cultural e de design.<\/p>\n<p>Indicado para +18 meses<br \/>\nDesign by Simone L. Sperhacke<br \/>\nFeito por impress\u00e3o 3D, em PLA (pl\u00e1stico biodegrad\u00e1vel, sem petr\u00f3leo)<br \/>\nCores podem variar. Imagens ilustrativas.<br \/>\nProduto certificado de acordo com numero registro 007911\/2024 \u2013 Certificadora BRICS OCP 0098.<\/p>\n","protected":false},"excerpt":{"rendered":"<p data-start=\"1032\" data-end=\"1061\">Brinquedo de puxar infantil<br \/>\nEstimula coordena\u00e7\u00e3o motora e equil\u00edbrio<br \/>\nIncentiva o brincar livre e o movimento<br \/>\nBrinquedo anal\u00f3gico, sem telas!<br \/>\nDesign educativo e autoral SisperDesign<\/p>\n","protected":false},"featured_media":20181,"comment_status":"open","ping_status":"closed","template":"","meta":{"jetpack_publicize_message":"","jetpack_publicize_feature_enabled":true,"jetpack_social_post_already_shared":false,"jetpack_social_options":{"image_generator_settings":{"template":"highway","default_image_id":0,"font":"","enabled":false},"version":2}},"product_brand":[593,579],"product_cat":[608,19,613,251,28],"product_tag":[571,569,436,637,570],"class_list":{"0":"post-14534","1":"product","2":"type-product","3":"status-publish","4":"has-post-thumbnail","6":"product_brand-sisper-design","7":"product_brand-sisperdesign","8":"product_cat-18m","9":"product_cat-brinquedos","10":"product_cat-educativos","11":"product_cat-decor","12":"product_cat-produtos","13":"product_tag-aventura","14":"product_tag-brinquedo-de-puxar","15":"product_tag-carrinho","16":"product_tag-kombi","17":"product_tag-van","18":"pa_cor-mar","19":"pa_cor-turquesa","20":"pa_cor-vd","21":"pa_cor-vrl","23":"first","24":"onbackorder","25":"shipping-taxable","26":"purchasable","27":"product-type-simple"},"jetpack_publicize_connections":[],"jetpack-related-posts":[],"jetpack_likes_enabled":true,"jetpack_sharing_enabled":true,"_links":{"self":[{"href":"https:\/\/sisperdesign.com\/sisperstore\/wp-json\/wp\/v2\/product\/14534","targetHints":{"allow":["GET"]}}],"collection":[{"href":"https:\/\/sisperdesign.com\/sisperstore\/wp-json\/wp\/v2\/product"}],"about":[{"href":"https:\/\/sisperdesign.com\/sisperstore\/wp-json\/wp\/v2\/types\/product"}],"replies":[{"embeddable":true,"href":"https:\/\/sisperdesign.com\/sisperstore\/wp-json\/wp\/v2\/comments?post=14534"}],"wp:featuredmedia":[{"embeddable":true,"href":"https:\/\/sisperdesign.com\/sisperstore\/wp-json\/wp\/v2\/media\/20181"}],"wp:attachment":[{"href":"https:\/\/sisperdesign.com\/sisperstore\/wp-json\/wp\/v2\/media?parent=14534"}],"wp:term":[{"taxonomy":"product_brand","embeddable":true,"href":"https:\/\/sisperdesign.com\/sisperstore\/wp-json\/wp\/v2\/product_brand?post=14534"},{"taxonomy":"product_cat","embeddable":true,"href":"https:\/\/sisperdesign.com\/sisperstore\/wp-json\/wp\/v2\/product_cat?post=14534"},{"taxonomy":"product_tag","embeddable":true,"href":"https:\/\/sisperdesign.com\/sisperstore\/wp-json\/wp\/v2\/product_tag?post=14534"}],"curies":[{"name":"wp","href":"https:\/\/api.w.org\/{rel}","templated":true}]}}