{"id":14541,"date":"2022-04-12T12:36:29","date_gmt":"2022-04-12T15:36:29","guid":{"rendered":"https:\/\/sisperdesign.com\/sisperstore\/?post_type=product&#038;p=14541"},"modified":"2025-12-01T08:39:45","modified_gmt":"2025-12-01T11:39:45","slug":"elefante","status":"publish","type":"product","link":"https:\/\/sisperdesign.com\/sisperstore\/produto\/elefante\/","title":{"rendered":"Elefantinho"},"content":{"rendered":"<p>O Elefantinho de rodas \u00e9 f\u00e1cil de manusear, com rodas girat\u00f3rias que incentivam o desenvolvimento de habilidades motoras finas e amplas.<\/p>\n<p><span style=\"font-family: Roboto, sans-serif; font-size: 17px; font-style: normal; font-weight: 400; letter-spacing: normal; text-align: start; text-indent: 0px; text-transform: none; text-decoration: none; display: inline !important; float: none;\">Indicado para +18 meses<br \/>\nDesign by Simone L. Sperhacke<br \/>\nFeito por impress\u00e3o 3D, em PLA (pl\u00e1stico biodegrad\u00e1vel, sem petr\u00f3leo)<br \/>\nCores podem variar. Imagens ilustrativas.<br \/>\nProduto certificado de acordo com numero registro\u00a0007911\/2024\u00a0\u2013 Certificadora BRICS OCP 0098.<\/span><\/p>\n","protected":false},"excerpt":{"rendered":"<p>Elefantinho para brincar ou enfeitar!<\/p>\n","protected":false},"featured_media":14544,"comment_status":"open","ping_status":"closed","template":"","meta":{"jetpack_post_was_ever_published":false,"jetpack_publicize_message":"","jetpack_publicize_feature_enabled":true,"jetpack_social_post_already_shared":false,"jetpack_social_options":{"image_generator_settings":{"template":"highway","default_image_id":0,"font":"","enabled":false},"version":2}},"product_brand":[593,579],"product_cat":[608,19,613,28],"product_tag":[345,82,347,475,477,476,338],"class_list":{"0":"post-14541","1":"product","2":"type-product","3":"status-publish","4":"has-post-thumbnail","6":"product_brand-sisper-design","7":"product_brand-sisperdesign","8":"product_cat-18m","9":"product_cat-brinquedos","10":"product_cat-educativos","11":"product_cat-produtos","12":"product_tag-brinquedos","13":"product_tag-design","14":"product_tag-educativo","15":"product_tag-elefante","16":"product_tag-empurrar","17":"product_tag-puxar","18":"product_tag-rodas","20":"first","21":"instock","22":"shipping-taxable","23":"purchasable","24":"product-type-simple"},"jetpack_publicize_connections":[],"jetpack-related-posts":[],"jetpack_likes_enabled":true,"jetpack_sharing_enabled":true,"_links":{"self":[{"href":"https:\/\/sisperdesign.com\/sisperstore\/wp-json\/wp\/v2\/product\/14541","targetHints":{"allow":["GET"]}}],"collection":[{"href":"https:\/\/sisperdesign.com\/sisperstore\/wp-json\/wp\/v2\/product"}],"about":[{"href":"https:\/\/sisperdesign.com\/sisperstore\/wp-json\/wp\/v2\/types\/product"}],"replies":[{"embeddable":true,"href":"https:\/\/sisperdesign.com\/sisperstore\/wp-json\/wp\/v2\/comments?post=14541"}],"wp:featuredmedia":[{"embeddable":true,"href":"https:\/\/sisperdesign.com\/sisperstore\/wp-json\/wp\/v2\/media\/14544"}],"wp:attachment":[{"href":"https:\/\/sisperdesign.com\/sisperstore\/wp-json\/wp\/v2\/media?parent=14541"}],"wp:term":[{"taxonomy":"product_brand","embeddable":true,"href":"https:\/\/sisperdesign.com\/sisperstore\/wp-json\/wp\/v2\/product_brand?post=14541"},{"taxonomy":"product_cat","embeddable":true,"href":"https:\/\/sisperdesign.com\/sisperstore\/wp-json\/wp\/v2\/product_cat?post=14541"},{"taxonomy":"product_tag","embeddable":true,"href":"https:\/\/sisperdesign.com\/sisperstore\/wp-json\/wp\/v2\/product_tag?post=14541"}],"curies":[{"name":"wp","href":"https:\/\/api.w.org\/{rel}","templated":true}]}}