{"id":14662,"date":"2022-09-02T22:24:15","date_gmt":"2022-09-03T01:24:15","guid":{"rendered":"https:\/\/sisperdesign.com\/sisperstore\/produto\/feche-a-caixa\/"},"modified":"2026-05-04T11:18:32","modified_gmt":"2026-05-04T14:18:32","slug":"feche-a-caixa","status":"publish","type":"product","link":"https:\/\/sisperdesign.com\/sisperstore\/produto\/feche-a-caixa\/","title":{"rendered":"Feche a Caixa"},"content":{"rendered":"<p>Conhe\u00e7a (e brinque!) o jogo que navegou os sete mares e era jogado por piratas e marinheiros!<\/p>\n<p>Trabalha o racioc\u00ednio, concentra\u00e7\u00e3o, observa\u00e7\u00e3o e aten\u00e7\u00e3o, al\u00e9m de estimular o c\u00e1lculo mental.<\/p>\n<p>Cont\u00e9m 1 tabuleiro e 9 moedas em PLA (ecol\u00f3gico), 2\u00a0dados e manual.<\/p>\n<p>Indicado para +5 anos<br \/>\nDesign by Simone L. Sperhacke<br \/>\nFeito por impress\u00e3o 3D, em PLA (pl\u00e1stico biodegrad\u00e1vel, sem petr\u00f3leo)<br \/>\nCores podem variar. Imagens ilustrativas.<br \/>\nProduto certificado de acordo com numero registro 007837\/2024 \u2013 Certificadora BRICS OCP 0098.<\/p>\n<p>&nbsp;<\/p>\n<p>&nbsp;<\/p>\n<p><iframe title=\"Voc\u00ea sabia? #pirates #3dprinting #boardgames\" width=\"563\" height=\"1000\" src=\"https:\/\/www.youtube.com\/embed\/pNE3WgoV5uI?feature=oembed\" frameborder=\"0\" allow=\"accelerometer; autoplay; clipboard-write; encrypted-media; gyroscope; picture-in-picture; web-share\" referrerpolicy=\"strict-origin-when-cross-origin\" allowfullscreen><\/iframe><\/p>\n","protected":false},"excerpt":{"rendered":"<p>Jogo de tabuleiro do tempo dos piratas!<\/p>\n","protected":false},"featured_media":14661,"comment_status":"open","ping_status":"closed","template":"","meta":{"jetpack_post_was_ever_published":false,"jetpack_publicize_message":"","jetpack_publicize_feature_enabled":true,"jetpack_social_post_already_shared":false,"jetpack_social_options":{"image_generator_settings":{"template":"highway","default_image_id":0,"font":"","enabled":false},"version":2}},"product_brand":[593,579],"product_cat":[611,613,20,136,28],"product_tag":[538,537,162,536],"class_list":{"0":"post-14662","1":"product","2":"type-product","3":"status-publish","4":"has-post-thumbnail","6":"product_brand-sisper-design","7":"product_brand-sisperdesign","8":"product_cat-611","9":"product_cat-educativos","10":"product_cat-jogos","11":"product_cat-uncategorized","12":"product_cat-produtos","13":"product_tag-feche-a-caixa","14":"product_tag-jogo-educativo","15":"product_tag-matematica","16":"product_tag-piratas","18":"first","19":"onbackorder","20":"shipping-taxable","21":"purchasable","22":"product-type-simple"},"jetpack_publicize_connections":[],"jetpack-related-posts":[],"jetpack_likes_enabled":true,"jetpack_sharing_enabled":true,"_links":{"self":[{"href":"https:\/\/sisperdesign.com\/sisperstore\/wp-json\/wp\/v2\/product\/14662","targetHints":{"allow":["GET"]}}],"collection":[{"href":"https:\/\/sisperdesign.com\/sisperstore\/wp-json\/wp\/v2\/product"}],"about":[{"href":"https:\/\/sisperdesign.com\/sisperstore\/wp-json\/wp\/v2\/types\/product"}],"replies":[{"embeddable":true,"href":"https:\/\/sisperdesign.com\/sisperstore\/wp-json\/wp\/v2\/comments?post=14662"}],"wp:featuredmedia":[{"embeddable":true,"href":"https:\/\/sisperdesign.com\/sisperstore\/wp-json\/wp\/v2\/media\/14661"}],"wp:attachment":[{"href":"https:\/\/sisperdesign.com\/sisperstore\/wp-json\/wp\/v2\/media?parent=14662"}],"wp:term":[{"taxonomy":"product_brand","embeddable":true,"href":"https:\/\/sisperdesign.com\/sisperstore\/wp-json\/wp\/v2\/product_brand?post=14662"},{"taxonomy":"product_cat","embeddable":true,"href":"https:\/\/sisperdesign.com\/sisperstore\/wp-json\/wp\/v2\/product_cat?post=14662"},{"taxonomy":"product_tag","embeddable":true,"href":"https:\/\/sisperdesign.com\/sisperstore\/wp-json\/wp\/v2\/product_tag?post=14662"}],"curies":[{"name":"wp","href":"https:\/\/api.w.org\/{rel}","templated":true}]}}