{"id":14830,"date":"2023-03-08T09:27:23","date_gmt":"2023-03-08T12:27:23","guid":{"rendered":"https:\/\/sisperdesign.com\/sisperstore\/?post_type=product&#038;p=14830"},"modified":"2026-05-04T11:18:33","modified_gmt":"2026-05-04T14:18:33","slug":"animais-marinhos","status":"publish","type":"product","link":"https:\/\/sisperdesign.com\/sisperstore\/produto\/animais-marinhos\/","title":{"rendered":"Animais Marinhos"},"content":{"rendered":"<p>As miniaturas de animais s\u00e3o brinquedos que est\u00e3o conosco h\u00e1 s\u00e9culos. A maioria das crian\u00e7as em idade pr\u00e9-escolar, meninos e meninas, ama bonecos tanto quanto amam brincar de faz de conta.<br \/>\nOs modelos de animais s\u00e3o um dos brinquedos cujo encanto intemporal permanece atrav\u00e9s das gera\u00e7\u00f5es.<br \/>\nAs miniaturas estimulam o desenvolvimento, a criatividade, a imagina\u00e7\u00e3o da crian\u00e7a e muito mais!<\/p>\n<p>Feito em PLA (eco) por impress\u00e3o 3d, os animais marinhos s\u00e3o divertidos e cabe em qualquer cantinho!<\/p>\n<p>Finalista na categoria Brinquedos e jogos do Pr\u00eamio Bornancini 2024.<\/p>\n<p><strong><img decoding=\"async\" class=\"size-medium wp-image-17414 lazyload\" data-src=\"https:\/\/sisperdesign.com\/sisperstore\/wp-content\/uploads\/2024\/10\/selo_bornancini-300x300.jpg\" alt=\"shortlist pr\u00eamio Bornancini\" width=\"300\" height=\"300\" data-srcset=\"https:\/\/sisperdesign.com\/sisperstore\/wp-content\/uploads\/2024\/10\/selo_bornancini-300x300.jpg 300w, https:\/\/sisperdesign.com\/sisperstore\/wp-content\/uploads\/2024\/10\/selo_bornancini-150x150.jpg 150w, https:\/\/sisperdesign.com\/sisperstore\/wp-content\/uploads\/2024\/10\/selo_bornancini-768x768.jpg 768w, https:\/\/sisperdesign.com\/sisperstore\/wp-content\/uploads\/2024\/10\/selo_bornancini-600x600.jpg 600w, https:\/\/sisperdesign.com\/sisperstore\/wp-content\/uploads\/2024\/10\/selo_bornancini-100x100.jpg 100w, https:\/\/sisperdesign.com\/sisperstore\/wp-content\/uploads\/2024\/10\/selo_bornancini.jpg 1025w\" data-sizes=\"(max-width: 300px) 100vw, 300px\" src=\"data:image\/svg+xml;base64,PHN2ZyB3aWR0aD0iMSIgaGVpZ2h0PSIxIiB4bWxucz0iaHR0cDovL3d3dy53My5vcmcvMjAwMC9zdmciPjwvc3ZnPg==\" style=\"--smush-placeholder-width: 300px; --smush-placeholder-aspect-ratio: 300\/300;\" \/><\/strong><\/p>\n<p><span style=\"font-size: 16px\">Animais Marinhos \u00e9 composto por:<\/span>1 tubar\u00e3o, 1 golfinho, 1 peixe, 1 tartaruga marinha, 1 estrela do mar, 1 polvo e 1 foca.<\/p>\n<p><iframe title=\"Cole\u00e7\u00e3o Animais #brinquedos #montessori #3dprinting\" width=\"1200\" height=\"675\" src=\"https:\/\/www.youtube.com\/embed\/4xwNRbAPFhE?feature=oembed\" frameborder=\"0\" allow=\"accelerometer; autoplay; clipboard-write; encrypted-media; gyroscope; picture-in-picture; web-share\" referrerpolicy=\"strict-origin-when-cross-origin\" allowfullscreen><\/iframe><\/p>\n<p>Indicado para +2 anos<br \/>\nDesign by Simone L. Sperhacke<br \/>\nFeito por impress\u00e3o 3D, em PLA (pl\u00e1stico biodegrad\u00e1vel, sem petr\u00f3leo)<br \/>\nCores podem variar. Imagens ilustrativas.<br \/>\nProduto certificado de acordo com numero registro 007898\/2024 \u2013 Certificadora BRICS OCP 0098.<\/p>\n","protected":false},"excerpt":{"rendered":"<p>Animais Marinhos para brincar, educar e encantar!<\/p>\n","protected":false},"featured_media":14871,"comment_status":"open","ping_status":"closed","template":"","meta":{"jetpack_post_was_ever_published":false,"jetpack_publicize_message":"","jetpack_publicize_feature_enabled":true,"jetpack_social_post_already_shared":false,"jetpack_social_options":{"image_generator_settings":{"template":"highway","default_image_id":0,"font":"","enabled":false},"version":2}},"product_brand":[593,579],"product_cat":[609,19,613,28],"product_tag":[517,455,546],"class_list":{"0":"post-14830","1":"product","2":"type-product","3":"status-publish","4":"has-post-thumbnail","6":"product_brand-sisper-design","7":"product_brand-sisperdesign","8":"product_cat-24m","9":"product_cat-brinquedos","10":"product_cat-educativos","11":"product_cat-produtos","12":"product_tag-animais-marinhos","13":"product_tag-miniaturas","14":"product_tag-montessori","16":"first","17":"instock","18":"featured","19":"shipping-taxable","20":"purchasable","21":"product-type-simple"},"jetpack_publicize_connections":[],"jetpack-related-posts":[],"jetpack_likes_enabled":true,"jetpack_sharing_enabled":true,"_links":{"self":[{"href":"https:\/\/sisperdesign.com\/sisperstore\/wp-json\/wp\/v2\/product\/14830","targetHints":{"allow":["GET"]}}],"collection":[{"href":"https:\/\/sisperdesign.com\/sisperstore\/wp-json\/wp\/v2\/product"}],"about":[{"href":"https:\/\/sisperdesign.com\/sisperstore\/wp-json\/wp\/v2\/types\/product"}],"replies":[{"embeddable":true,"href":"https:\/\/sisperdesign.com\/sisperstore\/wp-json\/wp\/v2\/comments?post=14830"}],"wp:featuredmedia":[{"embeddable":true,"href":"https:\/\/sisperdesign.com\/sisperstore\/wp-json\/wp\/v2\/media\/14871"}],"wp:attachment":[{"href":"https:\/\/sisperdesign.com\/sisperstore\/wp-json\/wp\/v2\/media?parent=14830"}],"wp:term":[{"taxonomy":"product_brand","embeddable":true,"href":"https:\/\/sisperdesign.com\/sisperstore\/wp-json\/wp\/v2\/product_brand?post=14830"},{"taxonomy":"product_cat","embeddable":true,"href":"https:\/\/sisperdesign.com\/sisperstore\/wp-json\/wp\/v2\/product_cat?post=14830"},{"taxonomy":"product_tag","embeddable":true,"href":"https:\/\/sisperdesign.com\/sisperstore\/wp-json\/wp\/v2\/product_tag?post=14830"}],"curies":[{"name":"wp","href":"https:\/\/api.w.org\/{rel}","templated":true}]}}