{"id":15087,"date":"2023-04-20T12:44:25","date_gmt":"2023-04-20T15:44:25","guid":{"rendered":"https:\/\/sisperdesign.com\/sisperstore\/?post_type=product&#038;p=15087"},"modified":"2026-05-04T11:18:37","modified_gmt":"2026-05-04T14:18:37","slug":"jogo-matematico-somacubos","status":"publish","type":"product","link":"https:\/\/sisperdesign.com\/sisperstore\/produto\/jogo-matematico-somacubos\/","title":{"rendered":"Soma Cubos"},"content":{"rendered":"<h1 data-start=\"1379\" data-end=\"1444\">Soma Cubos \u2013 Aprendizado Matem\u00e1tico com Desafio e Criatividade<\/h1>\n<p data-start=\"1446\" data-end=\"1587\">O Soma Cubos \u00e9 um jogo educativo desenvolvido para estimular o racioc\u00ednio l\u00f3gico e as habilidades matem\u00e1ticas de forma concreta e envolvente.<\/p>\n<p data-start=\"1589\" data-end=\"1811\">Por meio da combina\u00e7\u00e3o de cubos e desafios num\u00e9ricos, a crian\u00e7a trabalha conceitos de soma, percep\u00e7\u00e3o espacial e resolu\u00e7\u00e3o de problemas enquanto brinca. O formato tridimensional torna o aprendizado mais intuitivo e visual.<\/p>\n<p data-start=\"1813\" data-end=\"1981\">Diferente de exerc\u00edcios tradicionais no papel, o Soma Cubos transforma a matem\u00e1tica em experi\u00eancia pr\u00e1tica, favorecendo concentra\u00e7\u00e3o, estrat\u00e9gia e pensamento anal\u00edtico.<\/p>\n<h2 data-start=\"1988\" data-end=\"2015\">Benef\u00edcios do Soma Cubos<\/h2>\n<p data-start=\"2017\" data-end=\"2195\">\u2013 Desenvolve racioc\u00ednio l\u00f3gico<br data-start=\"2047\" data-end=\"2050\" \/>\u2013 Estimula habilidades matem\u00e1ticas<br data-start=\"2084\" data-end=\"2087\" \/>\u2013 Trabalha percep\u00e7\u00e3o espacial<br data-start=\"2116\" data-end=\"2119\" \/>\u2013 Incentiva concentra\u00e7\u00e3o e autonomia<br data-start=\"2155\" data-end=\"2158\" \/>\u2013 Ideal para uso escolar e familiar<\/p>\n<h2 data-start=\"2202\" data-end=\"2230\">Sustentabilidade e design<\/h2>\n<p data-start=\"2232\" data-end=\"2387\">Produzido em biopl\u00e1stico ecol\u00f3gico por impress\u00e3o 3D, o Soma Cubos refor\u00e7a o compromisso da SisperDesign com design autoral, inova\u00e7\u00e3o e educa\u00e7\u00e3o consciente.<\/p>\n<p data-start=\"1561\" data-end=\"1639\">Uma excelente forma de desenvolver <strong data-start=\"1599\" data-end=\"1636\">concentra\u00e7\u00e3o, foco e criatividade<\/strong>.<\/p>\n<p data-start=\"1641\" data-end=\"1660\">Bora se divertir?<\/p>\n<p>Indicado para +6 anos<br \/>\nDesign by Simone L. Sperhacke<br \/>\nFeito por impress\u00e3o 3D, em PLA (pl\u00e1stico biodegrad\u00e1vel, sem petr\u00f3leo)<br \/>\nCores podem variar. Imagens ilustrativas.<br \/>\nProduto certificado de acordo com numero registro 007835\/2024 \u2013 Certificadora BRICS OCP 0098.<\/p>\n<p><strong><a href=\"https:\/\/sisperdesign.com\/sisperstore\/produto\/desafios-soma-cubo-gratis\/\">Baixe os desafios aqui!<\/a><\/strong><\/p>\n","protected":false},"excerpt":{"rendered":"<p data-start=\"2439\" data-end=\"2495\">Soma Cubos \u00e9 um jogo educativo de racioc\u00ednio matem\u00e1tico.<\/p>\n<p data-start=\"2497\" data-end=\"2683\">\u2013 Estimula l\u00f3gica e habilidades num\u00e9ricas<br data-start=\"2538\" data-end=\"2541\" \/>\u2013 Trabalha percep\u00e7\u00e3o espacial<br data-start=\"2570\" data-end=\"2573\" \/>\u2013 Ideal para crian\u00e7as em fase escolar<br data-start=\"2610\" data-end=\"2613\" \/>\u2013 Produzido em biopl\u00e1stico ecol\u00f3gico<br data-start=\"2649\" data-end=\"2652\" \/>\u2013 Design autoral SisperDesign<\/p>\n","protected":false},"featured_media":20787,"comment_status":"open","ping_status":"closed","template":"","meta":{"jetpack_post_was_ever_published":false,"jetpack_publicize_message":"","jetpack_publicize_feature_enabled":true,"jetpack_social_post_already_shared":true,"jetpack_social_options":{"image_generator_settings":{"template":"highway","default_image_id":0,"font":"","enabled":false},"version":2}},"product_brand":[593,579],"product_cat":[20,612,19,28],"product_tag":[345,329,564,157,163,328,327,626,619,486,628],"class_list":{"0":"post-15087","1":"product","2":"type-product","3":"status-publish","4":"has-post-thumbnail","6":"product_brand-sisper-design","7":"product_brand-sisperdesign","8":"product_cat-jogos","9":"product_cat-612","10":"product_cat-brinquedos","11":"product_cat-produtos","12":"product_tag-brinquedos","13":"product_tag-desafios","14":"product_tag-geometria","15":"product_tag-puzzle","16":"product_tag-quebra-cabeca","17":"product_tag-soma-cube","18":"product_tag-soma-cubo","19":"product_tag-soma-cubos","20":"product_tag-somacube","21":"product_tag-somacubo","22":"product_tag-somoacubos","23":"pa_cor-amr","24":"pa_cor-azul","25":"pa_cor-br","26":"pa_cor-ciz","27":"pa_cor-fucsia","28":"pa_cor-laranja","29":"pa_cor-mar","30":"pa_cor-marrom","31":"pa_cor-pr","32":"pa_cor-ros","33":"pa_cor-srt","34":"pa_cor-turquesa","35":"pa_cor-vd","36":"pa_cor-vrl","38":"first","39":"instock","40":"shipping-taxable","41":"purchasable","42":"product-type-variable"},"jetpack_publicize_connections":[],"jetpack-related-posts":[],"jetpack_likes_enabled":true,"jetpack_sharing_enabled":true,"_links":{"self":[{"href":"https:\/\/sisperdesign.com\/sisperstore\/wp-json\/wp\/v2\/product\/15087","targetHints":{"allow":["GET"]}}],"collection":[{"href":"https:\/\/sisperdesign.com\/sisperstore\/wp-json\/wp\/v2\/product"}],"about":[{"href":"https:\/\/sisperdesign.com\/sisperstore\/wp-json\/wp\/v2\/types\/product"}],"replies":[{"embeddable":true,"href":"https:\/\/sisperdesign.com\/sisperstore\/wp-json\/wp\/v2\/comments?post=15087"}],"wp:featuredmedia":[{"embeddable":true,"href":"https:\/\/sisperdesign.com\/sisperstore\/wp-json\/wp\/v2\/media\/20787"}],"wp:attachment":[{"href":"https:\/\/sisperdesign.com\/sisperstore\/wp-json\/wp\/v2\/media?parent=15087"}],"wp:term":[{"taxonomy":"product_brand","embeddable":true,"href":"https:\/\/sisperdesign.com\/sisperstore\/wp-json\/wp\/v2\/product_brand?post=15087"},{"taxonomy":"product_cat","embeddable":true,"href":"https:\/\/sisperdesign.com\/sisperstore\/wp-json\/wp\/v2\/product_cat?post=15087"},{"taxonomy":"product_tag","embeddable":true,"href":"https:\/\/sisperdesign.com\/sisperstore\/wp-json\/wp\/v2\/product_tag?post=15087"}],"curies":[{"name":"wp","href":"https:\/\/api.w.org\/{rel}","templated":true}]}}