{"id":15140,"date":"2023-04-20T19:44:28","date_gmt":"2023-04-20T22:44:28","guid":{"rendered":"https:\/\/sisperdesign.com\/sisperstore\/?post_type=product&#038;p=15140"},"modified":"2026-05-04T11:18:40","modified_gmt":"2026-05-04T14:18:40","slug":"dedal-de-leitura","status":"publish","type":"product","link":"https:\/\/sisperdesign.com\/sisperstore\/produto\/dedal-de-leitura\/","title":{"rendered":"Dedal de leitura"},"content":{"rendered":"<p>Com o\u00a0 dedal de leitura mantenha as p\u00e1ginas do seu livro favorito bem abertas com apenas uma m\u00e3o.<br \/>\nEm p\u00e9, sentado ou deitado\u2026 e voc\u00ea ainda tem uma m\u00e3o livre para segurar sua bebida ou lanchinho.<br \/>\nUm presente perfeito para o seu bibli\u00f3filo favorito!<\/p>\n<p>Feito em PLA, por impress\u00e3o 3d. \u00c9 pl\u00e1stico sem petr\u00f3leo, biopl\u00e1stico, ecol\u00f3gico.<\/p>\n<p>Verifique cores dispon\u00edveis.<\/p>\n","protected":false},"excerpt":{"rendered":"<p>Use o dedal de leitura para ler por mais tempo!<\/p>\n<p>Escolha sua cor!<\/p>\n","protected":false},"featured_media":15187,"comment_status":"open","ping_status":"closed","template":"","meta":{"jetpack_post_was_ever_published":false,"jetpack_publicize_message":"","jetpack_publicize_feature_enabled":true,"jetpack_social_post_already_shared":false,"jetpack_social_options":{"image_generator_settings":{"template":"highway","default_image_id":0,"font":"","enabled":false},"version":2}},"product_brand":[593,579],"product_cat":[172,636,28],"product_tag":[340,341,274,343,266,489],"class_list":{"0":"post-15140","1":"product","2":"type-product","3":"status-publish","4":"has-post-thumbnail","6":"product_brand-sisper-design","7":"product_brand-sisperdesign","8":"product_cat-acessorios","9":"product_cat-bem-viver","10":"product_cat-produtos","11":"product_tag-dedal","12":"product_tag-dedal-de-leitura","13":"product_tag-leitura","14":"product_tag-ler","15":"product_tag-livro","16":"product_tag-livros","17":"pa_cor-amr","18":"pa_cor-azul","19":"pa_cor-br","20":"pa_cor-ciz","21":"pa_cor-fucsia","22":"pa_cor-laranja","23":"pa_cor-mar","24":"pa_cor-marrom","25":"pa_cor-pr","26":"pa_cor-ros","27":"pa_cor-srt","28":"pa_cor-turquesa","29":"pa_cor-vd","30":"pa_cor-vrl","32":"first","33":"instock","34":"shipping-taxable","35":"purchasable","36":"product-type-variable"},"jetpack_publicize_connections":[],"jetpack-related-posts":[],"jetpack_likes_enabled":true,"jetpack_sharing_enabled":true,"_links":{"self":[{"href":"https:\/\/sisperdesign.com\/sisperstore\/wp-json\/wp\/v2\/product\/15140","targetHints":{"allow":["GET"]}}],"collection":[{"href":"https:\/\/sisperdesign.com\/sisperstore\/wp-json\/wp\/v2\/product"}],"about":[{"href":"https:\/\/sisperdesign.com\/sisperstore\/wp-json\/wp\/v2\/types\/product"}],"replies":[{"embeddable":true,"href":"https:\/\/sisperdesign.com\/sisperstore\/wp-json\/wp\/v2\/comments?post=15140"}],"wp:featuredmedia":[{"embeddable":true,"href":"https:\/\/sisperdesign.com\/sisperstore\/wp-json\/wp\/v2\/media\/15187"}],"wp:attachment":[{"href":"https:\/\/sisperdesign.com\/sisperstore\/wp-json\/wp\/v2\/media?parent=15140"}],"wp:term":[{"taxonomy":"product_brand","embeddable":true,"href":"https:\/\/sisperdesign.com\/sisperstore\/wp-json\/wp\/v2\/product_brand?post=15140"},{"taxonomy":"product_cat","embeddable":true,"href":"https:\/\/sisperdesign.com\/sisperstore\/wp-json\/wp\/v2\/product_cat?post=15140"},{"taxonomy":"product_tag","embeddable":true,"href":"https:\/\/sisperdesign.com\/sisperstore\/wp-json\/wp\/v2\/product_tag?post=15140"}],"curies":[{"name":"wp","href":"https:\/\/api.w.org\/{rel}","templated":true}]}}