{"id":15155,"date":"2023-04-21T09:35:29","date_gmt":"2023-04-21T12:35:29","guid":{"rendered":"https:\/\/sisperdesign.com\/sisperstore\/?post_type=product&#038;p=15155"},"modified":"2026-05-04T11:18:45","modified_gmt":"2026-05-04T14:18:45","slug":"gato-phone","status":"publish","type":"product","link":"https:\/\/sisperdesign.com\/sisperstore\/produto\/gato-phone\/","title":{"rendered":"Gato Phone \u2013 Suporte \/ Apoio de Celular Decorativo"},"content":{"rendered":"<p data-start=\"993\" data-end=\"1260\">O <strong data-start=\"995\" data-end=\"1024\">Gato Phone \u2013 SisperDesign<\/strong> \u00e9 um suporte de celular que une praticidade, estilo e personalidade em uma \u00fanica pe\u00e7a. Inspirado no formato de um gato, ele serve como apoio firme para o smartphone, al\u00e9m de funcionar como objeto decorativo que d\u00e1 charme ao ambiente.<\/p>\n<p data-start=\"1262\" data-end=\"1505\">Produzido em <strong data-start=\"1275\" data-end=\"1282\">PLA<\/strong>, um material sustent\u00e1vel e leve, o Gato Phone \u00e9 fabricado por impress\u00e3o 3D, garantindo acabamento \u00fanico em cada pe\u00e7a. Voc\u00ea pode escolher a cor que mais combina com seu estilo e ambiente de trabalho, mesa, quarto ou sala.<\/p>\n<p data-start=\"1507\" data-end=\"1802\">Seu design pensado permite que o celular fique na posi\u00e7\u00e3o ideal para assistir v\u00eddeos, fazer chamadas de v\u00eddeo ou usar aplicativos com conforto. Por ser compacto e elegante, o Gato Phone tamb\u00e9m \u00e9 excelente op\u00e7\u00e3o de presente criativo, especialmente para quem ama gatos e itens de design autoral.<\/p>\n<p data-start=\"1804\" data-end=\"1962\">Esta pe\u00e7a integra a cole\u00e7\u00e3o de suportes l\u00fadicos criados pela designer <strong data-start=\"1874\" data-end=\"1897\">Simone L. Sperhacke<\/strong>, que inclui outros modelos como \u201cC\u00e3o Phone\u201d e \u201cUni Phone\u201d.<\/p>\n","protected":false},"excerpt":{"rendered":"<p>Enfeite ou suporte?<\/p>\n<p>Voc\u00ea decide!<\/p>\n","protected":false},"featured_media":1681,"comment_status":"open","ping_status":"closed","template":"","meta":{"jetpack_post_was_ever_published":false,"jetpack_publicize_message":"","jetpack_publicize_feature_enabled":true,"jetpack_social_post_already_shared":false,"jetpack_social_options":{"image_generator_settings":{"template":"highway","default_image_id":0,"font":"","enabled":false},"version":2}},"product_brand":[593,579],"product_cat":[172,251,28],"product_tag":[488,386,82,84,25,269],"class_list":{"0":"post-15155","1":"product","2":"type-product","3":"status-publish","4":"has-post-thumbnail","6":"product_brand-sisper-design","7":"product_brand-sisperdesign","8":"product_cat-acessorios","9":"product_cat-decor","10":"product_cat-produtos","11":"product_tag-apoio","12":"product_tag-decoracao","13":"product_tag-design","14":"product_tag-eco","15":"product_tag-gato","16":"product_tag-smartphone","17":"pa_cor-amr","18":"pa_cor-azul","19":"pa_cor-br","20":"pa_cor-ciz","21":"pa_cor-fucsia","22":"pa_cor-laranja","23":"pa_cor-mar","24":"pa_cor-marrom","25":"pa_cor-pr","26":"pa_cor-ros","27":"pa_cor-srt","28":"pa_cor-turquesa","29":"pa_cor-vd","30":"pa_cor-vrl","32":"first","33":"instock","34":"featured","35":"shipping-taxable","36":"purchasable","37":"product-type-variable"},"jetpack_publicize_connections":[],"jetpack-related-posts":[],"jetpack_likes_enabled":true,"jetpack_sharing_enabled":true,"_links":{"self":[{"href":"https:\/\/sisperdesign.com\/sisperstore\/wp-json\/wp\/v2\/product\/15155","targetHints":{"allow":["GET"]}}],"collection":[{"href":"https:\/\/sisperdesign.com\/sisperstore\/wp-json\/wp\/v2\/product"}],"about":[{"href":"https:\/\/sisperdesign.com\/sisperstore\/wp-json\/wp\/v2\/types\/product"}],"replies":[{"embeddable":true,"href":"https:\/\/sisperdesign.com\/sisperstore\/wp-json\/wp\/v2\/comments?post=15155"}],"wp:featuredmedia":[{"embeddable":true,"href":"https:\/\/sisperdesign.com\/sisperstore\/wp-json\/wp\/v2\/media\/1681"}],"wp:attachment":[{"href":"https:\/\/sisperdesign.com\/sisperstore\/wp-json\/wp\/v2\/media?parent=15155"}],"wp:term":[{"taxonomy":"product_brand","embeddable":true,"href":"https:\/\/sisperdesign.com\/sisperstore\/wp-json\/wp\/v2\/product_brand?post=15155"},{"taxonomy":"product_cat","embeddable":true,"href":"https:\/\/sisperdesign.com\/sisperstore\/wp-json\/wp\/v2\/product_cat?post=15155"},{"taxonomy":"product_tag","embeddable":true,"href":"https:\/\/sisperdesign.com\/sisperstore\/wp-json\/wp\/v2\/product_tag?post=15155"}],"curies":[{"name":"wp","href":"https:\/\/api.w.org\/{rel}","templated":true}]}}