{"id":15245,"date":"2023-05-26T06:17:32","date_gmt":"2023-05-26T09:17:32","guid":{"rendered":"https:\/\/sisperdesign.com\/sisperstore\/?post_type=product&#038;p=15245"},"modified":"2026-05-04T11:18:32","modified_gmt":"2026-05-04T14:18:32","slug":"estrela-de-salomao-e-kaooa","status":"publish","type":"product","link":"https:\/\/sisperdesign.com\/sisperstore\/produto\/estrela-de-salomao-e-kaooa\/","title":{"rendered":"Estrela de Salom\u00e3o e Kaooa"},"content":{"rendered":"<p>Dois jogos em um!<br \/>\nCom o\u00a0 mesmo tabuleiro divirta-se com\u00a0jogos de origem milenar!<br \/>\nConhecidos como Estrela de Salom\u00e3o, estrela matem\u00e1tica ou Pentalfa e o Jogo do abutre e as gralhas (Kaooa).<br \/>\nTrabalha o racioc\u00ednio, concentra\u00e7\u00e3o, observa\u00e7\u00e3o e aten\u00e7\u00e3o, al\u00e9m de estimular o c\u00e1lculo mental.<\/p>\n<p>Cont\u00e9m 1 tabuleiro e 10 pe\u00e7as em PLA (ecol\u00f3gico) e regras dos jogos.<br \/>\nFeito por impress\u00e3o 3D, em PLA (pl\u00e1stico biodegrad\u00e1vel, sem petr\u00f3leo)<\/p>\n<p>Cores podem variar.\u00a0Imagens ilustrativas.<\/p>\n<p>Produto certificado de acordo com numero registro 007837\/2024 &#8211; Certificadora BRICS OCP 0098.<\/p>\n","protected":false},"excerpt":{"rendered":"<p>Conhe\u00e7a (e brinque!) jogos de origem milenar!<br \/>\nTrabalha o racioc\u00ednio, concentra\u00e7\u00e3o, observa\u00e7\u00e3o e aten\u00e7\u00e3o, al\u00e9m de estimular o c\u00e1lculo mental.<\/p>\n","protected":false},"featured_media":17449,"comment_status":"open","ping_status":"closed","template":"","meta":{"jetpack_post_was_ever_published":false,"jetpack_publicize_message":"","jetpack_publicize_feature_enabled":true,"jetpack_social_post_already_shared":false,"jetpack_social_options":{"image_generator_settings":{"template":"highway","default_image_id":0,"font":"","enabled":false},"version":2}},"product_brand":[],"product_cat":[20],"product_tag":[499,498,497,483,500,535],"class_list":{"0":"post-15245","1":"product","2":"type-product","3":"status-publish","4":"has-post-thumbnail","6":"product_cat-jogos","7":"product_tag-abutre-e-gralhas","8":"product_tag-estrela-de-salomao","9":"product_tag-estrela-matematica","10":"product_tag-jogos","11":"product_tag-kaooa","12":"product_tag-presentes","14":"first","15":"instock","16":"shipping-taxable","17":"purchasable","18":"product-type-simple"},"jetpack_publicize_connections":[],"jetpack-related-posts":[],"jetpack_likes_enabled":true,"jetpack_sharing_enabled":true,"_links":{"self":[{"href":"https:\/\/sisperdesign.com\/sisperstore\/wp-json\/wp\/v2\/product\/15245","targetHints":{"allow":["GET"]}}],"collection":[{"href":"https:\/\/sisperdesign.com\/sisperstore\/wp-json\/wp\/v2\/product"}],"about":[{"href":"https:\/\/sisperdesign.com\/sisperstore\/wp-json\/wp\/v2\/types\/product"}],"replies":[{"embeddable":true,"href":"https:\/\/sisperdesign.com\/sisperstore\/wp-json\/wp\/v2\/comments?post=15245"}],"wp:featuredmedia":[{"embeddable":true,"href":"https:\/\/sisperdesign.com\/sisperstore\/wp-json\/wp\/v2\/media\/17449"}],"wp:attachment":[{"href":"https:\/\/sisperdesign.com\/sisperstore\/wp-json\/wp\/v2\/media?parent=15245"}],"wp:term":[{"taxonomy":"product_brand","embeddable":true,"href":"https:\/\/sisperdesign.com\/sisperstore\/wp-json\/wp\/v2\/product_brand?post=15245"},{"taxonomy":"product_cat","embeddable":true,"href":"https:\/\/sisperdesign.com\/sisperstore\/wp-json\/wp\/v2\/product_cat?post=15245"},{"taxonomy":"product_tag","embeddable":true,"href":"https:\/\/sisperdesign.com\/sisperstore\/wp-json\/wp\/v2\/product_tag?post=15245"}],"curies":[{"name":"wp","href":"https:\/\/api.w.org\/{rel}","templated":true}]}}