{"id":15266,"date":"2023-06-12T12:38:18","date_gmt":"2023-06-12T15:38:18","guid":{"rendered":"https:\/\/sisperdesign.com\/sisperstore\/?post_type=product&#038;p=15266"},"modified":"2026-05-04T11:18:32","modified_gmt":"2026-05-04T14:18:32","slug":"animais-do-safari","status":"publish","type":"product","link":"https:\/\/sisperdesign.com\/sisperstore\/produto\/animais-do-safari\/","title":{"rendered":"Animais do Saf\u00e1ri"},"content":{"rendered":"<p>Aqui voc\u00ea encontra miniaturas encantadoras de animais do saf\u00e1ri que v\u00e3o levar voc\u00ea em uma aventura selvagem sem sair de casa.<\/p>\n<p>De le\u00f5es majestosos a girafas elegantes, temos uma variedade incr\u00edvel de miniaturas realistas para voc\u00ea colecionar, decorar ou presentear.<\/p>\n<p>Solte sua imagina\u00e7\u00e3o e crie seu pr\u00f3prio saf\u00e1ri em miniatura, explorando as maravilhas da natureza e os mist\u00e9rios da vida selvagem.<\/p>\n<p>Adicione um toque de divers\u00e3o selvagem ao seu dia a dia com nossas miniaturas de animais do saf\u00e1ri!<\/p>\n<p>Finalista na categoria Brinquedos e jogos do Pr\u00eamio Bornancini 2024.<\/p>\n<p><strong><img decoding=\"async\" class=\"size-medium wp-image-17414 lazyload\" data-src=\"https:\/\/sisperdesign.com\/sisperstore\/wp-content\/uploads\/2024\/10\/selo_bornancini-300x300.jpg\" alt=\"shortlist pr\u00eamio Bornancini\" width=\"300\" height=\"300\" data-srcset=\"https:\/\/sisperdesign.com\/sisperstore\/wp-content\/uploads\/2024\/10\/selo_bornancini-300x300.jpg 300w, https:\/\/sisperdesign.com\/sisperstore\/wp-content\/uploads\/2024\/10\/selo_bornancini-150x150.jpg 150w, https:\/\/sisperdesign.com\/sisperstore\/wp-content\/uploads\/2024\/10\/selo_bornancini-768x768.jpg 768w, https:\/\/sisperdesign.com\/sisperstore\/wp-content\/uploads\/2024\/10\/selo_bornancini-600x600.jpg 600w, https:\/\/sisperdesign.com\/sisperstore\/wp-content\/uploads\/2024\/10\/selo_bornancini-100x100.jpg 100w, https:\/\/sisperdesign.com\/sisperstore\/wp-content\/uploads\/2024\/10\/selo_bornancini.jpg 1025w\" data-sizes=\"(max-width: 300px) 100vw, 300px\" src=\"data:image\/svg+xml;base64,PHN2ZyB3aWR0aD0iMSIgaGVpZ2h0PSIxIiB4bWxucz0iaHR0cDovL3d3dy53My5vcmcvMjAwMC9zdmciPjwvc3ZnPg==\" style=\"--smush-placeholder-width: 300px; --smush-placeholder-aspect-ratio: 300\/300;\" \/><\/strong><\/p>\n<p>Miniaturas de animais composto por:<\/p>\n<p>1 girafa, 1 elefante, 1 le\u00e3o, 1 crocodilo, 1 hipop\u00f3tamo e 1 rinoceronte.<\/p>\n<p>Indicado para +2 anos (24 meses)<br \/>\nDesign by Simone L. Sperhacke<br \/>\nFeito por impress\u00e3o 3D, em PLA (pl\u00e1stico biodegrad\u00e1vel, sem petr\u00f3leo)<br \/>\nCores podem variar. Imagens ilustrativas.<br \/>\nProduto certificado de acordo com numero registro 007898\/2024 \u2013 Certificadora BRICS OCP 0098.<\/p>\n<p>Medidas aproximadas da embalagem: 21x28cm<\/p>\n<p><iframe title=\"Cole\u00e7\u00e3o Animais #brinquedos #montessori #3dprinting\" width=\"1200\" height=\"675\" src=\"https:\/\/www.youtube.com\/embed\/4xwNRbAPFhE?feature=oembed\" frameborder=\"0\" allow=\"accelerometer; autoplay; clipboard-write; encrypted-media; gyroscope; picture-in-picture; web-share\" referrerpolicy=\"strict-origin-when-cross-origin\" allowfullscreen><\/iframe><\/p>\n<p>&nbsp;<\/p>\n","protected":false},"excerpt":{"rendered":"<p>Explore a selva em miniatura com nossas miniaturas de animais do saf\u00e1ri!<\/p>\n","protected":false},"featured_media":15270,"comment_status":"open","ping_status":"closed","template":"","meta":{"jetpack_post_was_ever_published":false,"jetpack_publicize_message":"","jetpack_publicize_feature_enabled":true,"jetpack_social_post_already_shared":false,"jetpack_social_options":{"image_generator_settings":{"template":"highway","default_image_id":0,"font":"","enabled":false},"version":2}},"product_brand":[593,579],"product_cat":[609,19,613,28],"product_tag":[443,82,84,247,455,490],"class_list":{"0":"post-15266","1":"product","2":"type-product","3":"status-publish","4":"has-post-thumbnail","6":"product_brand-sisper-design","7":"product_brand-sisperdesign","8":"product_cat-24m","9":"product_cat-brinquedos","10":"product_cat-educativos","11":"product_cat-produtos","12":"product_tag-animais","13":"product_tag-design","14":"product_tag-eco","15":"product_tag-ecologico","16":"product_tag-miniaturas","17":"product_tag-safari","19":"first","20":"onbackorder","21":"featured","22":"shipping-taxable","23":"purchasable","24":"product-type-simple"},"jetpack_publicize_connections":[],"jetpack-related-posts":[],"jetpack_likes_enabled":true,"jetpack_sharing_enabled":true,"_links":{"self":[{"href":"https:\/\/sisperdesign.com\/sisperstore\/wp-json\/wp\/v2\/product\/15266","targetHints":{"allow":["GET"]}}],"collection":[{"href":"https:\/\/sisperdesign.com\/sisperstore\/wp-json\/wp\/v2\/product"}],"about":[{"href":"https:\/\/sisperdesign.com\/sisperstore\/wp-json\/wp\/v2\/types\/product"}],"replies":[{"embeddable":true,"href":"https:\/\/sisperdesign.com\/sisperstore\/wp-json\/wp\/v2\/comments?post=15266"}],"wp:featuredmedia":[{"embeddable":true,"href":"https:\/\/sisperdesign.com\/sisperstore\/wp-json\/wp\/v2\/media\/15270"}],"wp:attachment":[{"href":"https:\/\/sisperdesign.com\/sisperstore\/wp-json\/wp\/v2\/media?parent=15266"}],"wp:term":[{"taxonomy":"product_brand","embeddable":true,"href":"https:\/\/sisperdesign.com\/sisperstore\/wp-json\/wp\/v2\/product_brand?post=15266"},{"taxonomy":"product_cat","embeddable":true,"href":"https:\/\/sisperdesign.com\/sisperstore\/wp-json\/wp\/v2\/product_cat?post=15266"},{"taxonomy":"product_tag","embeddable":true,"href":"https:\/\/sisperdesign.com\/sisperstore\/wp-json\/wp\/v2\/product_tag?post=15266"}],"curies":[{"name":"wp","href":"https:\/\/api.w.org\/{rel}","templated":true}]}}