{"id":15313,"date":"2023-07-17T11:22:10","date_gmt":"2023-07-17T14:22:10","guid":{"rendered":"https:\/\/sisperdesign.com\/sisperstore\/?post_type=product&#038;p=15313"},"modified":"2026-05-04T11:18:33","modified_gmt":"2026-05-04T14:18:33","slug":"casa-da-fortuna","status":"publish","type":"product","link":"https:\/\/sisperdesign.com\/sisperstore\/produto\/casa-da-fortuna\/","title":{"rendered":"Casa da Fortuna"},"content":{"rendered":"<p>Casa da Fortuna (ou Gl\u00fcckshaus) \u00e9 um jogo de dados medieval alem\u00e3o popular nos s\u00e9culos XV e XVI. Para duas ou mais pessoas (melhor at\u00e9 6), leva menos de 1 minuto para aprender, mas pode ser envolvente por horas!<\/p>\n<p>Cont\u00e9m 1 tabuleiro e 12 pe\u00e7as em PLA (ecol\u00f3gico) e dois dados de 6 lados.<\/p>\n<p>Indicado para +5 anos<br \/>\nDesign by Simone L. Sperhacke<br \/>\nFeito por impress\u00e3o 3D, em PLA (pl\u00e1stico biodegrad\u00e1vel, sem petr\u00f3leo)<br \/>\nCores podem variar. Imagens ilustrativas.<br \/>\nProduto certificado de acordo com numero registro 007837\/2024 \u2013 Certificadora BRICS OCP 0098.<\/p>\n<p>&nbsp;<\/p>\n","protected":false},"excerpt":{"rendered":"<p>Explore o jogo de tabuleiro medieval Casa da Fortuna (ou Gl\u00fcckshaus)!<\/p>\n","protected":false},"featured_media":15316,"comment_status":"closed","ping_status":"closed","template":"","meta":{"jetpack_post_was_ever_published":false,"jetpack_publicize_message":"","jetpack_publicize_feature_enabled":true,"jetpack_social_post_already_shared":false,"jetpack_social_options":{"image_generator_settings":{"template":"highway","default_image_id":0,"font":"","enabled":false},"version":2}},"product_brand":[],"product_cat":[20,28],"product_tag":[494,495,75,52,496],"class_list":{"0":"post-15313","1":"product","2":"type-product","3":"status-publish","4":"has-post-thumbnail","6":"product_cat-jogos","7":"product_cat-produtos","8":"product_tag-casa-da-fortuna","9":"product_tag-gluckshaus","10":"product_tag-jogo","11":"product_tag-jogo-de-tabuleiro","12":"product_tag-sorte","14":"first","15":"onbackorder","16":"shipping-taxable","17":"purchasable","18":"product-type-simple"},"jetpack_publicize_connections":[],"jetpack-related-posts":[],"jetpack_likes_enabled":true,"jetpack_sharing_enabled":true,"_links":{"self":[{"href":"https:\/\/sisperdesign.com\/sisperstore\/wp-json\/wp\/v2\/product\/15313","targetHints":{"allow":["GET"]}}],"collection":[{"href":"https:\/\/sisperdesign.com\/sisperstore\/wp-json\/wp\/v2\/product"}],"about":[{"href":"https:\/\/sisperdesign.com\/sisperstore\/wp-json\/wp\/v2\/types\/product"}],"replies":[{"embeddable":true,"href":"https:\/\/sisperdesign.com\/sisperstore\/wp-json\/wp\/v2\/comments?post=15313"}],"wp:featuredmedia":[{"embeddable":true,"href":"https:\/\/sisperdesign.com\/sisperstore\/wp-json\/wp\/v2\/media\/15316"}],"wp:attachment":[{"href":"https:\/\/sisperdesign.com\/sisperstore\/wp-json\/wp\/v2\/media?parent=15313"}],"wp:term":[{"taxonomy":"product_brand","embeddable":true,"href":"https:\/\/sisperdesign.com\/sisperstore\/wp-json\/wp\/v2\/product_brand?post=15313"},{"taxonomy":"product_cat","embeddable":true,"href":"https:\/\/sisperdesign.com\/sisperstore\/wp-json\/wp\/v2\/product_cat?post=15313"},{"taxonomy":"product_tag","embeddable":true,"href":"https:\/\/sisperdesign.com\/sisperstore\/wp-json\/wp\/v2\/product_tag?post=15313"}],"curies":[{"name":"wp","href":"https:\/\/api.w.org\/{rel}","templated":true}]}}