{"id":15366,"date":"2023-09-10T10:23:17","date_gmt":"2023-09-10T13:23:17","guid":{"rendered":"https:\/\/sisperdesign.com\/sisperstore\/?post_type=product&#038;p=15366"},"modified":"2026-05-05T19:09:20","modified_gmt":"2026-05-05T22:09:20","slug":"mini-dominove","status":"publish","type":"product","link":"https:\/\/sisperdesign.com\/sisperstore\/produto\/mini-dominove\/","title":{"rendered":"Mini Dominove"},"content":{"rendered":"<p>O jogo de domin\u00f3 at\u00e9 o n\u00famero 9 \u00e9 uma vers\u00e3o em que as pe\u00e7as de domin\u00f3 t\u00eam valores que variam de 0 a 9.<\/p>\n<p>Cada jogador recebe um n\u00famero igual de pe\u00e7as e o objetivo \u00e9 combinar os valores das extremidades das pe\u00e7as jogadas na mesa, de modo a esvaziar sua pr\u00f3pria m\u00e3o.<\/p>\n<p>As regras b\u00e1sicas incluem:<\/p>\n<p>1. In\u00edcio do Jogo: As pe\u00e7as s\u00e3o embaralhadas e distribu\u00eddas igualmente entre os jogadores (7 pe\u00e7as para cada).<\/p>\n<p>2. Jogada Inicial: O jogador que tiver a pe\u00e7a com o maior n\u00famero de pontos (9-9) joga essa pe\u00e7a na mesa. Caso contr\u00e1rio segue para duplo 8, ou duplo 7, e at\u00e9 que algum jogador tenha uma pe\u00e7a dupla. Se nenhum tiver, cada jogador compra uma pe\u00e7a das restantes at\u00e9 que algu\u00e9m tenha uma pe\u00e7a dupla.<\/p>\n<p>3. Jogadas Subsequentes: Os jogadores alternam jogadas no sentido hor\u00e1rio. Cada jogador deve jogar uma pe\u00e7a com um dos valores correspondentes a uma extremidade da pe\u00e7a j\u00e1 jogada na mesa.<\/p>\n<p>4. Bloqueios: Se um jogador n\u00e3o puder jogar uma pe\u00e7a, ele deve retirar uma pe\u00e7a do monte de compra at\u00e9 que tenha uma pe\u00e7a que possa ser jogada. Isso \u00e9 conhecido como &#8220;puxar&#8221; pe\u00e7as.<\/p>\n<p>5. Vit\u00f3ria: O jogador que se livrar de todas as suas pe\u00e7as primeiro vence a rodada.<\/p>\n<p>6. Pontua\u00e7\u00e3o: No final de cada rodada, os jogadores somam os valores das pe\u00e7as que ainda t\u00eam em m\u00e3os, e esses pontos s\u00e3o contabilizados como pontua\u00e7\u00e3o negativa. O objetivo \u00e9 ter a menor pontua\u00e7\u00e3o poss\u00edvel ao final de v\u00e1rias rodadas. Pode-se excluir essa regra para simplificar.<\/p>\n<p>As regras variam,\u00a0 essa \u00e9 apenas uma delas!<\/p>\n<p>O jogo de domin\u00f3 at\u00e9 o n\u00famero 9 \u00e9 uma \u00f3tima maneira de introduzir as crian\u00e7as ao mundo dos jogos de domin\u00f3, pois as regras s\u00e3o mais simples e os n\u00fameros s\u00e3o mais f\u00e1ceis de identificar. Al\u00e9m disso, \u00e9 uma atividade divertida que promove o pensamento estrat\u00e9gico e o reconhecimento de padr\u00f5es. \u00c9 uma op\u00e7\u00e3o de jogo familiar adequada para todas as idades.<\/p>\n<p>Indicado para +6 anos<br \/>\nDesign by Simone L. Sperhacke<br \/>\nFeito por impress\u00e3o 3D, em PLA (pl\u00e1stico biodegrad\u00e1vel, sem petr\u00f3leo)<br \/>\nCores podem variar. Imagens ilustrativas.<br \/>\nProduto certificado de acordo com numero registro 007844\/2024 \u2013 Certificadora BRICS OCP 0098.<\/p>\n","protected":false},"excerpt":{"rendered":"<p data-start=\"1009\" data-end=\"1037\"><strong>Mini Dominove:<\/strong><br \/>\nJogo de domin\u00f3 de 0 a 9<br \/>\nCont\u00e9m 55 pe\u00e7as<br \/>\nEstimula racioc\u00ednio l\u00f3gico e concentra\u00e7\u00e3o<br \/>\nIdeal para viagens e uso em qualquer lugar<br \/>\nBrinquedo anal\u00f3gico, sem telas<br \/>\nDesign educativo e autoral SisperDesign<\/p>\n","protected":false},"featured_media":20188,"comment_status":"open","ping_status":"closed","template":"","meta":{"jetpack_post_was_ever_published":false,"jetpack_publicize_message":"","jetpack_publicize_feature_enabled":true,"jetpack_social_post_already_shared":false,"jetpack_social_options":{"image_generator_settings":{"template":"highway","default_image_id":0,"font":"","enabled":false},"version":2}},"product_brand":[593,579],"product_cat":[612,20,28],"product_tag":[501,502,503,414,663],"class_list":{"0":"post-15366","1":"product","2":"type-product","3":"status-publish","4":"has-post-thumbnail","6":"product_brand-sisper-design","7":"product_brand-sisperdesign","8":"product_cat-612","9":"product_cat-jogos","10":"product_cat-produtos","11":"product_tag-domino","12":"product_tag-dominove","13":"product_tag-jogo-de-mesa","14":"product_tag-mini","15":"product_tag-travel","17":"first","18":"instock","19":"featured","20":"shipping-taxable","21":"purchasable","22":"product-type-simple"},"jetpack_publicize_connections":[],"jetpack-related-posts":[],"jetpack_likes_enabled":true,"jetpack_sharing_enabled":true,"_links":{"self":[{"href":"https:\/\/sisperdesign.com\/sisperstore\/wp-json\/wp\/v2\/product\/15366","targetHints":{"allow":["GET"]}}],"collection":[{"href":"https:\/\/sisperdesign.com\/sisperstore\/wp-json\/wp\/v2\/product"}],"about":[{"href":"https:\/\/sisperdesign.com\/sisperstore\/wp-json\/wp\/v2\/types\/product"}],"replies":[{"embeddable":true,"href":"https:\/\/sisperdesign.com\/sisperstore\/wp-json\/wp\/v2\/comments?post=15366"}],"wp:featuredmedia":[{"embeddable":true,"href":"https:\/\/sisperdesign.com\/sisperstore\/wp-json\/wp\/v2\/media\/20188"}],"wp:attachment":[{"href":"https:\/\/sisperdesign.com\/sisperstore\/wp-json\/wp\/v2\/media?parent=15366"}],"wp:term":[{"taxonomy":"product_brand","embeddable":true,"href":"https:\/\/sisperdesign.com\/sisperstore\/wp-json\/wp\/v2\/product_brand?post=15366"},{"taxonomy":"product_cat","embeddable":true,"href":"https:\/\/sisperdesign.com\/sisperstore\/wp-json\/wp\/v2\/product_cat?post=15366"},{"taxonomy":"product_tag","embeddable":true,"href":"https:\/\/sisperdesign.com\/sisperstore\/wp-json\/wp\/v2\/product_tag?post=15366"}],"curies":[{"name":"wp","href":"https:\/\/api.w.org\/{rel}","templated":true}]}}