{"id":15384,"date":"2023-09-22T09:48:54","date_gmt":"2023-09-22T12:48:54","guid":{"rendered":"https:\/\/sisperdesign.com\/sisperstore\/?post_type=product&#038;p=15384"},"modified":"2026-03-09T10:14:42","modified_gmt":"2026-03-09T13:14:42","slug":"alice","status":"publish","type":"product","link":"https:\/\/sisperdesign.com\/sisperstore\/produto\/alice\/","title":{"rendered":"Jogo de equil\u00edbrio da Alice"},"content":{"rendered":"<p>Equilibre os personagens de Alice no pa\u00eds das Maravilhas no sorriso do gato Cheshire (ou Gato Risonho)!<br \/>\n\u00c9 o presente perfeito para qualquer pessoa, mas especialmente para crian\u00e7as!<br \/>\nPara brincar e para decorar!<\/p>\n<p>Composto por:<br \/>\nAlice, Rainha, chap\u00e9u do Chapeleiro Maluco, coelho, lagarta e sorriso do gato.<br \/>\nDesign autoral<br \/>\nCores podem variar. Fotos meramente ilustrativas.<br \/>\nMedidas aproximadas da embalagem: 16x22cm<\/p>\n<p>Indicado para <strong>+3 anos<\/strong><br \/>\nDesign by Simone L. Sperhacke<br \/>\nFeito por impress\u00e3o 3D, em PLA (pl\u00e1stico biodegrad\u00e1vel, sem petr\u00f3leo)<br \/>\nCores podem variar. Imagens ilustrativas.<br \/>\nProduto certificado de acordo com numero registro 007898\/2024 \u2013 Certificadora BRICS OCP 0098.<\/p>\n","protected":false},"excerpt":{"rendered":"<p>Equilibre os personagens de Alice no pa\u00eds das Maravilhas no sorriso do gato Cheshire!<\/p>\n<p>\ud83d\ude42<\/p>\n","protected":false},"featured_media":17658,"comment_status":"closed","ping_status":"closed","template":"","meta":{"jetpack_post_was_ever_published":false,"jetpack_publicize_message":"","jetpack_publicize_feature_enabled":true,"jetpack_social_post_already_shared":false,"jetpack_social_options":{"image_generator_settings":{"template":"highway","default_image_id":0,"font":"","enabled":false},"version":2}},"product_brand":[593,579],"product_cat":[610,19,613,251,20,28],"product_tag":[504,592,505,590,591],"class_list":{"0":"post-15384","1":"product","2":"type-product","3":"status-publish","4":"has-post-thumbnail","6":"product_brand-sisper-design","7":"product_brand-sisperdesign","8":"product_cat-610","9":"product_cat-brinquedos","10":"product_cat-educativos","11":"product_cat-decor","12":"product_cat-jogos","13":"product_cat-produtos","14":"product_tag-alice","15":"product_tag-alice-no-pais-da-maravilhas","16":"product_tag-equilibrio","17":"product_tag-jogo-de-equilibrio","18":"product_tag-psicomotricidade","20":"first","21":"instock","22":"featured","23":"shipping-taxable","24":"purchasable","25":"product-type-simple"},"jetpack_publicize_connections":[],"jetpack-related-posts":[],"jetpack_likes_enabled":true,"jetpack_sharing_enabled":true,"_links":{"self":[{"href":"https:\/\/sisperdesign.com\/sisperstore\/wp-json\/wp\/v2\/product\/15384","targetHints":{"allow":["GET"]}}],"collection":[{"href":"https:\/\/sisperdesign.com\/sisperstore\/wp-json\/wp\/v2\/product"}],"about":[{"href":"https:\/\/sisperdesign.com\/sisperstore\/wp-json\/wp\/v2\/types\/product"}],"replies":[{"embeddable":true,"href":"https:\/\/sisperdesign.com\/sisperstore\/wp-json\/wp\/v2\/comments?post=15384"}],"wp:featuredmedia":[{"embeddable":true,"href":"https:\/\/sisperdesign.com\/sisperstore\/wp-json\/wp\/v2\/media\/17658"}],"wp:attachment":[{"href":"https:\/\/sisperdesign.com\/sisperstore\/wp-json\/wp\/v2\/media?parent=15384"}],"wp:term":[{"taxonomy":"product_brand","embeddable":true,"href":"https:\/\/sisperdesign.com\/sisperstore\/wp-json\/wp\/v2\/product_brand?post=15384"},{"taxonomy":"product_cat","embeddable":true,"href":"https:\/\/sisperdesign.com\/sisperstore\/wp-json\/wp\/v2\/product_cat?post=15384"},{"taxonomy":"product_tag","embeddable":true,"href":"https:\/\/sisperdesign.com\/sisperstore\/wp-json\/wp\/v2\/product_tag?post=15384"}],"curies":[{"name":"wp","href":"https:\/\/api.w.org\/{rel}","templated":true}]}}