{"id":15525,"date":"2024-01-22T12:03:02","date_gmt":"2024-01-22T15:03:02","guid":{"rendered":"https:\/\/sisperdesign.com\/sisperstore\/?post_type=product&#038;p=15525"},"modified":"2025-07-05T07:42:43","modified_gmt":"2025-07-05T10:42:43","slug":"gol","status":"publish","type":"product","link":"https:\/\/sisperdesign.com\/sisperstore\/produto\/gol\/","title":{"rendered":"Chaveiro Golfinho"},"content":{"rendered":"<p>Chaveiros Golfinho Sustent\u00e1veis! \ud83d\udc2c\ud83c\udf3f Feitos com biopl\u00e1stico, nossos chaveiros n\u00e3o s\u00f3 s\u00e3o ador\u00e1veis, mas tamb\u00e9m amigos do ambiente. Escolha a leveza do oceano para suas chaves &#8211; compre agora! \ud83c\udf0a\ud83d\udc99<\/p>\n<p>Feito por impress\u00e3o 3D,<\/p>\n<p>em PLA (pl\u00e1stico biodegrad\u00e1vel, sem petr\u00f3leo)<\/p>\n<p>Design by Simone L. Sperhacke<\/p>\n<p>Made in Brazil<\/p>\n<p>cores podem variar<\/p>\n<p>foto ilustrativa<\/p>\n","protected":false},"excerpt":{"rendered":"<p>Chaveiro em formato de golfinho.<\/p>\n<p>&nbsp;<\/p>\n","protected":false},"featured_media":15534,"comment_status":"closed","ping_status":"closed","template":"","meta":{"jetpack_post_was_ever_published":false,"jetpack_publicize_message":"","jetpack_publicize_feature_enabled":true,"jetpack_social_post_already_shared":false,"jetpack_social_options":{"image_generator_settings":{"template":"highway","default_image_id":0,"font":"","enabled":false},"version":2}},"product_brand":[],"product_cat":[172,28],"product_tag":[57,84,247,511],"class_list":{"0":"post-15525","1":"product","2":"type-product","3":"status-publish","4":"has-post-thumbnail","6":"product_cat-acessorios","7":"product_cat-produtos","8":"product_tag-chaveiro","9":"product_tag-eco","10":"product_tag-ecologico","11":"product_tag-golfinho","13":"first","14":"instock","15":"shipping-taxable","16":"purchasable","17":"product-type-simple"},"jetpack_publicize_connections":[],"jetpack-related-posts":[],"jetpack_likes_enabled":true,"jetpack_sharing_enabled":true,"_links":{"self":[{"href":"https:\/\/sisperdesign.com\/sisperstore\/wp-json\/wp\/v2\/product\/15525","targetHints":{"allow":["GET"]}}],"collection":[{"href":"https:\/\/sisperdesign.com\/sisperstore\/wp-json\/wp\/v2\/product"}],"about":[{"href":"https:\/\/sisperdesign.com\/sisperstore\/wp-json\/wp\/v2\/types\/product"}],"replies":[{"embeddable":true,"href":"https:\/\/sisperdesign.com\/sisperstore\/wp-json\/wp\/v2\/comments?post=15525"}],"wp:featuredmedia":[{"embeddable":true,"href":"https:\/\/sisperdesign.com\/sisperstore\/wp-json\/wp\/v2\/media\/15534"}],"wp:attachment":[{"href":"https:\/\/sisperdesign.com\/sisperstore\/wp-json\/wp\/v2\/media?parent=15525"}],"wp:term":[{"taxonomy":"product_brand","embeddable":true,"href":"https:\/\/sisperdesign.com\/sisperstore\/wp-json\/wp\/v2\/product_brand?post=15525"},{"taxonomy":"product_cat","embeddable":true,"href":"https:\/\/sisperdesign.com\/sisperstore\/wp-json\/wp\/v2\/product_cat?post=15525"},{"taxonomy":"product_tag","embeddable":true,"href":"https:\/\/sisperdesign.com\/sisperstore\/wp-json\/wp\/v2\/product_tag?post=15525"}],"curies":[{"name":"wp","href":"https:\/\/api.w.org\/{rel}","templated":true}]}}