{"id":15554,"date":"2024-02-03T08:07:03","date_gmt":"2024-02-03T11:07:03","guid":{"rendered":"https:\/\/sisperdesign.com\/sisperstore\/?post_type=product&#038;p=15554"},"modified":"2026-02-10T08:54:06","modified_gmt":"2026-02-10T11:54:06","slug":"colecao-porto-alegre","status":"publish","type":"product","link":"https:\/\/sisperdesign.com\/sisperstore\/produto\/colecao-porto-alegre\/","title":{"rendered":"Cole\u00e7\u00e3o Porto Alegre"},"content":{"rendered":"<p>Leve para casa miniaturas de pontos hist\u00f3ricos e tur\u00edsticas de Porto Alegre!<\/p>\n<p>A cole\u00e7\u00e3o completa cont\u00e9m:<\/p>\n<ul>\n<li>Pa\u00e7o Municipal<\/li>\n<li>Ponte dos A\u00e7ores<\/li>\n<li>Monumento ao Expedicion\u00e1rio (*Produto Licenciado Caringi)<\/li>\n<li>O La\u00e7ador (*Produto Licenciado Caringi)<\/li>\n<li>Armaz\u00e9m Cais da Mau\u00e1<\/li>\n<li>Teatro S\u00e3o Pedro<\/li>\n<li>Usina do Gas\u00f4metro<\/li>\n<li>Centro Administrativo<\/li>\n<li>Casa de Cultura Mario Quintana<\/li>\n<\/ul>\n<p>Nossa cole\u00e7\u00e3o faz parte do IPHAE RS (\u00a0Instituto do Patrim\u00f4nio Hist\u00f3rico e Art\u00edstico do Estado Rio Grande do Sul)<\/p>\n<p>Feito por impress\u00e3o 3D em PLA (sem petr\u00f3leo, ecol\u00f3gico!)<br \/>\nDesign By Simone L. Sperhacke<\/p>\n<p>Imagens ilustrativas.<\/p>\n<p>Cores podem variar.<\/p>\n","protected":false},"excerpt":{"rendered":"<p>Miniaturas de Porto Alegre para decorar sua casa!<\/p>\n","protected":false},"featured_media":20602,"comment_status":"closed","ping_status":"closed","template":"","meta":{"jetpack_post_was_ever_published":false,"jetpack_publicize_message":"","jetpack_publicize_feature_enabled":true,"jetpack_social_post_already_shared":false,"jetpack_social_options":{"image_generator_settings":{"template":"highway","default_image_id":0,"font":"","enabled":false},"version":2}},"product_brand":[593,579],"product_cat":[604,251,28],"product_tag":[462,387,384,455,419],"class_list":{"0":"post-15554","1":"product","2":"type-product","3":"status-publish","4":"has-post-thumbnail","6":"product_brand-sisper-design","7":"product_brand-sisperdesign","8":"product_cat-poa","9":"product_cat-decor","10":"product_cat-produtos","11":"product_tag-cidade","12":"product_tag-decor","13":"product_tag-eu-amo-porto-alegre","14":"product_tag-miniaturas","15":"product_tag-porto-alegre","17":"first","18":"outofstock","19":"sale","20":"shipping-taxable","21":"purchasable","22":"product-type-woosb"},"jetpack_publicize_connections":[],"jetpack-related-posts":[],"jetpack_likes_enabled":true,"jetpack_sharing_enabled":true,"_links":{"self":[{"href":"https:\/\/sisperdesign.com\/sisperstore\/wp-json\/wp\/v2\/product\/15554","targetHints":{"allow":["GET"]}}],"collection":[{"href":"https:\/\/sisperdesign.com\/sisperstore\/wp-json\/wp\/v2\/product"}],"about":[{"href":"https:\/\/sisperdesign.com\/sisperstore\/wp-json\/wp\/v2\/types\/product"}],"replies":[{"embeddable":true,"href":"https:\/\/sisperdesign.com\/sisperstore\/wp-json\/wp\/v2\/comments?post=15554"}],"wp:featuredmedia":[{"embeddable":true,"href":"https:\/\/sisperdesign.com\/sisperstore\/wp-json\/wp\/v2\/media\/20602"}],"wp:attachment":[{"href":"https:\/\/sisperdesign.com\/sisperstore\/wp-json\/wp\/v2\/media?parent=15554"}],"wp:term":[{"taxonomy":"product_brand","embeddable":true,"href":"https:\/\/sisperdesign.com\/sisperstore\/wp-json\/wp\/v2\/product_brand?post=15554"},{"taxonomy":"product_cat","embeddable":true,"href":"https:\/\/sisperdesign.com\/sisperstore\/wp-json\/wp\/v2\/product_cat?post=15554"},{"taxonomy":"product_tag","embeddable":true,"href":"https:\/\/sisperdesign.com\/sisperstore\/wp-json\/wp\/v2\/product_tag?post=15554"}],"curies":[{"name":"wp","href":"https:\/\/api.w.org\/{rel}","templated":true}]}}