{"id":16719,"date":"2024-06-23T10:04:37","date_gmt":"2024-06-23T13:04:37","guid":{"rendered":"https:\/\/sisperdesign.com\/sisperstore\/?post_type=product&#038;p=16719"},"modified":"2026-05-04T11:18:32","modified_gmt":"2026-05-04T14:18:32","slug":"torii-miniatura","status":"publish","type":"product","link":"https:\/\/sisperdesign.com\/sisperstore\/produto\/torii-miniatura\/","title":{"rendered":"Torii &#8211; miniatura colecion\u00e1vel"},"content":{"rendered":"<div class=\"flex-shrink-0 flex flex-col relative items-end\">\n<div>\n<div class=\"pt-0.5 juice:pt-0\">\n<div class=\"gizmo-bot-avatar flex h-6 w-6 items-center justify-center overflow-hidden rounded-full juice:h-8 juice:w-8\">\n<div class=\"relative p-1 rounded-sm flex items-center justify-center bg-token-main-surface-primary text-token-text-primary h-8 w-8\">O Torii \u00e9 um port\u00e3o tradicional japon\u00eas que normalmente \u00e9 encontrado na entrada ou dentro de santu\u00e1rios xinto\u00edstas. Ele simboliza a transi\u00e7\u00e3o do mundo profano para o mundo sagrado. Sua origem remonta ao s\u00e9culo VIII, durante o per\u00edodo Nara, mas \u00e9 poss\u00edvel que existam ra\u00edzes ainda mais antigas.<\/div>\n<\/div>\n<\/div>\n<\/div>\n<\/div>\n<div class=\"group\/conversation-turn relative flex w-full min-w-0 flex-col agent-turn\">\n<div class=\"flex-col gap-1 md:gap-3\">\n<div class=\"flex flex-grow flex-col max-w-full\">\n<div class=\"min-h-[20px] text-message flex flex-col items-start whitespace-pre-wrap break-words [.text-message+&amp;]:mt-5 juice:w-full juice:items-end overflow-x-auto gap-2\" dir=\"auto\" data-message-author-role=\"assistant\" data-message-id=\"8b171950-271f-479a-a793-d362a2855c51\">\n<div class=\"flex w-full flex-col gap-1 juice:empty:hidden juice:first:pt-[3px]\">\n<div class=\"markdown prose w-full break-words dark:prose-invert light\">\n<p>Os Toriis s\u00e3o feitos geralmente de madeira ou pedra, mas tamb\u00e9m podem ser encontrados em metal. A estrutura b\u00e1sica de um Torii consiste em dois pilares verticais que sustentam dois travess\u00f5es horizontais. O travess\u00e3o superior \u00e9 geralmente curvado e projeta-se al\u00e9m dos pilares, enquanto o travess\u00e3o inferior \u00e9 reto e est\u00e1 logo abaixo do superior. A cor mais comum para os Toriis \u00e9 o vermelho (vermelho-tijolo), que se acredita afastar os maus esp\u00edritos.<\/p>\n<p>Existem v\u00e1rias teorias sobre a origem do Torii. Uma delas \u00e9 que o Torii foi influenciado pela arquitetura chinesa e coreana, enquanto outra sugere que ele \u00e9 uma evolu\u00e7\u00e3o de antigos port\u00f5es de madeira usados em cerim\u00f4nias xinto\u00edstas. Independente de sua origem exata, o Torii se tornou um s\u00edmbolo ic\u00f4nico da cultura japonesa e da espiritualidade xinto\u00edsta.<\/p>\n<p>Ao longo dos s\u00e9culos, o Torii evoluiu em estilo e design. Existem diversos tipos de Torii, incluindo:<\/p>\n<ol>\n<li><strong>Myojin Torii<\/strong>: Caracterizado por seus travess\u00f5es superiores curvados e um terceiro travess\u00e3o adicional.<\/li>\n<li><strong>Shinmei Torii<\/strong>: Um estilo mais simples e antigo, com travess\u00f5es retos e sem curvas.<\/li>\n<li><strong>Ryobu Torii<\/strong>: Possui dois pilares adicionais, totalizando quatro pilares, e \u00e9 geralmente associado aos templos budistas.<\/li>\n<\/ol>\n<p>A presen\u00e7a do Torii em diversos locais no Jap\u00e3o, incluindo montanhas, ilhas e at\u00e9 em \u00e1reas urbanas, reflete sua import\u00e2ncia cultural e espiritual. Ele n\u00e3o s\u00f3 marca a entrada de santu\u00e1rios, mas tamb\u00e9m \u00e9 um s\u00edmbolo de boa sorte e prote\u00e7\u00e3o.<\/p>\n<p>Adquirir uma miniatura de Torii pode ser uma forma simb\u00f3lica de trazer um peda\u00e7o dessa rica heran\u00e7a cultural para sua casa. Al\u00e9m de ser uma pe\u00e7a decorativa, ela pode representar a busca por paz, prote\u00e7\u00e3o e a transi\u00e7\u00e3o para um espa\u00e7o de contempla\u00e7\u00e3o e espiritualidade.<\/p>\n<p><strong>Descri\u00e7\u00e3o do Produto<\/strong>:<\/p>\n<ul>\n<li><strong>Material<\/strong>: PLA (bio pl\u00e1stico)<\/li>\n<li><strong>Tamanho<\/strong>: Aproximadamente 10 cm de largura<\/li>\n<li><strong>Cor<\/strong>: Vermelho<\/li>\n<li><strong>Uso<\/strong>: Decora\u00e7\u00e3o, colecion\u00e1vel, presente.<\/li>\n<\/ul>\n<p>Imagem ilustrativa, cores podem variar.<\/p>\n<p>Ver Mais:<\/p>\n<p><iframe title=\"Miniatura decorativa #torii #decoration #japan\" width=\"563\" height=\"1000\" src=\"https:\/\/www.youtube.com\/embed\/0oOpJpsiMB0?feature=oembed\" frameborder=\"0\" allow=\"accelerometer; autoplay; clipboard-write; encrypted-media; gyroscope; picture-in-picture; web-share\" referrerpolicy=\"strict-origin-when-cross-origin\" allowfullscreen><\/iframe><\/p>\n<p>&nbsp;<\/p>\n<\/div>\n<\/div>\n<\/div>\n<\/div>\n<\/div>\n<\/div>\n","protected":false},"excerpt":{"rendered":"<p>Essa miniatura \u00e9 perfeita para aqueles que apreciam a cultura japonesa e desejam ter um s\u00edmbolo de espiritualidade e prote\u00e7\u00e3o em seu espa\u00e7o pessoal.<\/p>\n<p>Maior medida: 10 cm<\/p>\n","protected":false},"featured_media":20568,"comment_status":"open","ping_status":"closed","template":"","meta":{"jetpack_post_was_ever_published":false,"jetpack_publicize_message":"","jetpack_publicize_feature_enabled":true,"jetpack_social_post_already_shared":false,"jetpack_social_options":{"image_generator_settings":{"template":"highway","default_image_id":0,"font":"","enabled":false},"version":2}},"product_brand":[593,579],"product_cat":[636,251,28],"product_tag":[493,444,534,496,533],"class_list":{"0":"post-16719","1":"product","2":"type-product","3":"status-publish","4":"has-post-thumbnail","6":"product_brand-sisper-design","7":"product_brand-sisperdesign","8":"product_cat-bem-viver","9":"product_cat-decor","10":"product_cat-produtos","11":"product_tag-colecionavel","12":"product_tag-miniatura","13":"product_tag-protecao","14":"product_tag-sorte","15":"product_tag-torii","17":"first","18":"onbackorder","19":"featured","20":"shipping-taxable","21":"purchasable","22":"product-type-simple"},"jetpack_publicize_connections":[],"jetpack-related-posts":[],"jetpack_likes_enabled":true,"jetpack_sharing_enabled":true,"_links":{"self":[{"href":"https:\/\/sisperdesign.com\/sisperstore\/wp-json\/wp\/v2\/product\/16719","targetHints":{"allow":["GET"]}}],"collection":[{"href":"https:\/\/sisperdesign.com\/sisperstore\/wp-json\/wp\/v2\/product"}],"about":[{"href":"https:\/\/sisperdesign.com\/sisperstore\/wp-json\/wp\/v2\/types\/product"}],"replies":[{"embeddable":true,"href":"https:\/\/sisperdesign.com\/sisperstore\/wp-json\/wp\/v2\/comments?post=16719"}],"wp:featuredmedia":[{"embeddable":true,"href":"https:\/\/sisperdesign.com\/sisperstore\/wp-json\/wp\/v2\/media\/20568"}],"wp:attachment":[{"href":"https:\/\/sisperdesign.com\/sisperstore\/wp-json\/wp\/v2\/media?parent=16719"}],"wp:term":[{"taxonomy":"product_brand","embeddable":true,"href":"https:\/\/sisperdesign.com\/sisperstore\/wp-json\/wp\/v2\/product_brand?post=16719"},{"taxonomy":"product_cat","embeddable":true,"href":"https:\/\/sisperdesign.com\/sisperstore\/wp-json\/wp\/v2\/product_cat?post=16719"},{"taxonomy":"product_tag","embeddable":true,"href":"https:\/\/sisperdesign.com\/sisperstore\/wp-json\/wp\/v2\/product_tag?post=16719"}],"curies":[{"name":"wp","href":"https:\/\/api.w.org\/{rel}","templated":true}]}}