{"id":17115,"date":"2024-10-23T14:44:26","date_gmt":"2024-10-23T17:44:26","guid":{"rendered":"https:\/\/sisperdesign.com\/sisperstore\/?post_type=product&#038;p=17115"},"modified":"2026-03-08T13:03:53","modified_gmt":"2026-03-08T16:03:53","slug":"colecao-animais","status":"publish","type":"product","link":"https:\/\/sisperdesign.com\/sisperstore\/produto\/colecao-animais\/","title":{"rendered":"Cole\u00e7\u00e3o Animais"},"content":{"rendered":"<p>As miniaturas de animais s\u00e3o brinquedos que est\u00e3o conosco h\u00e1 s\u00e9culos. A maioria das crian\u00e7as em idade pr\u00e9-escolar, meninos e meninas, ama bonecos tanto quanto amam brincar de faz de conta.<br \/>\nOs modelos de animais s\u00e3o um dos brinquedos cujo encanto intemporal permanece atrav\u00e9s das gera\u00e7\u00f5es.<br \/>\nS\u00e3o 4 conjuntos que estimulam o desenvolvimento, a criatividade, a imagina\u00e7\u00e3o da crian\u00e7a e muito mais!<\/p>\n<p>Composto por:<br \/>\nAnimais Brasileiros: 1 on\u00e7a, 1 lobo guar\u00e1, 1 anta, 1 tamandu\u00e1, 1 capivara e 1 tatu.<br \/>\nAnimais Marinhos: 1 tubar\u00e3o, 1 golfinho, 1 peixe, 1 tartaruga marinha, 1 estrela do mar, 1 polvo e 1 foca.<br \/>\nAnimais da Fazenda: 1 cavalo, 1 vaca, 1 porco, 1 ganso, 1 cachorro, 1 galo, 1 galinha, 1 ovelha e 1 coelho.<br \/>\nAnimais do Saf\u00e1ri: 1 girafa, 1 elefante, 1 le\u00e3o, 1 crocodilo, 1 hipop\u00f3tamo e 1 rinoceronte.<\/p>\n<p><strong>Finalista na categoria Brinquedos e jogos do Pr\u00eamio Bornancini 2024.<\/strong><\/p>\n<p><img decoding=\"async\" class=\"wp-image-17414 lazyload\" data-src=\"https:\/\/sisperdesign.com\/sisperstore\/wp-content\/uploads\/2024\/10\/selo_bornancini-300x300.jpg\" alt=\"shortlist pr\u00eamio Bornancini\" width=\"121\" height=\"121\" data-srcset=\"https:\/\/sisperdesign.com\/sisperstore\/wp-content\/uploads\/2024\/10\/selo_bornancini-300x300.jpg 300w, https:\/\/sisperdesign.com\/sisperstore\/wp-content\/uploads\/2024\/10\/selo_bornancini-150x150.jpg 150w, https:\/\/sisperdesign.com\/sisperstore\/wp-content\/uploads\/2024\/10\/selo_bornancini-768x768.jpg 768w, https:\/\/sisperdesign.com\/sisperstore\/wp-content\/uploads\/2024\/10\/selo_bornancini-600x600.jpg 600w, https:\/\/sisperdesign.com\/sisperstore\/wp-content\/uploads\/2024\/10\/selo_bornancini-100x100.jpg 100w, https:\/\/sisperdesign.com\/sisperstore\/wp-content\/uploads\/2024\/10\/selo_bornancini.jpg 1025w\" data-sizes=\"(max-width: 121px) 100vw, 121px\" src=\"data:image\/svg+xml;base64,PHN2ZyB3aWR0aD0iMSIgaGVpZ2h0PSIxIiB4bWxucz0iaHR0cDovL3d3dy53My5vcmcvMjAwMC9zdmciPjwvc3ZnPg==\" style=\"--smush-placeholder-width: 121px; --smush-placeholder-aspect-ratio: 121\/121;\" \/><\/p>\n<p>Indicado para +2 anos<br \/>\nDesign by Simone L. Sperhacke<br \/>\nFeito por impress\u00e3o 3D, em PLA (pl\u00e1stico biodegrad\u00e1vel, sem petr\u00f3leo)<br \/>\nCores podem variar. Imagens ilustrativas.<br \/>\nProdutos certificados de acordo com numero registro 007898\/2024 \u2013 Certificadora BRICS OCP 0098.<\/p>\n<p>Veja mais:<\/p>\n<p><iframe title=\"Cole\u00e7\u00e3o Animais #brinquedos #montessori #3dprinting\" width=\"1200\" height=\"675\" src=\"https:\/\/www.youtube.com\/embed\/4xwNRbAPFhE?feature=oembed\" frameborder=\"0\" allow=\"accelerometer; autoplay; clipboard-write; encrypted-media; gyroscope; picture-in-picture; web-share\" referrerpolicy=\"strict-origin-when-cross-origin\" allowfullscreen><\/iframe><\/p>\n","protected":false},"excerpt":{"rendered":"<p>Cole\u00e7\u00e3o miniaturas de animais!<\/p>\n<p>Brinque, aprenda e se divirta com essa cole\u00e7\u00e3o de animais do planeta!<\/p>\n","protected":false},"featured_media":17312,"comment_status":"closed","ping_status":"closed","template":"","meta":{"jetpack_post_was_ever_published":false,"jetpack_publicize_message":"","jetpack_publicize_feature_enabled":true,"jetpack_social_post_already_shared":true,"jetpack_social_options":{"image_generator_settings":{"template":"highway","default_image_id":0,"font":"","enabled":false},"version":2}},"product_brand":[593,579],"product_cat":[609,19,613,28],"product_tag":[443,394,335,345,82,347,542],"class_list":{"0":"post-17115","1":"product","2":"type-product","3":"status-publish","4":"has-post-thumbnail","6":"product_brand-sisper-design","7":"product_brand-sisperdesign","8":"product_cat-24m","9":"product_cat-brinquedos","10":"product_cat-educativos","11":"product_cat-produtos","12":"product_tag-animais","13":"product_tag-brincar","14":"product_tag-brinquedo","15":"product_tag-brinquedos","16":"product_tag-design","17":"product_tag-educativo","18":"product_tag-manipulativos","20":"first","21":"onbackorder","22":"sale","23":"featured","24":"shipping-taxable","25":"purchasable","26":"product-type-woosb"},"jetpack_publicize_connections":[],"jetpack-related-posts":[],"jetpack_likes_enabled":true,"jetpack_sharing_enabled":true,"_links":{"self":[{"href":"https:\/\/sisperdesign.com\/sisperstore\/wp-json\/wp\/v2\/product\/17115","targetHints":{"allow":["GET"]}}],"collection":[{"href":"https:\/\/sisperdesign.com\/sisperstore\/wp-json\/wp\/v2\/product"}],"about":[{"href":"https:\/\/sisperdesign.com\/sisperstore\/wp-json\/wp\/v2\/types\/product"}],"replies":[{"embeddable":true,"href":"https:\/\/sisperdesign.com\/sisperstore\/wp-json\/wp\/v2\/comments?post=17115"}],"wp:featuredmedia":[{"embeddable":true,"href":"https:\/\/sisperdesign.com\/sisperstore\/wp-json\/wp\/v2\/media\/17312"}],"wp:attachment":[{"href":"https:\/\/sisperdesign.com\/sisperstore\/wp-json\/wp\/v2\/media?parent=17115"}],"wp:term":[{"taxonomy":"product_brand","embeddable":true,"href":"https:\/\/sisperdesign.com\/sisperstore\/wp-json\/wp\/v2\/product_brand?post=17115"},{"taxonomy":"product_cat","embeddable":true,"href":"https:\/\/sisperdesign.com\/sisperstore\/wp-json\/wp\/v2\/product_cat?post=17115"},{"taxonomy":"product_tag","embeddable":true,"href":"https:\/\/sisperdesign.com\/sisperstore\/wp-json\/wp\/v2\/product_tag?post=17115"}],"curies":[{"name":"wp","href":"https:\/\/api.w.org\/{rel}","templated":true}]}}