{"id":17352,"date":"2024-07-11T07:13:14","date_gmt":"2024-07-11T10:13:14","guid":{"rendered":"https:\/\/sisperdesign.com\/sisperstore\/?post_type=product&#038;p=17352"},"modified":"2025-02-16T10:12:44","modified_gmt":"2025-02-16T13:12:44","slug":"colecao-jogos-de-mesa","status":"publish","type":"product","link":"https:\/\/sisperdesign.com\/sisperstore\/produto\/colecao-jogos-de-mesa\/","title":{"rendered":"Cole\u00e7\u00e3o Jogos de Mesa"},"content":{"rendered":"<p><span style=\"font-weight: 400;\">A cole\u00e7\u00e3o de jogos de mesa cl\u00e1ssicos, como jogo da velha, feche a caixa e casa da fortuna, resgatam tradi\u00e7\u00f5es que incentivam momentos em fam\u00edlia e nas escolas. A releitura e o design dos componentes buscam formas simples que remetem \u00e0 mem\u00f3ria emocional, promovendo aprendizado, intera\u00e7\u00e3o e fortalecimento dos relacionamentos. Ao brincar juntos, os jogadores desenvolvem confian\u00e7a e v\u00ednculos, exercitando habilidades como racioc\u00ednio l\u00f3gico, criatividade e resolu\u00e7\u00e3o de problemas. Esse contato direto estimula a socializa\u00e7\u00e3o e a motiva\u00e7\u00e3o, tornando o aprendizado mais natural e divertido em um ambiente l\u00fadico e colaborativo.<\/span><\/p>\n<p>S\u00e3o 05 jogos para divers\u00e3o por horas!<\/p>\n<p>Composto por: 01 Jogo da Velha Come-come, 01 Jogo da Velha Joana, 01 Jogo da Velha (ou do Velho Pirata!), 01 Feche a Caixa, 01 jogo de tabuleiro medieval casa da fortuna.<\/p>\n<p>Acompanha manual com instru\u00e7\u00f5es dos jogos.<\/p>\n<p>Indicado para +5 anos<br \/>\nDesign by Simone L. Sperhacke<br \/>\nFeito por impress\u00e3o 3D, em PLA (pl\u00e1stico biodegrad\u00e1vel, sem petr\u00f3leo)<br \/>\nCores podem variar. Imagens ilustrativas.<br \/>\nProduto certificado de acordo com numero registro 007837\/2024 \u2013 Certificadora BRICS OCP 0098.<\/p>\n<p>&nbsp;<\/p>\n","protected":false},"excerpt":{"rendered":"<p>Uma cole\u00e7\u00e3o de jogos para divertir a fam\u00edlia inteira!<\/p>\n","protected":false},"featured_media":17358,"comment_status":"closed","ping_status":"closed","template":"","meta":{"jetpack_post_was_ever_published":false,"jetpack_publicize_message":"","jetpack_publicize_feature_enabled":true,"jetpack_social_post_already_shared":true,"jetpack_social_options":{"image_generator_settings":{"template":"highway","default_image_id":0,"font":"","enabled":false},"version":2}},"product_brand":[],"product_cat":[20,28],"product_tag":[24,247,69,347,27,52,162,444],"class_list":{"0":"post-17352","1":"product","2":"type-product","3":"status-publish","4":"has-post-thumbnail","6":"product_cat-jogos","7":"product_cat-produtos","8":"product_tag-divertido","9":"product_tag-ecologico","10":"product_tag-educacao","11":"product_tag-educativo","12":"product_tag-impresso-3d","13":"product_tag-jogo-de-tabuleiro","14":"product_tag-matematica","15":"product_tag-miniatura","17":"first","18":"onbackorder","19":"sale","20":"shipping-taxable","21":"purchasable","22":"product-type-woosb"},"jetpack_publicize_connections":[],"jetpack-related-posts":[],"jetpack_likes_enabled":true,"jetpack_sharing_enabled":true,"_links":{"self":[{"href":"https:\/\/sisperdesign.com\/sisperstore\/wp-json\/wp\/v2\/product\/17352","targetHints":{"allow":["GET"]}}],"collection":[{"href":"https:\/\/sisperdesign.com\/sisperstore\/wp-json\/wp\/v2\/product"}],"about":[{"href":"https:\/\/sisperdesign.com\/sisperstore\/wp-json\/wp\/v2\/types\/product"}],"replies":[{"embeddable":true,"href":"https:\/\/sisperdesign.com\/sisperstore\/wp-json\/wp\/v2\/comments?post=17352"}],"wp:featuredmedia":[{"embeddable":true,"href":"https:\/\/sisperdesign.com\/sisperstore\/wp-json\/wp\/v2\/media\/17358"}],"wp:attachment":[{"href":"https:\/\/sisperdesign.com\/sisperstore\/wp-json\/wp\/v2\/media?parent=17352"}],"wp:term":[{"taxonomy":"product_brand","embeddable":true,"href":"https:\/\/sisperdesign.com\/sisperstore\/wp-json\/wp\/v2\/product_brand?post=17352"},{"taxonomy":"product_cat","embeddable":true,"href":"https:\/\/sisperdesign.com\/sisperstore\/wp-json\/wp\/v2\/product_cat?post=17352"},{"taxonomy":"product_tag","embeddable":true,"href":"https:\/\/sisperdesign.com\/sisperstore\/wp-json\/wp\/v2\/product_tag?post=17352"}],"curies":[{"name":"wp","href":"https:\/\/api.w.org\/{rel}","templated":true}]}}