{"id":17563,"date":"2025-01-06T15:02:05","date_gmt":"2025-01-06T18:02:05","guid":{"rendered":"https:\/\/sisperdesign.com\/sisperstore\/?post_type=product&#038;p=17563"},"modified":"2026-04-13T23:33:11","modified_gmt":"2026-04-14T02:33:11","slug":"fracoes","status":"publish","type":"product","link":"https:\/\/sisperdesign.com\/sisperstore\/produto\/fracoes\/","title":{"rendered":"Fra\u00e7\u00f5es"},"content":{"rendered":"<p>Ensine a nomear fra\u00e7\u00f5es e decimais, comparar e ordenar fra\u00e7\u00f5es, fra\u00e7\u00f5es impr\u00f3prias, n\u00fameros mistos e modelar diferentes opera\u00e7\u00f5es envolvendo fra\u00e7\u00f5es.<br \/>\nCom 9 cores diferentes (uma para cada fra\u00e7\u00e3o) e uma base para montar!<br \/>\nPl\u00e1stico ecol\u00f3gico (sem petr\u00f3leo e at\u00f3xico)<br \/>\nPode ser higienizado com \u00e1gua fria e sab\u00e3o neutro. N\u00e3o usar \u00e1gua quente.<\/p>\n<p>Indicado para +5 anos<br \/>\nDesign by Simone L. Sperhacke<br \/>\nFeito por impress\u00e3o 3D, em PLA (pl\u00e1stico biodegrad\u00e1vel, sem petr\u00f3leo)<br \/>\nCores podem variar. Imagens ilustrativas.<br \/>\nProduto certificado de acordo com numero registro 007923\/2024 \u2013 Certificadora BRICS OCP 0098.<\/p>\n","protected":false},"excerpt":{"rendered":"<p>Aprenda fra\u00e7\u00f5es brincando!<\/p>\n","protected":false},"featured_media":17564,"comment_status":"open","ping_status":"closed","template":"","meta":{"jetpack_post_was_ever_published":false,"jetpack_publicize_message":"","jetpack_publicize_feature_enabled":true,"jetpack_social_post_already_shared":true,"jetpack_social_options":{"image_generator_settings":{"template":"highway","default_image_id":0,"font":"","enabled":false},"version":2}},"product_brand":[593],"product_cat":[611,613,20,28],"product_tag":[345,347,75,561,162,546],"class_list":{"0":"post-17563","1":"product","2":"type-product","3":"status-publish","4":"has-post-thumbnail","6":"product_brand-sisper-design","7":"product_cat-611","8":"product_cat-educativos","9":"product_cat-jogos","10":"product_cat-produtos","11":"product_tag-brinquedos","12":"product_tag-educativo","13":"product_tag-jogo","14":"product_tag-jogos-matematicos","15":"product_tag-matematica","16":"product_tag-montessori","18":"first","19":"instock","20":"shipping-taxable","21":"purchasable","22":"product-type-simple"},"jetpack_publicize_connections":[],"jetpack-related-posts":[],"jetpack_likes_enabled":true,"jetpack_sharing_enabled":true,"_links":{"self":[{"href":"https:\/\/sisperdesign.com\/sisperstore\/wp-json\/wp\/v2\/product\/17563","targetHints":{"allow":["GET"]}}],"collection":[{"href":"https:\/\/sisperdesign.com\/sisperstore\/wp-json\/wp\/v2\/product"}],"about":[{"href":"https:\/\/sisperdesign.com\/sisperstore\/wp-json\/wp\/v2\/types\/product"}],"replies":[{"embeddable":true,"href":"https:\/\/sisperdesign.com\/sisperstore\/wp-json\/wp\/v2\/comments?post=17563"}],"wp:featuredmedia":[{"embeddable":true,"href":"https:\/\/sisperdesign.com\/sisperstore\/wp-json\/wp\/v2\/media\/17564"}],"wp:attachment":[{"href":"https:\/\/sisperdesign.com\/sisperstore\/wp-json\/wp\/v2\/media?parent=17563"}],"wp:term":[{"taxonomy":"product_brand","embeddable":true,"href":"https:\/\/sisperdesign.com\/sisperstore\/wp-json\/wp\/v2\/product_brand?post=17563"},{"taxonomy":"product_cat","embeddable":true,"href":"https:\/\/sisperdesign.com\/sisperstore\/wp-json\/wp\/v2\/product_cat?post=17563"},{"taxonomy":"product_tag","embeddable":true,"href":"https:\/\/sisperdesign.com\/sisperstore\/wp-json\/wp\/v2\/product_tag?post=17563"}],"curies":[{"name":"wp","href":"https:\/\/api.w.org\/{rel}","templated":true}]}}