{"id":17661,"date":"2025-02-03T13:06:03","date_gmt":"2025-02-03T16:06:03","guid":{"rendered":"https:\/\/sisperdesign.com\/sisperstore\/?post_type=product&#038;p=17661"},"modified":"2026-05-04T11:18:24","modified_gmt":"2026-05-04T14:18:24","slug":"t-puzzle","status":"publish","type":"product","link":"https:\/\/sisperdesign.com\/sisperstore\/produto\/t-puzzle\/","title":{"rendered":"T-Puzzle"},"content":{"rendered":"<p>Quem consegue colocar os 6 Ts dentro da caixa?<br \/>\nDivirta-se com esse quebra-cabe\u00e7as!<\/p>\n<p>Pode ser lavado com \u00e1gua fria e sab\u00e3o neutro.<br \/>\nN\u00e3o usar \u00e1gua quente.<\/p>\n<p>Medidas aproximadas: 4,6&#215;4,6&#215;5,6 cm<\/p>\n<p>Indicado para +6 anos<br \/>\nDesign by Simone L. Sperhacke<br \/>\nFeito por impress\u00e3o 3D, em PLA (pl\u00e1stico biodegrad\u00e1vel, sem petr\u00f3leo)<br \/>\nCores podem variar. Imagens ilustrativas.<br \/>\nProduto certificado de acordo com numero registro 007844\/2024 \u2013 Certificadora BRICS OCP 0098.<\/p>\n","protected":false},"excerpt":{"rendered":"<p>Quem consegue colocar os 6 Ts dentro da caixa?<br \/>\nDivirta-se com esse quebra-cabe\u00e7as!<\/p>\n","protected":false},"featured_media":17663,"comment_status":"open","ping_status":"closed","template":"","meta":{"jetpack_post_was_ever_published":false,"jetpack_publicize_message":"","jetpack_publicize_feature_enabled":true,"jetpack_social_post_already_shared":true,"jetpack_social_options":{"image_generator_settings":{"template":"highway","default_image_id":0,"font":"","enabled":false},"version":2}},"product_brand":[579,593],"product_cat":[20,28],"product_tag":[573,565,329,75,330,566],"class_list":{"0":"post-17661","1":"product","2":"type-product","3":"status-publish","4":"has-post-thumbnail","6":"product_brand-sisperdesign","7":"product_brand-sisper-design","8":"product_cat-jogos","9":"product_cat-produtos","10":"product_tag-6t-puzzle","11":"product_tag-desafio","12":"product_tag-desafios","13":"product_tag-jogo","14":"product_tag-quebra-cabecas","15":"product_tag-t-puzzle","17":"first","18":"onbackorder","19":"shipping-taxable","20":"purchasable","21":"product-type-simple"},"jetpack_publicize_connections":[],"jetpack-related-posts":[],"jetpack_likes_enabled":true,"jetpack_sharing_enabled":true,"_links":{"self":[{"href":"https:\/\/sisperdesign.com\/sisperstore\/wp-json\/wp\/v2\/product\/17661","targetHints":{"allow":["GET"]}}],"collection":[{"href":"https:\/\/sisperdesign.com\/sisperstore\/wp-json\/wp\/v2\/product"}],"about":[{"href":"https:\/\/sisperdesign.com\/sisperstore\/wp-json\/wp\/v2\/types\/product"}],"replies":[{"embeddable":true,"href":"https:\/\/sisperdesign.com\/sisperstore\/wp-json\/wp\/v2\/comments?post=17661"}],"wp:featuredmedia":[{"embeddable":true,"href":"https:\/\/sisperdesign.com\/sisperstore\/wp-json\/wp\/v2\/media\/17663"}],"wp:attachment":[{"href":"https:\/\/sisperdesign.com\/sisperstore\/wp-json\/wp\/v2\/media?parent=17661"}],"wp:term":[{"taxonomy":"product_brand","embeddable":true,"href":"https:\/\/sisperdesign.com\/sisperstore\/wp-json\/wp\/v2\/product_brand?post=17661"},{"taxonomy":"product_cat","embeddable":true,"href":"https:\/\/sisperdesign.com\/sisperstore\/wp-json\/wp\/v2\/product_cat?post=17661"},{"taxonomy":"product_tag","embeddable":true,"href":"https:\/\/sisperdesign.com\/sisperstore\/wp-json\/wp\/v2\/product_tag?post=17661"}],"curies":[{"name":"wp","href":"https:\/\/api.w.org\/{rel}","templated":true}]}}