{"id":17940,"date":"2025-02-21T12:10:32","date_gmt":"2025-02-21T15:10:32","guid":{"rendered":"https:\/\/sisperdesign.com\/sisperstore\/?post_type=product&#038;p=17940"},"modified":"2026-05-04T11:18:32","modified_gmt":"2026-05-04T14:18:32","slug":"ursinhos","status":"publish","type":"product","link":"https:\/\/sisperdesign.com\/sisperstore\/produto\/ursinhos\/","title":{"rendered":"Contando Ursinhos"},"content":{"rendered":"<p data-start=\"0\" data-end=\"54\"><strong data-start=\"0\" data-end=\"47\">Conjunto de Ursinhos de Contagem \u2013 36 Pe\u00e7as<\/strong><\/p>\n<p data-start=\"56\" data-end=\"427\"><strong>Este conjunto educativo cont\u00e9m <\/strong><strong data-start=\"87\" data-end=\"112\">36 ursinhos coloridos<\/strong><strong> em <\/strong><strong data-start=\"116\" data-end=\"138\">6 cores diferentes<\/strong><strong>, ideal para atividades de contagem, ordena\u00e7\u00e3o, reconhecimento de padr\u00f5es e desenvolvimento do racioc\u00ednio l\u00f3gico. Feitos de material ecol\u00f3gico, resistente e seguro para crian\u00e7as, os ursinhos s\u00e3o perfeitos para uso em salas de aula, auxiliando no aprendizado matem\u00e1tico de forma l\u00fadica e interativa.<\/strong><\/p>\n<p data-start=\"429\" data-end=\"616\"><strong>&nbsp;Estimula a contagem e a classifica\u00e7\u00e3o<br \/>\n&nbsp;Ajuda no reconhecimento de cores e padr\u00f5es<br \/>\n&nbsp;Desenvolve habilidades matem\u00e1ticas iniciais<br \/>\n&nbsp;Ideal para aprendizado colaborativo e criativo<\/strong><\/p>\n<p data-start=\"618\" data-end=\"690\" data-is-last-node=\"\" data-is-only-node=\"\"><strong>Um recurso essencial para tornar o ensino mais din\u00e2mico e divertido!<\/strong><\/p>\n<p data-start=\"618\" data-end=\"690\" data-is-last-node=\"\" data-is-only-node=\"\"><strong>Cada ursinho tem tamanho aproximado de 3 cm de altura (maior medida)<\/strong><\/p>\n<p data-start=\"618\" data-end=\"690\" data-is-last-node=\"\" data-is-only-node=\"\"><strong>Indicado para +3 anos<br \/>\nDesign by Simone L. Sperhacke<br \/>\nFeito por impress\u00e3o 3D, em PLA (pl\u00e1stico biodegrad\u00e1vel, sem petr\u00f3leo)<br \/>\nCores podem variar. Imagens ilustrativas.<br \/>\nProduto certificado de acordo com numero registro 007923\/2024 \u2013 Certificadora BRICS OCP 0098.<\/strong><\/p>\n<p data-start=\"0\" data-end=\"54\"><strong data-start=\"0\" data-end=\"47\">Counting bears <\/strong><\/p>\n","protected":false},"excerpt":{"rendered":"<p>S\u00e3o 36 ursinhos em 6 cores diferentes,<br \/>\npara aprender contagem, ordena\u00e7\u00e3o e reconhecimento de padr\u00f5es.<\/p>\n<p>Cada ursinho tem 3 cm de altura (maior medida)<\/p>\n","protected":false},"featured_media":17941,"comment_status":"closed","ping_status":"closed","template":"","meta":{"jetpack_post_was_ever_published":false,"jetpack_publicize_message":"","jetpack_publicize_feature_enabled":true,"jetpack_social_post_already_shared":true,"jetpack_social_options":{"image_generator_settings":{"template":"highway","default_image_id":0,"font":"","enabled":false},"version":2}},"product_brand":[593,579],"product_cat":[610,611,612,19,613,20,28],"product_tag":[582,580,581,162,546],"class_list":{"0":"post-17940","1":"product","2":"type-product","3":"status-publish","4":"has-post-thumbnail","6":"product_brand-sisper-design","7":"product_brand-sisperdesign","8":"product_cat-610","9":"product_cat-611","10":"product_cat-612","11":"product_cat-brinquedos","12":"product_cat-educativos","13":"product_cat-jogos","14":"product_cat-produtos","15":"product_tag-cores","16":"product_tag-counting-bears","17":"product_tag-jogo-matematico","18":"product_tag-matematica","19":"product_tag-montessori","21":"first","22":"instock","23":"shipping-taxable","24":"purchasable","25":"product-type-simple"},"jetpack_publicize_connections":[],"jetpack-related-posts":[],"jetpack_likes_enabled":true,"jetpack_sharing_enabled":true,"_links":{"self":[{"href":"https:\/\/sisperdesign.com\/sisperstore\/wp-json\/wp\/v2\/product\/17940","targetHints":{"allow":["GET"]}}],"collection":[{"href":"https:\/\/sisperdesign.com\/sisperstore\/wp-json\/wp\/v2\/product"}],"about":[{"href":"https:\/\/sisperdesign.com\/sisperstore\/wp-json\/wp\/v2\/types\/product"}],"replies":[{"embeddable":true,"href":"https:\/\/sisperdesign.com\/sisperstore\/wp-json\/wp\/v2\/comments?post=17940"}],"wp:featuredmedia":[{"embeddable":true,"href":"https:\/\/sisperdesign.com\/sisperstore\/wp-json\/wp\/v2\/media\/17941"}],"wp:attachment":[{"href":"https:\/\/sisperdesign.com\/sisperstore\/wp-json\/wp\/v2\/media?parent=17940"}],"wp:term":[{"taxonomy":"product_brand","embeddable":true,"href":"https:\/\/sisperdesign.com\/sisperstore\/wp-json\/wp\/v2\/product_brand?post=17940"},{"taxonomy":"product_cat","embeddable":true,"href":"https:\/\/sisperdesign.com\/sisperstore\/wp-json\/wp\/v2\/product_cat?post=17940"},{"taxonomy":"product_tag","embeddable":true,"href":"https:\/\/sisperdesign.com\/sisperstore\/wp-json\/wp\/v2\/product_tag?post=17940"}],"curies":[{"name":"wp","href":"https:\/\/api.w.org\/{rel}","templated":true}]}}