{"id":18033,"date":"2025-03-10T18:54:25","date_gmt":"2025-03-10T21:54:25","guid":{"rendered":"https:\/\/sisperdesign.com\/sisperstore\/?post_type=product&#038;p=18033"},"modified":"2026-05-04T11:18:32","modified_gmt":"2026-05-04T14:18:32","slug":"quad","status":"publish","type":"product","link":"https:\/\/sisperdesign.com\/sisperstore\/produto\/quad\/","title":{"rendered":"Porta retratos Quad"},"content":{"rendered":"<p data-start=\"0\" data-end=\"69\"><strong data-start=\"0\" data-end=\"67\">Porta-Retrato Dupla Face em Impress\u00e3o 3D \u2013 Original e Vers\u00e1til!<\/strong><\/p>\n<p data-start=\"71\" data-end=\"350\">D\u00ea um toque especial \u00e0 sua decora\u00e7\u00e3o com este incr\u00edvel porta-retrato impresso em 3D! Com um design inovador de <strong data-start=\"182\" data-end=\"196\">dupla face<\/strong>, ele permite que voc\u00ea exiba <strong data-start=\"225\" data-end=\"261\">duas fotos ou imagens diferentes<\/strong> em um \u00fanico item. Ideal para quem gosta de variar a decora\u00e7\u00e3o sem ocupar espa\u00e7o extra!<\/p>\n<p data-start=\"352\" data-end=\"701\"><strong data-start=\"354\" data-end=\"371\">Diferenciais:<\/strong><br data-start=\"371\" data-end=\"374\" \/>\u00a0<strong data-start=\"376\" data-end=\"390\">Dupla Face<\/strong> \u2013 Exponha duas fotos ou imagens de 10x10cm, alternando sempre que desejar.<br data-start=\"465\" data-end=\"468\" \/>\u00a0<strong data-start=\"470\" data-end=\"493\">Prote\u00e7\u00e3o em Acetato<\/strong> \u2013 Mant\u00e9m suas fotos seguras contra poeira e danos.<br data-start=\"544\" data-end=\"547\" \/>\u00a0<strong data-start=\"549\" data-end=\"574\">Feito em Impress\u00e3o 3D<\/strong> \u2013 Design original, moderno e cheio de personalidade.<br data-start=\"627\" data-end=\"630\" \/>\u00a0<strong data-start=\"632\" data-end=\"644\">Vers\u00e1til<\/strong> \u2013 Perfeito para casa, escrit\u00f3rio ou presente criativo.<\/p>\n<p data-start=\"703\" data-end=\"765\" data-is-last-node=\"\" data-is-only-node=\"\">Transforme suas lembran\u00e7as em um destaque decorativo \u00fanico!<\/p>\n","protected":false},"excerpt":{"rendered":"<p data-start=\"0\" data-end=\"69\"><strong data-start=\"0\" data-end=\"67\">Porta-Retrato Dupla Face em Impress\u00e3o 3D \u2013 Original e Vers\u00e1til!<\/strong><\/p>\n<p data-start=\"71\" data-end=\"350\">D\u00ea um toque especial \u00e0 sua decora\u00e7\u00e3o com este incr\u00edvel porta-retrato impresso em 3D!<\/p>\n<p data-start=\"71\" data-end=\"350\">Tamanho 12&#215;12 cm<\/p>\n","protected":false},"featured_media":18034,"comment_status":"open","ping_status":"closed","template":"","meta":{"jetpack_post_was_ever_published":false,"jetpack_publicize_message":"","jetpack_publicize_feature_enabled":true,"jetpack_social_post_already_shared":true,"jetpack_social_options":{"image_generator_settings":{"template":"highway","default_image_id":0,"font":"","enabled":false},"version":2}},"product_brand":[593,579],"product_cat":[636,251,28],"product_tag":[583,584,585,411,586],"class_list":{"0":"post-18033","1":"product","2":"type-product","3":"status-publish","4":"has-post-thumbnail","6":"product_brand-sisper-design","7":"product_brand-sisperdesign","8":"product_cat-bem-viver","9":"product_cat-decor","10":"product_cat-produtos","11":"product_tag-foto","12":"product_tag-foto-quadrada","13":"product_tag-instagram","14":"product_tag-porta-retratos","15":"product_tag-retrato","17":"first","18":"onbackorder","19":"shipping-taxable","20":"purchasable","21":"product-type-simple"},"jetpack_publicize_connections":[],"jetpack-related-posts":[],"jetpack_likes_enabled":true,"jetpack_sharing_enabled":true,"_links":{"self":[{"href":"https:\/\/sisperdesign.com\/sisperstore\/wp-json\/wp\/v2\/product\/18033","targetHints":{"allow":["GET"]}}],"collection":[{"href":"https:\/\/sisperdesign.com\/sisperstore\/wp-json\/wp\/v2\/product"}],"about":[{"href":"https:\/\/sisperdesign.com\/sisperstore\/wp-json\/wp\/v2\/types\/product"}],"replies":[{"embeddable":true,"href":"https:\/\/sisperdesign.com\/sisperstore\/wp-json\/wp\/v2\/comments?post=18033"}],"wp:featuredmedia":[{"embeddable":true,"href":"https:\/\/sisperdesign.com\/sisperstore\/wp-json\/wp\/v2\/media\/18034"}],"wp:attachment":[{"href":"https:\/\/sisperdesign.com\/sisperstore\/wp-json\/wp\/v2\/media?parent=18033"}],"wp:term":[{"taxonomy":"product_brand","embeddable":true,"href":"https:\/\/sisperdesign.com\/sisperstore\/wp-json\/wp\/v2\/product_brand?post=18033"},{"taxonomy":"product_cat","embeddable":true,"href":"https:\/\/sisperdesign.com\/sisperstore\/wp-json\/wp\/v2\/product_cat?post=18033"},{"taxonomy":"product_tag","embeddable":true,"href":"https:\/\/sisperdesign.com\/sisperstore\/wp-json\/wp\/v2\/product_tag?post=18033"}],"curies":[{"name":"wp","href":"https:\/\/api.w.org\/{rel}","templated":true}]}}