{"id":20644,"date":"2026-02-18T13:17:23","date_gmt":"2026-02-18T16:17:23","guid":{"rendered":"https:\/\/sisperdesign.com\/sisperstore\/?post_type=product&#038;p=20644"},"modified":"2026-04-15T17:13:14","modified_gmt":"2026-04-15T20:13:14","slug":"cavalinho-de-balanco","status":"publish","type":"product","link":"https:\/\/sisperdesign.com\/sisperstore\/produto\/cavalinho-de-balanco\/","title":{"rendered":"Cavalinho de Balan\u00e7o"},"content":{"rendered":"<p data-start=\"418\" data-end=\"684\">O Cavalinho de Balan\u00e7o SisperDesign \u00e9 um objeto decorativo que resgata a inf\u00e2ncia por meio do design contempor\u00e2neo e da inspira\u00e7\u00e3o regional. Sua silhueta \u00e9 inspirada na nobreza e na resist\u00eancia do <strong data-start=\"615\" data-end=\"633\">Cavalo Crioulo<\/strong>, ra\u00e7a s\u00edmbolo da cultura do sul da Am\u00e9rica do Sul.<\/p>\n<p data-start=\"686\" data-end=\"917\">Com linhas suaves e propor\u00e7\u00f5es equilibradas, a pe\u00e7a traduz a ess\u00eancia do animal em uma forma minimalista e atemporal. O resultado \u00e9 um objeto que carrega identidade, tradi\u00e7\u00e3o e afeto \u2014 reinterpretados sob o olhar do design autoral.<\/p>\n<p data-start=\"919\" data-end=\"1106\">Ideal para compor estantes, mesas e ambientes criativos, o cavalinho traz presen\u00e7a visual sem excessos, dialogando tanto com espa\u00e7os infantis quanto com decora\u00e7\u00f5es modernas e conceituais.<\/p>\n<p data-start=\"1108\" data-end=\"1173\">Uma pe\u00e7a que conecta design, cultura e mem\u00f3ria em um \u00fanico gesto.<\/p>\n<p><iframe title=\"Ano do cavalo de fogo #firehorse2026 #brinquedos #conquistas\" width=\"563\" height=\"1000\" src=\"https:\/\/www.youtube.com\/embed\/-CC02Zyy6jM?feature=oembed\" frameborder=\"0\" allow=\"accelerometer; autoplay; clipboard-write; encrypted-media; gyroscope; picture-in-picture; web-share\" referrerpolicy=\"strict-origin-when-cross-origin\" allowfullscreen><\/iframe><\/p>\n<p>Design: Simone L. Sperhacke.<br \/>\nProduzido por impress\u00e3o 3D, em PLA, pl\u00e1stico biodegrad\u00e1vel de origem vegetal, livre de petr\u00f3leo.<br \/>\nAs cores podem apresentar varia\u00e7\u00f5es em fun\u00e7\u00e3o do processo produtivo. Imagens meramente ilustrativas. Pequenas varia\u00e7\u00f5es de acabamento podem ocorrer.<\/p>\n<p>SisperDesign \u2014 design para brincar, criar, imaginar e encantar.<\/p>\n","protected":false},"excerpt":{"rendered":"<p>Cavalo Crioulo decorativo com design minimalista da SisperDesign. Pe\u00e7a autoral inspirada na cultura do sul do Brasil.<\/p>\n","protected":false},"featured_media":20646,"comment_status":"closed","ping_status":"closed","template":"","meta":{"jetpack_post_was_ever_published":false,"jetpack_publicize_message":"","jetpack_publicize_feature_enabled":true,"jetpack_social_post_already_shared":true,"jetpack_social_options":{"image_generator_settings":{"template":"highway","default_image_id":0,"font":"","enabled":false},"version":2}},"product_brand":[579,593],"product_cat":[251,636,28],"product_tag":[649,650,364,651,652,656,654,653,655,658,657],"class_list":{"0":"post-20644","1":"product","2":"type-product","3":"status-publish","4":"has-post-thumbnail","6":"product_brand-sisperdesign","7":"product_brand-sisper-design","8":"product_cat-decor","9":"product_cat-bem-viver","10":"product_cat-produtos","11":"product_tag-cavalinho-de-balanco","12":"product_tag-cavalinho-decorativo","13":"product_tag-cavalo","14":"product_tag-cavalo-crioulo-decoracao","15":"product_tag-com-identidade","16":"product_tag-decoracao-ludica","17":"product_tag-decoracao-minimalista","18":"product_tag-design-autoral-brasileiro","19":"product_tag-objeto-afetivo","20":"product_tag-presente-criativo","21":"product_tag-sisper-design","23":"first","24":"instock","25":"featured","26":"shipping-taxable","27":"purchasable","28":"product-type-simple"},"jetpack_publicize_connections":[],"jetpack-related-posts":[],"jetpack_likes_enabled":true,"jetpack_sharing_enabled":true,"_links":{"self":[{"href":"https:\/\/sisperdesign.com\/sisperstore\/wp-json\/wp\/v2\/product\/20644","targetHints":{"allow":["GET"]}}],"collection":[{"href":"https:\/\/sisperdesign.com\/sisperstore\/wp-json\/wp\/v2\/product"}],"about":[{"href":"https:\/\/sisperdesign.com\/sisperstore\/wp-json\/wp\/v2\/types\/product"}],"replies":[{"embeddable":true,"href":"https:\/\/sisperdesign.com\/sisperstore\/wp-json\/wp\/v2\/comments?post=20644"}],"wp:featuredmedia":[{"embeddable":true,"href":"https:\/\/sisperdesign.com\/sisperstore\/wp-json\/wp\/v2\/media\/20646"}],"wp:attachment":[{"href":"https:\/\/sisperdesign.com\/sisperstore\/wp-json\/wp\/v2\/media?parent=20644"}],"wp:term":[{"taxonomy":"product_brand","embeddable":true,"href":"https:\/\/sisperdesign.com\/sisperstore\/wp-json\/wp\/v2\/product_brand?post=20644"},{"taxonomy":"product_cat","embeddable":true,"href":"https:\/\/sisperdesign.com\/sisperstore\/wp-json\/wp\/v2\/product_cat?post=20644"},{"taxonomy":"product_tag","embeddable":true,"href":"https:\/\/sisperdesign.com\/sisperstore\/wp-json\/wp\/v2\/product_tag?post=20644"}],"curies":[{"name":"wp","href":"https:\/\/api.w.org\/{rel}","templated":true}]}}