{"id":2236,"date":"2019-03-23T13:53:39","date_gmt":"2019-03-23T16:53:39","guid":{"rendered":"https:\/\/sisperdesign.com\/sisperstore\/?post_type=product&#038;p=2236"},"modified":"2026-01-28T06:39:04","modified_gmt":"2026-01-28T09:39:04","slug":"general-jogo","status":"publish","type":"product","link":"https:\/\/sisperdesign.com\/sisperstore\/produto\/general-jogo\/","title":{"rendered":"Cartela de General &#8211; GR\u00c1TIS!"},"content":{"rendered":"<p>General\u00a0\u00e9 um\u00a0jogo\u00a0de\u00a0dados\u00a0para dois ou mais jogadores, conhecido como\u00a0<em>Yahtzee<\/em>\u00a0em\u00a0ingl\u00eas,\u00a0franc\u00eas,\u00a0italiano\u00a0e\u00a0holand\u00eas,\u00a0<em>Yatzy<\/em>\u00a0nas\u00a0l\u00ednguas n\u00f3rdicas,\u00a0<em>Kniffel<\/em>\u00a0em\u00a0alem\u00e3o,\u00a0<em>Jamb<\/em>\u00a0em\u00a0croata,\u00a0<em>Kocakap\u00f3ker<\/em>\u00a0em\u00a0h\u00fangaro\u00a0e\u00a0\u00a0<em>Generala<\/em>\u00a0em\u00a0espanhol. No Brasil, tamb\u00e9m \u00e9 conhecido como\u00a0<em>Yam<\/em>, em fun\u00e7\u00e3o da popularidade de uma vers\u00e3o comercializada pela\u00a0Grow\u00a0nos anos 1970.<\/p>\n<p>Jogado com 5 dados de seis lados (D6 ou hexa\u00e9drico) e uma <a href=\"https:\/\/sisperdesign.com\/sisperstore\/produto\/general-jogo\/\"><strong>cartela<\/strong><\/a>\u00a0de marca\u00e7\u00e3o.<\/p>\n<p>Regras dispon\u00edveis no Blog:<\/p>\n<p><a href=\"https:\/\/sisperdesign.com\/sisperstore\/general\/?srsltid=AfmBOoqY3Nfef9fmjzmdrkyIyWAoanNGSLpqlOzsUASwuK3RCoylGajE\"><strong>Regras do General<\/strong><\/a><\/p>\n<p>Regras podem variar! Conhece alguma regra? <a href=\"https:\/\/sisperdesign.com\/sisperstore\/contato\/\">Conta pra gente!<\/a><\/p>\n","protected":false},"excerpt":{"rendered":"<p>Para marcar a pontua\u00e7\u00e3o do jogo General.<\/p>\n","protected":false},"featured_media":2241,"comment_status":"open","ping_status":"closed","template":"","meta":{"jetpack_post_was_ever_published":false,"jetpack_publicize_message":"","jetpack_publicize_feature_enabled":true,"jetpack_social_post_already_shared":false,"jetpack_social_options":{"image_generator_settings":{"template":"highway","default_image_id":0,"font":"","enabled":false},"version":2}},"product_brand":[593,579],"product_cat":[391,20],"product_tag":[336,237,235,75,275],"class_list":{"0":"post-2236","1":"product","2":"type-product","3":"status-publish","4":"has-post-thumbnail","6":"product_brand-sisper-design","7":"product_brand-sisperdesign","8":"product_cat-gratis","9":"product_cat-jogos","10":"product_tag-cartela","11":"product_tag-dados","12":"product_tag-general","13":"product_tag-jogo","14":"product_tag-marcador","16":"first","17":"instock","18":"sale","19":"downloadable","20":"virtual","21":"sold-individually","22":"purchasable","23":"product-type-simple"},"jetpack_publicize_connections":[],"jetpack-related-posts":[],"jetpack_likes_enabled":true,"jetpack_sharing_enabled":true,"_links":{"self":[{"href":"https:\/\/sisperdesign.com\/sisperstore\/wp-json\/wp\/v2\/product\/2236","targetHints":{"allow":["GET"]}}],"collection":[{"href":"https:\/\/sisperdesign.com\/sisperstore\/wp-json\/wp\/v2\/product"}],"about":[{"href":"https:\/\/sisperdesign.com\/sisperstore\/wp-json\/wp\/v2\/types\/product"}],"replies":[{"embeddable":true,"href":"https:\/\/sisperdesign.com\/sisperstore\/wp-json\/wp\/v2\/comments?post=2236"}],"wp:featuredmedia":[{"embeddable":true,"href":"https:\/\/sisperdesign.com\/sisperstore\/wp-json\/wp\/v2\/media\/2241"}],"wp:attachment":[{"href":"https:\/\/sisperdesign.com\/sisperstore\/wp-json\/wp\/v2\/media?parent=2236"}],"wp:term":[{"taxonomy":"product_brand","embeddable":true,"href":"https:\/\/sisperdesign.com\/sisperstore\/wp-json\/wp\/v2\/product_brand?post=2236"},{"taxonomy":"product_cat","embeddable":true,"href":"https:\/\/sisperdesign.com\/sisperstore\/wp-json\/wp\/v2\/product_cat?post=2236"},{"taxonomy":"product_tag","embeddable":true,"href":"https:\/\/sisperdesign.com\/sisperstore\/wp-json\/wp\/v2\/product_tag?post=2236"}],"curies":[{"name":"wp","href":"https:\/\/api.w.org\/{rel}","templated":true}]}}