{"id":2244,"date":"2019-03-31T13:16:23","date_gmt":"2019-03-31T16:16:23","guid":{"rendered":"https:\/\/sisperdesign.com\/sisperstore\/?post_type=product&#038;p=2244"},"modified":"2026-01-28T06:39:04","modified_gmt":"2026-01-28T09:39:04","slug":"sisper-cestinho-de-pascoa","status":"publish","type":"product","link":"https:\/\/sisperdesign.com\/sisperstore\/produto\/sisper-cestinho-de-pascoa\/","title":{"rendered":"Sisper Cestinho de P\u00e1scoa &#8211; GR\u00c1TIS!"},"content":{"rendered":"<p>Presente de P\u00e1scoa da <strong><a href=\"https:\/\/sisperdesign.com\/sisperstore\">SisperDesign<\/a><\/strong><\/p>\n<p>Voc\u00ea pode baixar e imprimir <strong>Sisper Cestinho de P\u00e1scoa para colorir<\/strong>\u00a0e usar a criatividade para colorir e enfeitar.<\/p>\n<p>Para o cestinho ficar mais resistente, cole em uma cartolina antes de recortar.<\/p>\n<p>Caixas de cereal tamb\u00e9m funcionam super bem!<\/p>\n<p>Fotos ilustrativas.<\/p>\n<p><strong><a href=\"http:\/\/www.sisperdesign.com\/\" target=\"_blank\" rel=\"noopener noreferrer\">Sisper Design<\/a><\/strong><br \/>\nBrincando a gente cresce !<br \/>\nDesde 2001\u2026<\/p>\n<p><strong><a href=\"https:\/\/youtu.be\/Q6o7W-r3IJo\" target=\"_blank\" rel=\"noopener\">Veja aqui como fazer!<\/a><\/strong><\/p>\n<p><a href=\"https:\/\/youtu.be\/Q6o7W-r3IJo\" target=\"_blank\" rel=\"noopener\">https:\/\/youtu.be\/Q6o7W-r3IJo<\/a><\/p>\n","protected":false},"excerpt":{"rendered":"<p>Cestinho de P\u00e1scoa para fazer e colorir!<\/p>\n<p>Gr\u00e1tis!<\/p>\n","protected":false},"featured_media":16451,"comment_status":"open","ping_status":"closed","template":"","meta":{"jetpack_post_was_ever_published":false,"jetpack_publicize_message":"","jetpack_publicize_feature_enabled":true,"jetpack_social_post_already_shared":false,"jetpack_social_options":{"image_generator_settings":{"template":"highway","default_image_id":0,"font":"","enabled":false},"version":2}},"product_brand":[593,579],"product_cat":[19,251,391,28],"product_tag":[286,284,291,290,24,288,254,23,289,292,287,285,30],"class_list":{"0":"post-2244","1":"product","2":"type-product","3":"status-publish","4":"has-post-thumbnail","6":"product_brand-sisper-design","7":"product_brand-sisperdesign","8":"product_cat-brinquedos","9":"product_cat-decor","10":"product_cat-gratis","11":"product_cat-produtos","12":"product_tag-artes","13":"product_tag-brinde","14":"product_tag-cestinho","15":"product_tag-colorir","16":"product_tag-divertido","17":"product_tag-easter","18":"product_tag-faca-voce-mesmo","19":"product_tag-gratis","20":"product_tag-ostern","21":"product_tag-papel","22":"product_tag-pascoa","23":"product_tag-print-and-play","24":"product_tag-sisperdivertido","26":"first","27":"instock","28":"sale","29":"featured","30":"downloadable","31":"virtual","32":"sold-individually","33":"purchasable","34":"product-type-simple"},"jetpack_publicize_connections":[],"jetpack-related-posts":[],"jetpack_likes_enabled":true,"jetpack_sharing_enabled":true,"_links":{"self":[{"href":"https:\/\/sisperdesign.com\/sisperstore\/wp-json\/wp\/v2\/product\/2244","targetHints":{"allow":["GET"]}}],"collection":[{"href":"https:\/\/sisperdesign.com\/sisperstore\/wp-json\/wp\/v2\/product"}],"about":[{"href":"https:\/\/sisperdesign.com\/sisperstore\/wp-json\/wp\/v2\/types\/product"}],"replies":[{"embeddable":true,"href":"https:\/\/sisperdesign.com\/sisperstore\/wp-json\/wp\/v2\/comments?post=2244"}],"wp:featuredmedia":[{"embeddable":true,"href":"https:\/\/sisperdesign.com\/sisperstore\/wp-json\/wp\/v2\/media\/16451"}],"wp:attachment":[{"href":"https:\/\/sisperdesign.com\/sisperstore\/wp-json\/wp\/v2\/media?parent=2244"}],"wp:term":[{"taxonomy":"product_brand","embeddable":true,"href":"https:\/\/sisperdesign.com\/sisperstore\/wp-json\/wp\/v2\/product_brand?post=2244"},{"taxonomy":"product_cat","embeddable":true,"href":"https:\/\/sisperdesign.com\/sisperstore\/wp-json\/wp\/v2\/product_cat?post=2244"},{"taxonomy":"product_tag","embeddable":true,"href":"https:\/\/sisperdesign.com\/sisperstore\/wp-json\/wp\/v2\/product_tag?post=2244"}],"curies":[{"name":"wp","href":"https:\/\/api.w.org\/{rel}","templated":true}]}}