{"id":2255,"date":"2019-04-01T10:59:08","date_gmt":"2019-04-01T13:59:08","guid":{"rendered":"https:\/\/sisperdesign.com\/sisperstore\/?post_type=product&#038;p=2255"},"modified":"2026-01-28T06:39:04","modified_gmt":"2026-01-28T09:39:04","slug":"batalha-naval-gratis","status":"publish","type":"product","link":"https:\/\/sisperdesign.com\/sisperstore\/produto\/batalha-naval-gratis\/","title":{"rendered":"Batalha Naval &#8211; GR\u00c1TIS!"},"content":{"rendered":"<p>Jogar Batalha Naval \u00e9 muito divertido, \u00f3timo para jogar em viagens ou em dias de chuva.<\/p>\n<p>S\u00e3o dois jogadores, precisa-se de l\u00e1pis ou caneta (um para cada jogador) e do jogo em papel que voc\u00ea baixa e imprime aqui!<\/p>\n<p>E \u00e9 gr\u00e1tis!<\/p>\n<p>veja como jogar no <a href=\"https:\/\/sisperdesign.com\/sisperstore\/jogo-de-batalha-naval\/\"><strong>Blog SisperDivertido<\/strong><\/a><\/p>\n","protected":false},"excerpt":{"rendered":"<p>Baixe, impria e se divirta com o jogo de Batalha Naval!<\/p>\n","protected":false},"featured_media":1708,"comment_status":"open","ping_status":"closed","template":"","meta":{"jetpack_post_was_ever_published":false,"jetpack_publicize_message":"","jetpack_publicize_feature_enabled":true,"jetpack_social_post_already_shared":false,"jetpack_social_options":{"image_generator_settings":{"template":"highway","default_image_id":0,"font":"","enabled":false},"version":2}},"product_brand":[593,579],"product_cat":[19,391,20],"product_tag":[298,284,23,75,285,31,30],"class_list":{"0":"post-2255","1":"product","2":"type-product","3":"status-publish","4":"has-post-thumbnail","6":"product_brand-sisper-design","7":"product_brand-sisperdesign","8":"product_cat-brinquedos","9":"product_cat-gratis","10":"product_cat-jogos","11":"product_tag-batalha-naval","12":"product_tag-brinde","13":"product_tag-gratis","14":"product_tag-jogo","15":"product_tag-print-and-play","16":"product_tag-sisperdesign","17":"product_tag-sisperdivertido","19":"first","20":"instock","21":"sale","22":"downloadable","23":"virtual","24":"purchasable","25":"product-type-simple"},"jetpack_publicize_connections":[],"jetpack-related-posts":[],"jetpack_likes_enabled":true,"jetpack_sharing_enabled":true,"_links":{"self":[{"href":"https:\/\/sisperdesign.com\/sisperstore\/wp-json\/wp\/v2\/product\/2255","targetHints":{"allow":["GET"]}}],"collection":[{"href":"https:\/\/sisperdesign.com\/sisperstore\/wp-json\/wp\/v2\/product"}],"about":[{"href":"https:\/\/sisperdesign.com\/sisperstore\/wp-json\/wp\/v2\/types\/product"}],"replies":[{"embeddable":true,"href":"https:\/\/sisperdesign.com\/sisperstore\/wp-json\/wp\/v2\/comments?post=2255"}],"wp:featuredmedia":[{"embeddable":true,"href":"https:\/\/sisperdesign.com\/sisperstore\/wp-json\/wp\/v2\/media\/1708"}],"wp:attachment":[{"href":"https:\/\/sisperdesign.com\/sisperstore\/wp-json\/wp\/v2\/media?parent=2255"}],"wp:term":[{"taxonomy":"product_brand","embeddable":true,"href":"https:\/\/sisperdesign.com\/sisperstore\/wp-json\/wp\/v2\/product_brand?post=2255"},{"taxonomy":"product_cat","embeddable":true,"href":"https:\/\/sisperdesign.com\/sisperstore\/wp-json\/wp\/v2\/product_cat?post=2255"},{"taxonomy":"product_tag","embeddable":true,"href":"https:\/\/sisperdesign.com\/sisperstore\/wp-json\/wp\/v2\/product_tag?post=2255"}],"curies":[{"name":"wp","href":"https:\/\/api.w.org\/{rel}","templated":true}]}}