{"id":2287,"date":"2019-05-20T11:37:19","date_gmt":"2019-05-20T14:37:19","guid":{"rendered":"https:\/\/sisperdesign.com\/sisperstore\/?post_type=product&#038;p=2287"},"modified":"2026-05-04T11:18:33","modified_gmt":"2026-05-04T14:18:33","slug":"cavalinho-de-rodas","status":"publish","type":"product","link":"https:\/\/sisperdesign.com\/sisperstore\/produto\/cavalinho-de-rodas\/","title":{"rendered":"Cavalinho de Rodas"},"content":{"rendered":"<p>Inspirado na ra\u00e7a de cavalo crioulo (t\u00edpico cavalo ga\u00facho), o cavalinho de rodas<span style=\"font-family: Roboto, sans-serif; font-size: 17px; font-style: normal; font-weight: 400; letter-spacing: normal; text-align: start; text-indent: 0px; text-transform: none; text-decoration: none; display: inline !important; float: none;\"> \u00e9 f\u00e1cil de manusear com rodas girat\u00f3rias que incentivam o desenvolvimento de habilidades motoras finas e amplas.<\/span><\/p>\n<p><strong>Vamos brincar e aprender juntos?<\/strong><\/p>\n<p>Indicado para +18 meses<br \/>\nDesign by Simone L. Sperhacke<br \/>\nFeito por impress\u00e3o 3D, em PLA (biopl\u00e1stico, sem petr\u00f3leo)<br \/>\nCores podem variar. Imagens ilustrativas.<br \/>\nProduto certificado de acordo com numero registro 007826\/2024 \u2013 Certificadora BRICS OCP 0098.<\/p>\n<p>&nbsp;<\/p>\n","protected":false},"excerpt":{"rendered":"<p>Para brincar ou enfeitar!<\/p>\n<p>Inspirado no Cavalo Crioulo, com rodas girat\u00f3rias que desenvolvem habilidades motoras enquanto a crian\u00e7a brinca.<\/p>\n","protected":false},"featured_media":17669,"comment_status":"open","ping_status":"closed","template":"","meta":{"jetpack_publicize_message":"","jetpack_publicize_feature_enabled":true,"jetpack_social_post_already_shared":false,"jetpack_social_options":{"image_generator_settings":{"template":"highway","default_image_id":0,"font":"","enabled":false},"version":2}},"product_brand":[593,579],"product_cat":[608,19,28],"product_tag":[337,651,338,339],"class_list":{"0":"post-2287","1":"product","2":"type-product","3":"status-publish","4":"has-post-thumbnail","6":"product_brand-sisper-design","7":"product_brand-sisperdesign","8":"product_cat-18m","9":"product_cat-brinquedos","10":"product_cat-produtos","11":"product_tag-brinquedos-cavalinho","12":"product_tag-cavalo-crioulo-decoracao","13":"product_tag-rodas","14":"product_tag-toys","16":"first","17":"onbackorder","18":"shipping-taxable","19":"purchasable","20":"product-type-simple"},"jetpack_publicize_connections":[],"jetpack-related-posts":[],"jetpack_likes_enabled":true,"jetpack_sharing_enabled":true,"_links":{"self":[{"href":"https:\/\/sisperdesign.com\/sisperstore\/wp-json\/wp\/v2\/product\/2287","targetHints":{"allow":["GET"]}}],"collection":[{"href":"https:\/\/sisperdesign.com\/sisperstore\/wp-json\/wp\/v2\/product"}],"about":[{"href":"https:\/\/sisperdesign.com\/sisperstore\/wp-json\/wp\/v2\/types\/product"}],"replies":[{"embeddable":true,"href":"https:\/\/sisperdesign.com\/sisperstore\/wp-json\/wp\/v2\/comments?post=2287"}],"wp:featuredmedia":[{"embeddable":true,"href":"https:\/\/sisperdesign.com\/sisperstore\/wp-json\/wp\/v2\/media\/17669"}],"wp:attachment":[{"href":"https:\/\/sisperdesign.com\/sisperstore\/wp-json\/wp\/v2\/media?parent=2287"}],"wp:term":[{"taxonomy":"product_brand","embeddable":true,"href":"https:\/\/sisperdesign.com\/sisperstore\/wp-json\/wp\/v2\/product_brand?post=2287"},{"taxonomy":"product_cat","embeddable":true,"href":"https:\/\/sisperdesign.com\/sisperstore\/wp-json\/wp\/v2\/product_cat?post=2287"},{"taxonomy":"product_tag","embeddable":true,"href":"https:\/\/sisperdesign.com\/sisperstore\/wp-json\/wp\/v2\/product_tag?post=2287"}],"curies":[{"name":"wp","href":"https:\/\/api.w.org\/{rel}","templated":true}]}}