{"id":404,"date":"2017-08-01T20:46:58","date_gmt":"2017-08-01T23:46:58","guid":{"rendered":"https:\/\/sisperdesign.com\/sisperstore\/?post_type=product&#038;p=404"},"modified":"2026-05-04T11:18:32","modified_gmt":"2026-05-04T14:18:32","slug":"tangram","status":"publish","type":"product","link":"https:\/\/sisperdesign.com\/sisperstore\/produto\/tangram\/","title":{"rendered":"Tangram Educativo \u2013 Formas Geom\u00e9tricas | SisperDesign"},"content":{"rendered":"<p>Tangram \u00e9 um quebra-cabe\u00e7a chin\u00eas formado por 7 pe\u00e7as, impresso em PLA.<\/p>\n<p>Desafio perfeito para pessoas inteligentes, curiosas e criativas!<\/p>\n<p>PRESENTES PORT\u00c1TEIS: Brinquedos maravilhosos para crian\u00e7as, cores atraentes e tamanho adequado para a m\u00e3o da crian\u00e7a, f\u00e1ceis de transportar quando viajam e perfeitos como presentes de anivers\u00e1rio, presentes infantis, lembran\u00e7as de Natal etc.<\/p>\n<p>ECOL\u00d3GICO: feito por impress\u00e3o 3D em PLA (biodegrad\u00e1vel), feito no Brasil.<br \/>\nAMIGOS DOS PAIS: Embora tenham sido projetados para crian\u00e7as com 36 meses ou mais, esse tipo de brinquedo ainda pode ser um brinquedo de entretenimento para todas as idades. Os pais\/tutores podem aprender a jogar e participar do jogo.<\/p>\n<p>Indicado para +6 anos<br \/>\nDesign: Simone L. Sperhacke.<br \/>\nProduzido por impress\u00e3o 3D, em PLA, pl\u00e1stico biodegrad\u00e1vel de origem vegetal, livre de petr\u00f3leo.<br \/>\nAs cores podem apresentar varia\u00e7\u00f5es. Imagens ilustrativas. Pequenas varia\u00e7\u00f5es podem ocorrer.<br \/>\nProduto certificado de acordo com numero registro 007835\/2024 \u2013 Certificadora BRICS OCP 0098.<\/p>\n<p>Veja algumas figuras que podem ser feitas com tangram:<\/p>\n<p><iframe title=\"TANGRAM ! Veja algumas figuras! #tangram #brinquedos #sustentabilidade\" width=\"563\" height=\"1000\" src=\"https:\/\/www.youtube.com\/embed\/qXJYTl-MXZI?feature=oembed\" frameborder=\"0\" allow=\"accelerometer; autoplay; clipboard-write; encrypted-media; gyroscope; picture-in-picture; web-share\" referrerpolicy=\"strict-origin-when-cross-origin\" allowfullscreen><\/iframe><\/p>\n<p>&nbsp;<\/p>\n","protected":false},"excerpt":{"rendered":"<p>Tangram educativo da SisperDesign com pe\u00e7as geom\u00e9tricas para criar diversas figuras, desenvolvendo racioc\u00ednio l\u00f3gico, criatividade e concentra\u00e7\u00e3o de forma l\u00fadica.<\/p>\n","protected":false},"featured_media":20605,"comment_status":"open","ping_status":"closed","template":"","meta":{"jetpack_post_was_ever_published":false,"jetpack_publicize_message":"","jetpack_publicize_feature_enabled":true,"jetpack_social_post_already_shared":false,"jetpack_social_options":{"image_generator_settings":{"template":"highway","default_image_id":0,"font":"","enabled":false},"version":2}},"product_brand":[593,579],"product_cat":[20,19,28],"product_tag":[345,359,347,27,75,31,358],"class_list":{"0":"post-404","1":"product","2":"type-product","3":"status-publish","4":"has-post-thumbnail","6":"product_brand-sisper-design","7":"product_brand-sisperdesign","8":"product_cat-jogos","9":"product_cat-brinquedos","10":"product_cat-produtos","11":"product_tag-brinquedos","12":"product_tag-criatividade","13":"product_tag-educativo","14":"product_tag-impresso-3d","15":"product_tag-jogo","16":"product_tag-sisperdesign","17":"product_tag-tangram","19":"first","20":"instock","21":"shipping-taxable","22":"purchasable","23":"product-type-simple"},"jetpack_publicize_connections":[],"jetpack-related-posts":[],"jetpack_likes_enabled":true,"jetpack_sharing_enabled":true,"_links":{"self":[{"href":"https:\/\/sisperdesign.com\/sisperstore\/wp-json\/wp\/v2\/product\/404","targetHints":{"allow":["GET"]}}],"collection":[{"href":"https:\/\/sisperdesign.com\/sisperstore\/wp-json\/wp\/v2\/product"}],"about":[{"href":"https:\/\/sisperdesign.com\/sisperstore\/wp-json\/wp\/v2\/types\/product"}],"replies":[{"embeddable":true,"href":"https:\/\/sisperdesign.com\/sisperstore\/wp-json\/wp\/v2\/comments?post=404"}],"wp:featuredmedia":[{"embeddable":true,"href":"https:\/\/sisperdesign.com\/sisperstore\/wp-json\/wp\/v2\/media\/20605"}],"wp:attachment":[{"href":"https:\/\/sisperdesign.com\/sisperstore\/wp-json\/wp\/v2\/media?parent=404"}],"wp:term":[{"taxonomy":"product_brand","embeddable":true,"href":"https:\/\/sisperdesign.com\/sisperstore\/wp-json\/wp\/v2\/product_brand?post=404"},{"taxonomy":"product_cat","embeddable":true,"href":"https:\/\/sisperdesign.com\/sisperstore\/wp-json\/wp\/v2\/product_cat?post=404"},{"taxonomy":"product_tag","embeddable":true,"href":"https:\/\/sisperdesign.com\/sisperstore\/wp-json\/wp\/v2\/product_tag?post=404"}],"curies":[{"name":"wp","href":"https:\/\/api.w.org\/{rel}","templated":true}]}}