{"id":5213,"date":"2019-09-26T11:49:36","date_gmt":"2019-09-26T14:49:36","guid":{"rendered":"https:\/\/sisperdesign.com\/sisperstore\/?post_type=product&#038;p=5213"},"modified":"2026-04-06T10:36:24","modified_gmt":"2026-04-06T13:36:24","slug":"desafios-soma-cubo-gratis","status":"publish","type":"product","link":"https:\/\/sisperdesign.com\/sisperstore\/produto\/desafios-soma-cubo-gratis\/","title":{"rendered":"Desafios Soma Cubos &#8211; GR\u00c1TIS"},"content":{"rendered":"<p data-start=\"116\" data-end=\"147\"><strong data-start=\"116\" data-end=\"145\">Soma Cubos \u2013 SisperDesign<\/strong><\/p>\n<p data-start=\"149\" data-end=\"424\">O <strong data-start=\"151\" data-end=\"165\">Soma Cubos<\/strong> \u00e9 um famoso quebra-cabe\u00e7a inventado pelo dinamarqu\u00eas Piet Hein, um cientista, designer, poeta e artista renomado. Ele \u00e9 composto por 7 pe\u00e7as: uma delas formada por 3 cubos, e as demais por 4 cubos cada. Todas juntas permitem montar um grande cubo perfeito.<\/p>\n<p data-start=\"426\" data-end=\"662\">O objetivo principal \u00e9 justamente reconstruir esse cubo. Mas n\u00e3o para por a\u00ed: com as pe\u00e7as tamb\u00e9m \u00e9 poss\u00edvel formar diversas figuras interessantes e criativas. Existem <strong data-start=\"594\" data-end=\"621\">240 solu\u00e7\u00f5es diferentes<\/strong> (sem contar rota\u00e7\u00f5es e espelhamentos)!<\/p>\n<p data-start=\"664\" data-end=\"800\"><span data-start=\"667\" data-end=\"683\">*<\/span><strong data-start=\"667\" data-end=\"683\">Curiosidade:<\/strong> Piet Hein criou o quebra-cabe\u00e7a enquanto estudava teoria da estrutura espacial em palestras sobre f\u00edsica qu\u00e2ntica.<\/p>\n<p data-start=\"802\" data-end=\"1035\">Desde ent\u00e3o, os <strong data-start=\"818\" data-end=\"833\">27 cubinhos<\/strong> conquistaram o mundo, tornando-se n\u00e3o apenas um passatempo envolvente, mas tamb\u00e9m um desafio intelectual presente em competi\u00e7\u00f5es, onde a velocidade e a criatividade na montagem s\u00e3o colocadas \u00e0 prova.<\/p>\n<p data-start=\"1037\" data-end=\"1313\">Psic\u00f3logos apontam uma rela\u00e7\u00e3o direta entre o desempenho nesse quebra-cabe\u00e7a e a capacidade de percep\u00e7\u00e3o espacial e racioc\u00ednio l\u00f3gico. Al\u00e9m disso, o <strong data-start=\"1186\" data-end=\"1200\">Soma Cubos<\/strong> estimula a imagina\u00e7\u00e3o, a intui\u00e7\u00e3o, o pensamento geom\u00e9trico, a criatividade e at\u00e9 mesmo prefer\u00eancias de design.<\/p>\n<p data-start=\"1315\" data-end=\"1559\">No in\u00edcio, montar as figuras exige paci\u00eancia e esfor\u00e7o intelectual. Mas, ao compreender os princ\u00edpios b\u00e1sicos, voc\u00ea logo conseguir\u00e1 criar formas como uma \u201cpir\u00e2mide\u201d, um \u201ccachorro\u201d ou at\u00e9 um \u201carranha-c\u00e9u\u201d \u2014 al\u00e9m de inventar constru\u00e7\u00f5es \u00fanicas.<\/p>\n<p data-start=\"1561\" data-end=\"1639\">*Uma excelente forma de desenvolver <strong data-start=\"1599\" data-end=\"1636\">concentra\u00e7\u00e3o, foco e criatividade<\/strong>.<\/p>\n<p data-start=\"1641\" data-end=\"1660\">Bora se divertir?<\/p>\n<p><strong><a href=\"https:\/\/sisperdesign.com\/sisperstore\/produto\/soma\/\">Compre o Soma Cubo aqui<\/a><\/strong><\/p>\n<p><a href=\"https:\/\/sisperdesign.com\/sisperstore\/produto\/soma-cubo\/\"><img decoding=\"async\" class=\"alignnone size-medium wp-image-908 lazyload\" data-src=\"https:\/\/sisperdesign.com\/sisperstore\/wp-content\/uploads\/2018\/06\/IMG_7474-e1530277059647-300x300.jpg\" alt=\"\" width=\"300\" height=\"300\" src=\"data:image\/svg+xml;base64,PHN2ZyB3aWR0aD0iMSIgaGVpZ2h0PSIxIiB4bWxucz0iaHR0cDovL3d3dy53My5vcmcvMjAwMC9zdmciPjwvc3ZnPg==\" style=\"--smush-placeholder-width: 300px; --smush-placeholder-aspect-ratio: 300\/300;\" \/><\/a><\/p>\n","protected":false},"excerpt":{"rendered":"<p>Aqui est\u00e3o 36 desafios para realizar com o seu Sisper Soma Cubos!<\/p>\n","protected":false},"featured_media":5378,"comment_status":"open","ping_status":"closed","template":"","meta":{"jetpack_post_was_ever_published":false,"jetpack_publicize_message":"","jetpack_publicize_feature_enabled":true,"jetpack_social_post_already_shared":false,"jetpack_social_options":{"image_generator_settings":{"template":"highway","default_image_id":0,"font":"","enabled":false},"version":2}},"product_brand":[593,579],"product_cat":[19,391,20,28],"product_tag":[329,331,157,330,328,327,626,627,332],"class_list":{"0":"post-5213","1":"product","2":"type-product","3":"status-publish","4":"has-post-thumbnail","6":"product_brand-sisper-design","7":"product_brand-sisperdesign","8":"product_cat-brinquedos","9":"product_cat-gratis","10":"product_cat-jogos","11":"product_cat-produtos","12":"product_tag-desafios","13":"product_tag-modelos","14":"product_tag-puzzle","15":"product_tag-quebra-cabecas","16":"product_tag-soma-cube","17":"product_tag-soma-cubo","18":"product_tag-soma-cubos","19":"product_tag-somacubos","20":"product_tag-template","22":"first","23":"instock","24":"sale","25":"downloadable","26":"virtual","27":"sold-individually","28":"purchasable","29":"product-type-simple"},"jetpack_publicize_connections":[],"jetpack-related-posts":[],"jetpack_likes_enabled":true,"jetpack_sharing_enabled":true,"_links":{"self":[{"href":"https:\/\/sisperdesign.com\/sisperstore\/wp-json\/wp\/v2\/product\/5213","targetHints":{"allow":["GET"]}}],"collection":[{"href":"https:\/\/sisperdesign.com\/sisperstore\/wp-json\/wp\/v2\/product"}],"about":[{"href":"https:\/\/sisperdesign.com\/sisperstore\/wp-json\/wp\/v2\/types\/product"}],"replies":[{"embeddable":true,"href":"https:\/\/sisperdesign.com\/sisperstore\/wp-json\/wp\/v2\/comments?post=5213"}],"wp:featuredmedia":[{"embeddable":true,"href":"https:\/\/sisperdesign.com\/sisperstore\/wp-json\/wp\/v2\/media\/5378"}],"wp:attachment":[{"href":"https:\/\/sisperdesign.com\/sisperstore\/wp-json\/wp\/v2\/media?parent=5213"}],"wp:term":[{"taxonomy":"product_brand","embeddable":true,"href":"https:\/\/sisperdesign.com\/sisperstore\/wp-json\/wp\/v2\/product_brand?post=5213"},{"taxonomy":"product_cat","embeddable":true,"href":"https:\/\/sisperdesign.com\/sisperstore\/wp-json\/wp\/v2\/product_cat?post=5213"},{"taxonomy":"product_tag","embeddable":true,"href":"https:\/\/sisperdesign.com\/sisperstore\/wp-json\/wp\/v2\/product_tag?post=5213"}],"curies":[{"name":"wp","href":"https:\/\/api.w.org\/{rel}","templated":true}]}}